{"id":10898,"date":"2025-10-15T00:22:06","date_gmt":"2025-10-14T21:22:06","guid":{"rendered":"https:\/\/nextglow.lt\/?post_type=product&#038;p=10898"},"modified":"2025-10-15T00:22:06","modified_gmt":"2025-10-14T21:22:06","slug":"balmain-hair-sausasis-sampunas-dry-shampoo","status":"publish","type":"product","link":"https:\/\/nextglow.lt\/en\/produktas\/balmain-hair-sausasis-sampunas-dry-shampoo\/","title":{"rendered":"BALMAIN HAIR sausasis \u0161amp\u016bnas \/ Dry Shampoo"},"content":{"rendered":"<p>Akimirksniu gaivinantis sauso valymo pur\u0161kiklis. Sausas \u0161amp\u016bnas sugeria aliej\u0173 ir riebal\u0173 pertekli\u0173, pakelia plaukus nuo \u0161akn\u0173 ir suteikia apimties. Sukuria matin\u0117s tekst\u016bros, pilnos apimties plaukus.<\/p>\n<p>-Atgaivina plaukus<br \/>\n-Sugeria riebalus ir valo galvos od\u0105<br \/>\n-Praturtintas firminiu Balmain Hair aromatu<\/p>\n<p><em><strong>Naudojimas:<\/strong><\/em><\/p>\n<p>Prie\u0161 naudojim\u0105 gerai suplakti. Tolygiai purk\u0161kite tarp plauk\u0173 sluoksni\u0173 20-30 cm atstumu nuo galvos. Leiskite i\u0161d\u017ei\u016bti, paskirstykite pir\u0161tais ir i\u0161\u0161ukuokite sauso \u0161amp\u016bno pertekli\u0173 i\u0161 plauk\u0173.<\/p>\n<p><em><strong>Rekomenduojame:<\/strong><\/em> naudokite kaip stilizavimo priemon\u0119, kad sukurtum\u0117te matin\u0119, tekst\u016bruot\u0105 ir apimties suteikian\u010di\u0105 \u0161ukuosen\u0105.<\/p>\n<p><strong><i>Ingredientai:\u00a0<\/i><\/strong><i><em>Butane, Isobutane, Alcohol Denat, Propane, Solanum Tuberosum (potato) Starch, Aluminium Starch octenylsuccinate, Aqua, cocotrimonium Methosulfate, Hydrated Silica, Benzophenone-4, Perfume.<\/em><\/i><\/p>\n","protected":false},"excerpt":{"rendered":"<p><strong>Balmain Hair Couture<\/strong> sausas \u0161amp\u016bnas yra specialiai sukurtas akimirksniu atgaivinti susiriebalavusius, ne\u0161varius plaukus. \u0160is daugiafunkcis produktas, praturtintas i\u0161skirtiniu argano eliksyro ir \u0161ilko baltym\u0173 mi\u0161iniu, valo plaukus, tuo pa\u010diu didindamas apimt\u012f. Valomasis pur\u0161kiklis sugeria ne\u0161varumus, suteikdamas k\u0105 tik i\u0161plaut\u0173 plauk\u0173 poj\u016bt\u012f. Lengva formul\u0117 pakelia plaukus nuo \u0161akn\u0173. Signature Fragrance praturtinta formul\u0117 pa\u0161alina nepageidaujamus kvapus ir suteikia plaukams subtil\u0173, gaiv\u0173 kvap\u0105.<\/p>\n","protected":false},"featured_media":10901,"comment_status":"open","ping_status":"closed","template":"","meta":[],"product_cat":[268,76],"product_tag":[],"class_list":{"0":"post-10898","1":"product","2":"type-product","3":"status-publish","4":"has-post-thumbnail","6":"product_cat-balmain-hair","7":"product_cat-plaukams-sampunas","9":"first","10":"instock","11":"shipping-taxable","12":"purchasable","13":"product-type-variable"},"_links":{"self":[{"href":"https:\/\/nextglow.lt\/en\/wp-json\/wp\/v2\/product\/10898","targetHints":{"allow":["GET"]}}],"collection":[{"href":"https:\/\/nextglow.lt\/en\/wp-json\/wp\/v2\/product"}],"about":[{"href":"https:\/\/nextglow.lt\/en\/wp-json\/wp\/v2\/types\/product"}],"replies":[{"embeddable":true,"href":"https:\/\/nextglow.lt\/en\/wp-json\/wp\/v2\/comments?post=10898"}],"wp:featuredmedia":[{"embeddable":true,"href":"https:\/\/nextglow.lt\/en\/wp-json\/wp\/v2\/media\/10901"}],"wp:attachment":[{"href":"https:\/\/nextglow.lt\/en\/wp-json\/wp\/v2\/media?parent=10898"}],"wp:term":[{"taxonomy":"product_cat","embeddable":true,"href":"https:\/\/nextglow.lt\/en\/wp-json\/wp\/v2\/product_cat?post=10898"},{"taxonomy":"product_tag","embeddable":true,"href":"https:\/\/nextglow.lt\/en\/wp-json\/wp\/v2\/product_tag?post=10898"}],"curies":[{"name":"wp","href":"https:\/\/api.w.org\/{rel}","templated":true}]}}