{"id":10905,"date":"2025-10-15T00:25:55","date_gmt":"2025-10-14T21:25:55","guid":{"rendered":"https:\/\/nextglow.lt\/?post_type=product&#038;p=10905"},"modified":"2025-10-15T00:25:55","modified_gmt":"2025-10-14T21:25:55","slug":"balmain-hair-sampunas-plaukams-su-priaugintais-plaukais-professional-aftercare-shampoo-250-ml","status":"publish","type":"product","link":"https:\/\/nextglow.lt\/en\/produktas\/balmain-hair-sampunas-plaukams-su-priaugintais-plaukais-professional-aftercare-shampoo-250-ml\/","title":{"rendered":"BALMAIN HAIR \u0161amp\u016bnas plaukams su priaugintais plaukais \/ Professional Aftercare Shampoo 250 ml"},"content":{"rendered":"<p><em><strong>Naudojimas:<\/strong><\/em>\u00a0U\u017etepkite ant dr\u0117gn\u0173 plauk\u0173, \u0161velniai \u012fmasa\u017euokite ir kruop\u0161\u010diai i\u0161skalaukite.<\/p>\n<div id=\"tab-description\" class=\"woocommerce-Tabs-panel woocommerce-Tabs-panel--description panel entry-content active\" role=\"tabpanel\" aria-labelledby=\"tab-title-description\">\n<p><em><strong><i>Ingredientai:\u00a0<\/i><\/strong>Aqua, ammonium laureth sulfate, coca\u2013mido\u2013pro-pyl betaine, sodium lauroampho-acetate, coca-mide mea, -dimethicone, ammonium lauryl sulfate, glycol -distearate, -sodium -chloride, polyquaternium-10, dmdm -hydantoin, di-sodium edta, parfum, palmitamidopropyltrimonium -chlo-ride, citric acid, -propylene -glycol, hexyl cinnamal, linalool, limonene.<\/em><\/p>\n<\/div>\n<div id=\"tab-reviews\" class=\"woocommerce-Tabs-panel woocommerce-Tabs-panel--reviews panel entry-content\" role=\"tabpanel\" aria-labelledby=\"tab-title-reviews\">\n<div id=\"reviews\" class=\"woocommerce-Reviews row\">\n<div id=\"comments\" class=\"col large-12\">\n<h3 class=\"woocommerce-Reviews-title normal\"><\/h3>\n<\/div>\n<\/div>\n<\/div>\n","protected":false},"excerpt":{"rendered":"<p>Norint, kad priauginti ir nat\u016bral\u016bs plaukai b\u016bt\u0173 puikios b\u016bkl\u0117s, labai svarbu naudoti profesionalias plauk\u0173 prie\u017ei\u016bros priemones. Balmain Hair \u0161amp\u016bnas priaugintiems plaukams yra specialiai sukurtas nat\u016brali\u0173 plauk\u0173 ir priauginam\u0173 plauk\u0173 prie\u017ei\u016brai. Plauk\u0173 neapsunkinantis, dr\u0117kinantis ir valantis \u0161amp\u016bnas atgaivina plaukus, i\u0161saugo plauk\u0173 spalv\u0105 ir akimirksniu suteikia blizgesio.<br \/>\n\u0160velnus dr\u0117kinantis valiklis, praturtintas keratinu ir argano aliejumi. Maitina, dr\u0117kina ir suteikia ilgalaik\u012f \u017evilges\u012f bei spindes\u012f. \u0160amp\u016bnas pailgina priauginam\u0173 plauk\u0173 tarnavimo laik\u0105 ir pagerina j\u0173 savybes, tod\u0117l yra nepakei\u010diama kasdienin\u0117s plauk\u0173 prie\u017ei\u016bros po plauk\u0173 priauginimo dalis.<\/p>\n<p>\u2013 Kasdienis \u0161amp\u016bnas priaugintiems plaukams<br \/>\n\u2013 I\u0161saugo plauk\u0173 spalv\u0105<br \/>\n\u2013 Patvirtina Balmain Hair 6 m\u0117nesi\u0173 kokyb\u0117s garantij\u0105 visiems Human Hair plaukams.<\/p>\n","protected":false},"featured_media":10910,"comment_status":"open","ping_status":"closed","template":"","meta":[],"product_cat":[268,76],"product_tag":[],"class_list":{"0":"post-10905","1":"product","2":"type-product","3":"status-publish","4":"has-post-thumbnail","6":"product_cat-balmain-hair","7":"product_cat-plaukams-sampunas","9":"first","10":"instock","11":"shipping-taxable","12":"purchasable","13":"product-type-simple"},"_links":{"self":[{"href":"https:\/\/nextglow.lt\/en\/wp-json\/wp\/v2\/product\/10905","targetHints":{"allow":["GET"]}}],"collection":[{"href":"https:\/\/nextglow.lt\/en\/wp-json\/wp\/v2\/product"}],"about":[{"href":"https:\/\/nextglow.lt\/en\/wp-json\/wp\/v2\/types\/product"}],"replies":[{"embeddable":true,"href":"https:\/\/nextglow.lt\/en\/wp-json\/wp\/v2\/comments?post=10905"}],"wp:featuredmedia":[{"embeddable":true,"href":"https:\/\/nextglow.lt\/en\/wp-json\/wp\/v2\/media\/10910"}],"wp:attachment":[{"href":"https:\/\/nextglow.lt\/en\/wp-json\/wp\/v2\/media?parent=10905"}],"wp:term":[{"taxonomy":"product_cat","embeddable":true,"href":"https:\/\/nextglow.lt\/en\/wp-json\/wp\/v2\/product_cat?post=10905"},{"taxonomy":"product_tag","embeddable":true,"href":"https:\/\/nextglow.lt\/en\/wp-json\/wp\/v2\/product_tag?post=10905"}],"curies":[{"name":"wp","href":"https:\/\/api.w.org\/{rel}","templated":true}]}}