{"id":10932,"date":"2025-10-15T20:19:21","date_gmt":"2025-10-15T17:19:21","guid":{"rendered":"https:\/\/nextglow.lt\/?post_type=product&#038;p=10932"},"modified":"2025-10-15T20:22:14","modified_gmt":"2025-10-15T17:22:14","slug":"balmain-hair-tonuojanti-kauke-plaukams-copper-150ml-illuminating-copper-hair-mask-150ml","status":"publish","type":"product","link":"https:\/\/nextglow.lt\/en\/produktas\/balmain-hair-tonuojanti-kauke-plaukams-copper-150ml-illuminating-copper-hair-mask-150ml\/","title":{"rendered":"BALMAIN HAIR tonuojanti kauk\u0117 plaukams Copper 150ml \/ Illuminating Copper Hair Mask 150ml"},"content":{"rendered":"<p>Suteikite plaukams gyvybingumo ir \u017evilgesio su \u0161ia nuostabia Copper plauk\u0173 kauke.<br \/>\n\u0160i tonuojanti plauk\u0173 kauk\u0117 yra sukurta i\u0161 profesionaliai atrinkt\u0173 aktyvi\u0173 ingredient\u0173, ikurie sukuria gra\u017eius \u0161iltus vario tonus nat\u016braliuose ar da\u017eytuose plaukuose, u\u017etikrinant salono kokyb\u0119 ir rezultatus.<br \/>\nPraturtinta gintaro r\u016bg\u0161timi ir komponentais, atkurian\u010diais plauk\u0173 molekulin\u0119 strukt\u016br\u0105, \u0161i giliai dr\u0117kinanti ir maitinanti plauk\u0173 kauk\u0117 \u012fsiskverbia giliai \u012f plauko strukt\u016br\u0105, atkuria ir stiprina j\u0105 i\u0161 vidaus, padidindama ilgalaik\u012f plauko patvarum\u0105. Intensyvus dr\u0117kinimas atkuria dr\u0117gm\u0117s lyg\u012f sausuose ir pa\u017eeistuose plaukuose, tod\u0117l plaukai tampa \u0161veln\u016bs, glotn\u016bs ir \u017evilgantys.<br \/>\n\u0160i tonuojanti plauk\u0173 kauk\u0117, sukurta tiek \u0161viesintiems, tiek da\u017eytiems plaukams, suteikia SPA kokyb\u0117s prie\u017ei\u016br\u0105, padidina blizges\u012f ir i\u0161saugo sodrius, \u0161iltus tonus.<br \/>\nM\u0117gaukit\u0117s rezultatais, kurie i\u0161lieka iki 8 plovim\u0173, suteikdami plaukams ilgesn\u012f gyvybingum\u0105, dr\u0117kinim\u0105 ir atstatym\u0105.<br \/>\nSukurkite plaukus, kurie atrodo ir jau\u010diasi tokie pat gaiv\u016bs kaip po profesionalios prie\u017ei\u016bros.<\/p>\n<p>Plauk\u0173 paruo\u0161imas ir atsargumo priemon\u0117s:<br \/>\n\u2013 Prie\u0161 kauk\u0119 nebalinkite plauk\u0173, nes tai gali pakeisti spalv\u0105.<br \/>\n\u2013 Tepimo ir paskirstymo metu rekomenduojama m\u016bv\u0117ti pir\u0161tines.<\/p>\n<p><strong>Naudojimas:<\/strong><br \/>\n1. Plaukus ir galvos od\u0105 i\u0161plaukite su Balmain Hair Couleurs Couture \u0161amp\u016bnu. Kruop\u0161\u010diai i\u0161skalaukite nusausinkite.<br \/>\n2. \u0160ukomis arba galvos odos masa\u017euokliu tolygiai paskirstykite Balmain Hair Illuminating Hair Kauk\u0119 nuo \u0161akn\u0173 iki galiuk\u0173.<br \/>\n3. Priklausomai nuo norimo plauk\u0173 spalvos intensyvumo, palikite 5-15 minu\u010di\u0173. Kruop\u0161\u010diai nuplaukite.<br \/>\n4. Nor\u0117dami patikimiau u\u017efiksuoti spalvos pigmentus, naudokite Balmain Hair Couleurs Couture kondicionieri\u0173, kad u\u017esandarintum\u0117te plauko pavir\u0161i\u0173. Kruop\u0161\u010diai nuplaukite.<br \/>\n5. Prie\u0161 d\u017eiovindami plauk\u0173 d\u017eiovintuvu, naudokite Balmain Hair Leave In Conditioner. \u0160is gaminys u\u017etikrina apsaug\u0105 nuo kar\u0161\u010dio iki 160 laipsni\u0173.<\/p>\n","protected":false},"excerpt":{"rendered":"<p>Aqua, Cetearyl Alcohol, Behenamidopropyl Dimethylamine, Amodimethicone, Argania Spinosa Kernel Oil, Polyquaternium-39, Stearamidopropyl Dimethylamine, Cetrimonium Chloride, Tridecyl Salicylate, Dimethicone Propyl-Pg Betaine, Guar Hydroxypropyltrimonium Chloride, Xanthan Gum, Trideceth-10, Hamamelis Virginiana Leaf Extract\/Witch Hazel Leaf Extract, Hydrolyzed Wool, Panthenol, Sorbitol, Glycerin, Lecithin, Tocopheryl Acetate, Retinyl Palmitate, Glyceryl Linolenate, Glyceryl Linoleate, Propylene Glycol, Diatomaceous Earth, Lactic Acid, Ethylhexylglycerin, Phenoxyethanol, Parfum\/Fragrance.<\/p>\n","protected":false},"featured_media":10937,"comment_status":"open","ping_status":"closed","template":"","meta":[],"product_cat":[270,77],"product_tag":[],"class_list":{"0":"post-10932","1":"product","2":"type-product","3":"status-publish","4":"has-post-thumbnail","6":"product_cat-balmain-hair-kauke","7":"product_cat-kauke","9":"first","10":"instock","11":"shipping-taxable","12":"purchasable","13":"product-type-simple"},"_links":{"self":[{"href":"https:\/\/nextglow.lt\/en\/wp-json\/wp\/v2\/product\/10932","targetHints":{"allow":["GET"]}}],"collection":[{"href":"https:\/\/nextglow.lt\/en\/wp-json\/wp\/v2\/product"}],"about":[{"href":"https:\/\/nextglow.lt\/en\/wp-json\/wp\/v2\/types\/product"}],"replies":[{"embeddable":true,"href":"https:\/\/nextglow.lt\/en\/wp-json\/wp\/v2\/comments?post=10932"}],"wp:featuredmedia":[{"embeddable":true,"href":"https:\/\/nextglow.lt\/en\/wp-json\/wp\/v2\/media\/10937"}],"wp:attachment":[{"href":"https:\/\/nextglow.lt\/en\/wp-json\/wp\/v2\/media?parent=10932"}],"wp:term":[{"taxonomy":"product_cat","embeddable":true,"href":"https:\/\/nextglow.lt\/en\/wp-json\/wp\/v2\/product_cat?post=10932"},{"taxonomy":"product_tag","embeddable":true,"href":"https:\/\/nextglow.lt\/en\/wp-json\/wp\/v2\/product_tag?post=10932"}],"curies":[{"name":"wp","href":"https:\/\/api.w.org\/{rel}","templated":true}]}}