{"id":10942,"date":"2025-10-15T20:29:51","date_gmt":"2025-10-15T17:29:51","guid":{"rendered":"https:\/\/nextglow.lt\/?post_type=product&#038;p=10942"},"modified":"2025-10-15T20:34:44","modified_gmt":"2025-10-15T17:34:44","slug":"balmain-hair-tonuojanti-kauke-plaukams-ash-brown-150ml-illuminating-ash-brown-hair-mask-150ml","status":"publish","type":"product","link":"https:\/\/nextglow.lt\/en\/produktas\/balmain-hair-tonuojanti-kauke-plaukams-ash-brown-150ml-illuminating-ash-brown-hair-mask-150ml\/","title":{"rendered":"BALMAIN HAIR tonuojanti kauk\u0117 plaukams ASH Brown 150ml \/ Illuminating ASH Brown Hair Mask 150ml"},"content":{"rendered":"<p>ASH Brown plauk\u0173 kauk\u0119 suk\u016br\u0117 \u0161ios srities ekspertai. Plauk\u0173 kauk\u0117s paskirtis \u2013 u\u017etikrinti ilgalaik\u012f, spindint\u012f plauk\u0173 atspalv\u012f tarp apsilankym\u0173 salone. \u0160i prabangi proced\u016bra, praturtinta grynais pigmentais, atgaivina ir pagilina anks\u010diau \u0161viesint\u0173, da\u017eyt\u0173 ar nat\u016brali\u0173 plauk\u0173 spalvos gyvybingum\u0105.<\/p>\n<p>Praturtinta gintaro r\u016bg\u0161timi ir komponentais, atkurian\u010diais plauko molekulin\u0119 strukt\u016br\u0105, \u0161i giliai dr\u0117kinanti ir maitinanti plauk\u0173 kauk\u0117 \u012fsiskverbia giliai \u012f plauko vid\u0173, atkuria ir stiprina, kartu didindama ilgalaik\u012f plauk\u0173 spalvos patvarum\u0105. Intensyvus dr\u0117kinimas atkuria dr\u0117gm\u0117s lyg\u012f sausuose ir pa\u017eeistuose plaukuose, tod\u0117l plaukai tampa \u0161veln\u016bs, glotn\u016bs ir \u017evilgantys.<\/p>\n<p>Sukurta tiek da\u017eytiems, tiek nat\u016braliems rudiems plaukams, \u0161i tonuojanti plauk\u0173 kauk\u0117 suteikia SPA kokyb\u0117s prie\u017ei\u016br\u0105, padidina blizges\u012f ir i\u0161saugo sodrius auksinius tonus.<br \/>\nM\u0117gaukit\u0117s rezultatais, kurie i\u0161lieka iki 8 plovim\u0173, suteikdami plaukams ilgesn\u012f gyvybingum\u0105, dr\u0117kinim\u0105 ir atstatym\u0105.<br \/>\nSusikurkite plaukus, kurie atrodo ir jau\u010diasi tokie pat gaiv\u016bs kaip po profesionalios prie\u017ei\u016bros.<\/p>\n<p>Plauk\u0173 paruo\u0161imas ir atsargumo priemon\u0117s:<br \/>\n\u2013 Prie\u0161 kauk\u0119 nebalinkite plauk\u0173, nes tai gali pakeisti spalv\u0105.<br \/>\n\u2013 Tepimo ir paskirstymo metu rekomenduojama m\u016bv\u0117ti pir\u0161tines.<\/p>\n<p><strong>Naudojimas:<\/strong><br \/>\n1. Plaukus ir galvos od\u0105 i\u0161plaukite su Balmain Hair Couleurs Couture \u0161amp\u016bnu. Kruop\u0161\u010diai i\u0161skalaukite nusausinkite.<br \/>\n2. \u0160ukomis arba galvos odos masa\u017euokliu tolygiai paskirstykite Balmain Hair Illuminating Mask kauk\u0119 nuo \u0161akn\u0173 iki galiuk\u0173.<br \/>\n3. Priklausomai nuo norimo plauk\u0173 spalvos intensyvumo, palaukite 5-15 minu\u010di\u0173. Kruop\u0161\u010diai nuplaukite.<br \/>\n4. Nor\u0117dami patikimiau u\u017efiksuoti spalvos pigmentus, naudokite Balmain Hair Couleurs Couture kondicionieri\u0173, kad u\u017esandarintum\u0117te plauko pavir\u0161i\u0173. Kruop\u0161\u010diai nuplaukite.<br \/>\n5. Prie\u0161 d\u017eiovindami plauk\u0173 d\u017eiovintuvu, naudokite Balmain Hair Leave In Conditioner. \u0160is gaminys u\u017etikrina apsaug\u0105 nuo kar\u0161\u010dio iki 160 laipsni\u0173.<\/p>\n<p>Aqua, Cetearyl Alcohol, Behenamidopropyl Dimethylamine, Amodimethicone, Argania Spinosa Kernel Oil, Polyquaternium-39, Stearamidopropyl Dimethylamine, Cetrimonium Chloride, Tridecyl Salicylate, Dimethicone Propyl-Pg Betaine, Guar Hydroxypropyltrimonium Chloride, Xanthan Gum, Trideceth-10, Hamamelis Virginiana Leaf Extract\/Witch Hazel Leaf Extract, Hydrolyzed Wool, Panthenol, Sorbitol, Glycerin, Lecithin, Tocopheryl Acetate, Retinyl Palmitate, Glyceryl Linolenate, Glyceryl Linoleate, Propylene Glycol, Diatomaceous Earth, Lactic Acid, Ethylhexylglycerin, Phenoxyethanol, Parfum\/Fragrance.<\/p>\n","protected":false},"excerpt":{"rendered":"<p>ASH Brown tonuojanti plauk\u0173 kauk\u0117 su grynais nat\u016braliais pigmentais, skirta pary\u0161kinti rusvus \u0161altus tonus plaukuose. Idealiai tinka rudiems plaukams, sukuria tobul\u0105, blizgant\u012f rezultat\u0105.<br \/>\nM\u0117gaukit\u0117s nuostabiu plauk\u0173 spalvos patvarumu. Kartu u\u017etikrina gil\u0173 plauk\u0173 dr\u0117kinim\u0105, patog\u0173 ir lengv\u0105 \u0161ukavim\u0105 \u2013 visa tai galima pasiekti atliekant proced\u016br\u0105 namuose.<\/p>\n<p>\u2013 Tinka rudiems plaukams<br \/>\n\u2013 Gerina plauko strukt\u016br\u0105, apsaugo nuo l\u016b\u017ein\u0117jimo<br \/>\n\u2013 Giliai dr\u0117kina<br \/>\n\u2013 Efektas i\u0161lieka iki 8 plovim\u0173<\/p>\n","protected":false},"featured_media":10947,"comment_status":"open","ping_status":"closed","template":"","meta":[],"product_cat":[270,77],"product_tag":[],"class_list":{"0":"post-10942","1":"product","2":"type-product","3":"status-publish","4":"has-post-thumbnail","6":"product_cat-balmain-hair-kauke","7":"product_cat-kauke","9":"first","10":"instock","11":"shipping-taxable","12":"purchasable","13":"product-type-simple"},"_links":{"self":[{"href":"https:\/\/nextglow.lt\/en\/wp-json\/wp\/v2\/product\/10942","targetHints":{"allow":["GET"]}}],"collection":[{"href":"https:\/\/nextglow.lt\/en\/wp-json\/wp\/v2\/product"}],"about":[{"href":"https:\/\/nextglow.lt\/en\/wp-json\/wp\/v2\/types\/product"}],"replies":[{"embeddable":true,"href":"https:\/\/nextglow.lt\/en\/wp-json\/wp\/v2\/comments?post=10942"}],"wp:featuredmedia":[{"embeddable":true,"href":"https:\/\/nextglow.lt\/en\/wp-json\/wp\/v2\/media\/10947"}],"wp:attachment":[{"href":"https:\/\/nextglow.lt\/en\/wp-json\/wp\/v2\/media?parent=10942"}],"wp:term":[{"taxonomy":"product_cat","embeddable":true,"href":"https:\/\/nextglow.lt\/en\/wp-json\/wp\/v2\/product_cat?post=10942"},{"taxonomy":"product_tag","embeddable":true,"href":"https:\/\/nextglow.lt\/en\/wp-json\/wp\/v2\/product_tag?post=10942"}],"curies":[{"name":"wp","href":"https:\/\/api.w.org\/{rel}","templated":true}]}}