{"id":10952,"date":"2025-10-15T23:39:39","date_gmt":"2025-10-15T20:39:39","guid":{"rendered":"https:\/\/nextglow.lt\/?post_type=product&#038;p=10952"},"modified":"2025-10-15T23:39:39","modified_gmt":"2025-10-15T20:39:39","slug":"balmain-hair-tonuojanti-kauke-plaukams-warm-brown-150ml-illuminating-warm-brown-hair-mask-150ml","status":"publish","type":"product","link":"https:\/\/nextglow.lt\/en\/produktas\/balmain-hair-tonuojanti-kauke-plaukams-warm-brown-150ml-illuminating-warm-brown-hair-mask-150ml\/","title":{"rendered":"BALMAIN HAIR tonuojanti kauk\u0117 plaukams Warm Brown 150ml \/ Illuminating Warm Brown Hair Mask 150ml"},"content":{"rendered":"<p>Suteikite plaukams gyvybingumo ir \u017evilgesio su \u0161ia puikia plauk\u0173 kauke.<br \/>\n\u0160iltos rudos spalvos plauk\u0173 kauk\u0119 suk\u016br\u0117 \u0161ios srities ekspertai. Plauk\u0173 kauk\u0117s tikslas \u2013 u\u017etikrinti ilgalaik\u012f, spindint\u012f plauk\u0173 atspalv\u012f tarp apsilankym\u0173 salone. \u0160i prabangi proced\u016bra, praturtinta grynais pigmentais, atgaivina ir pary\u0161kina anks\u010diau sukurt\u0173 \u0161ilt\u0173 atspalvi\u0173 tonus plaukuose.<\/p>\n<p>Praturtinta gintaro r\u016bg\u0161timi ir komponentais, atkurian\u010diais plauk\u0173 molekulin\u0119 strukt\u016br\u0105, \u0161i giliai dr\u0117kinanti ir maitinanti plauk\u0173 kauk\u0117 \u012fsiskverbia giliai \u012f plauko strukt\u016br\u0105, atkuria ir stiprina j\u012f i\u0161 vidaus, padidindama ilgalaik\u012f spalvos patvarum\u0105. Intensyvus dr\u0117kinimas atkuria dr\u0117gm\u0117s lyg\u012f sausiems ir pa\u017eeistiems plaukams, tod\u0117l plaukai tampa \u0161veln\u016bs, glotn\u016bs ir \u017evilgantys.<\/p>\n<p>Sukurta tiek da\u017eytiems, tiek nat\u016braliai \u0161viesiems plaukams, \u0161i tonuojanti plauk\u0173 kauk\u0117 suteikia SPA kokyb\u0117s prie\u017ei\u016br\u0105, padidina blizges\u012f ir i\u0161saugo sodrius auksinius tonus.<br \/>\nM\u0117gaukit\u0117s rezultatais, kurie i\u0161lieka iki 8 plovim\u0173, suteikdami plaukams gyvybingum\u0105, dr\u0117kinim\u0105 ir atstatym\u0105.<br \/>\nSusikurkite plaukus, kurie atrodo ir jau\u010diasi tokie pat gaiv\u016bs kaip ir po profesionalios prie\u017ei\u016bros.<\/p>\n<p>Plauk\u0173 paruo\u0161imas ir atsargumo priemon\u0117s:<br \/>\n\u2013 Prie\u0161 naudojant kauk\u0119 nebalinkite plauk\u0173, nes tai gali pakeisti spalv\u0105.<br \/>\n\u2013 Tepimo ir paskirstymo metu rekomenduojama m\u016bv\u0117ti pir\u0161tines.<\/p>\n<p>Naudojimas:<br \/>\n1. Plaukus ir galvos od\u0105 i\u0161plaukite su Balmain Hair Couleurs Couture \u0161amp\u016bnu. Kruop\u0161\u010diai i\u0161skalaukite ir nusausinkite.<br \/>\n2. \u0160ukomis arba galvos odos masa\u017euokliu tolygiai paskirstykite Balmain Hair Illuminating Mask kauk\u0119 nuo \u0161akn\u0173 iki galiuk\u0173.<br \/>\n3. Priklausomai nuo norimo plauk\u0173 spalvos intensyvumo, palaukite 5-15 minu\u010di\u0173. Kruop\u0161\u010diai nuplaukite.<br \/>\n4. Nor\u0117dami patikimiau u\u017efiksuoti spalvos pigmentus, naudokite Balmain Hair Couleurs Couture kondicionieri\u0173, kad u\u017esandarintum\u0117te plauko pavir\u0161i\u0173. Kruop\u0161\u010diai nuplaukite.<br \/>\n5. Prie\u0161 d\u017eiovindami plauk\u0173 d\u017eiovintuvu,v naudokite Balmain Hair Leave In Conditioner. \u0160is gaminys u\u017etikrina apsaug\u0105 nuo kar\u0161\u010dio iki 160 laipsni\u0173.<\/p>\n<p>Aqua, Cetearyl Alcohol, Behenamidopropyl Dimethylamine, Amodimethicone, Argania Spinosa Kernel Oil, Polyquaternium-39, Stearamidopropyl Dimethylamine, Cetrimonium Chloride, Tridecyl Salicylate, Dimethicone Propyl-Pg Betaine, Guar Hydroxypropyltrimonium Chloride, Xanthan Gum, Trideceth-10, Hamamelis Virginiana Leaf Extract\/Witch Hazel Leaf Extract, Hydrolyzed Wool, Panthenol, Sorbitol, Glycerin, Lecithin, Tocopheryl Acetate, Retinyl Palmitate, Glyceryl Linolenate, Glyceryl Linoleate, Propylene Glycol, Diatomaceous Earth, Lactic Acid, Ethylhexylglycerin, Phenoxyethanol, Parfum\/Fragrance.<\/p>\n","protected":false},"excerpt":{"rendered":"<p>Praturtinta grynais nat\u016braliais pigmentais, Illuminatig Warm Brown plauk\u0173 kauk\u0117 skirta pary\u0161kinti \u0161iltus rudus tonus plaukuose. Idealiai tinka \u0161viesiems ir \u0161viesiai rudiems plaukams, sukuria tobul\u0105, blizgant\u012f rezultat\u0105.<br \/>\nM\u0117gaukit\u0117s nuostabiu savo plauk\u0173 spalvos patvarumu. Kauk\u0117 taip pat u\u017etikrina gil\u0173 plauk\u0173 dr\u0117kinim\u0105, lengv\u0105 \u0161ukavim\u0105 \u2013 visa tai galima pasiekti atliekant proced\u016br\u0105 namuose.<\/p>\n<p>\u2013 Tinka \u0161viesiems ir \u0161viesiai rudiems plaukams<br \/>\n\u2013 Gerina plauko strukt\u016br\u0105, apsaugo nuo l\u016b\u017ein\u0117jimo<br \/>\n\u2013 Giliai dr\u0117kina<br \/>\n\u2013 Efektas i\u0161lieka iki 8 plovim\u0173<\/p>\n","protected":false},"featured_media":10953,"comment_status":"open","ping_status":"closed","template":"","meta":[],"product_cat":[270,77],"product_tag":[],"class_list":{"0":"post-10952","1":"product","2":"type-product","3":"status-publish","4":"has-post-thumbnail","6":"product_cat-balmain-hair-kauke","7":"product_cat-kauke","9":"first","10":"instock","11":"shipping-taxable","12":"purchasable","13":"product-type-simple"},"_links":{"self":[{"href":"https:\/\/nextglow.lt\/en\/wp-json\/wp\/v2\/product\/10952","targetHints":{"allow":["GET"]}}],"collection":[{"href":"https:\/\/nextglow.lt\/en\/wp-json\/wp\/v2\/product"}],"about":[{"href":"https:\/\/nextglow.lt\/en\/wp-json\/wp\/v2\/types\/product"}],"replies":[{"embeddable":true,"href":"https:\/\/nextglow.lt\/en\/wp-json\/wp\/v2\/comments?post=10952"}],"wp:featuredmedia":[{"embeddable":true,"href":"https:\/\/nextglow.lt\/en\/wp-json\/wp\/v2\/media\/10953"}],"wp:attachment":[{"href":"https:\/\/nextglow.lt\/en\/wp-json\/wp\/v2\/media?parent=10952"}],"wp:term":[{"taxonomy":"product_cat","embeddable":true,"href":"https:\/\/nextglow.lt\/en\/wp-json\/wp\/v2\/product_cat?post=10952"},{"taxonomy":"product_tag","embeddable":true,"href":"https:\/\/nextglow.lt\/en\/wp-json\/wp\/v2\/product_tag?post=10952"}],"curies":[{"name":"wp","href":"https:\/\/api.w.org\/{rel}","templated":true}]}}