{"id":10968,"date":"2025-10-15T23:49:01","date_gmt":"2025-10-15T20:49:01","guid":{"rendered":"https:\/\/nextglow.lt\/?post_type=product&#038;p=10968"},"modified":"2025-10-15T23:49:01","modified_gmt":"2025-10-15T20:49:01","slug":"balmain-hair-kauke-dazytiems-plaukams-couleurs-couture-mask","status":"publish","type":"product","link":"https:\/\/nextglow.lt\/en\/produktas\/balmain-hair-kauke-dazytiems-plaukams-couleurs-couture-mask\/","title":{"rendered":"BALMAIN HAIR kauk\u0117 da\u017eytiems plaukams \/ Couleurs Couture Mask"},"content":{"rendered":"<p><strong>Naudojimas:<\/strong> u\u017etepkite ant rank\u0161luos\u010diu nusausint\u0173 plauk\u0173 gal\u0173 ir vidurin\u0117s plauk\u0173 ilgio dalies, \u0161velniai \u012fmasa\u017euokite ir po 10-15 minu\u010di\u0173 kruop\u0161\u010diai i\u0161skalaukite.<br \/>\nPlauk\u0173 kauk\u0119 naudokite kartu su<a href=\"https:\/\/balmainhair.lt\/produktas\/balmain-hair-sampunas-dazytiems-plaukams-couleurs-couture-shampoo-300ml\/\"> <strong>Couleurs Couture \u0161amp\u016bnu<\/strong><\/a>, kad pailgintum\u0117te spalvos ilgaam\u017ei\u0161kum\u0105, atkurtum\u0117te, sustiprintum\u0117te ir atgaivintum\u0117te plaukus i\u0161 vidaus. Baig\u0119 plauti plaukus naudokite balzam\u0105, kuris maitina, palengvina i\u0161\u0161ukavim\u0105 ir stiprina pa\u017eeistus bei pervargusius plaukus.\u2060<\/p>\n<p><em><strong><i>Ingredientai: <\/i><\/strong><i>A<\/i>qua, Sodium Laureth Sulfate, Cocamidopropyl Hydroxysultaine, Cocamidopropyl Betaine, Polysorbate 20, Glycerin, Sodium Lauroyl Methyl Isethionate, Glycol Distearate, Betaine, PEG-40 Hydrogenated Castor Oil, Hydrolyzed Keratin, Silk Amino Acids, Argania Spinosa Kernel Oil, Helianthus Annuus Seed Oil, Macadamia Ternifolia Seed Oil, Cocos Nucifera Oil, Glycine Soja Oil, Gardenia Tahitensis Flower Extract, Rosmarinus Officinalis Leaf Extract, Chenopodium Quinoa Seed Extract, Tocopherol, Aloe Barbadensis Leaf Juice, Sodium Hyaluronate, Tocopheryl Acetate, Panthenol, Pantolactone,\u00a0Allantoin, Guar Hydroxypropyltrimonium Chloride, Polyquaternium-53, Amodimethicone\/Morpholinomethyl Silsesquioxane Copolymer, Trideceth-5, Dimethylpabamidopropyl Laurdimonium Tosylate, Benzophenone-4, Parfum, Phenoxyethanol, Sodium Benzoate, Benzoic Acid, Acrylates Crosspolymer-4, PEG\/PPG-15\/15 Dimethicone, Iodopropynyl\u00a0Butylcarbamate, Trisodium Ethylenediamine Disuccinate, PEG-150 Pentaerythrityl\u00a0Tetrastearate, PEG-6 Caprylic\/Capric Glycerides, Sodium Chloride, Sodium Hydroxide,\u00a0Lactic Acid, Laureth-4, Sorbic Acid, Dimethicone, PCA Dimethicone Crosspolymer, Butylene\u00a0Glycol, Caprylyl Glycol, Hexylene Glycol, Citric Acid<\/em><\/p>\n","protected":false},"excerpt":{"rendered":"<p>Prabangi plauk\u0173 SPA prie\u017ei\u016bra da\u017eytiems, pa\u017eeistiems ir nualintiems plaukams. Praturtinta galingu argano eliksyro, \u0161ilko ir ka\u0161myro balt\u0173j\u0173 med\u017eiag\u0173 bei gintaro r\u016bg\u0161ties mi\u0161iniu, stiprinan\u010diu ir saugan\u010diu plauk\u0173 strukt\u016br\u0105. Couleurs Couture Care Collection produkt\u0173 kolekcija padeda ilgiau i\u0161likti plauk\u0173 spalvai, giliai atkuria, stiprina ir atgaivina plaukus, palikdama juos itin \u0161velnius. Patobulinta sud\u0117tis praturtinta auk\u0161\u010diausios kokyb\u0117s ingredientais ir i\u0161skirtiniu aromatu.<br \/>\n\u2013 Maitinamoji plauk\u0173 SPA kauk\u0117<br \/>\n\u2013 Padeda plauk\u0173 spalvai i\u0161likti ilgiau<br \/>\n\u2013 Stiprina ir dr\u0117kina plaukus<\/p>\n","protected":false},"featured_media":10972,"comment_status":"open","ping_status":"closed","template":"","meta":[],"product_cat":[270,77],"product_tag":[],"class_list":{"0":"post-10968","1":"product","2":"type-product","3":"status-publish","4":"has-post-thumbnail","6":"product_cat-balmain-hair-kauke","7":"product_cat-kauke","9":"first","10":"instock","11":"shipping-taxable","12":"purchasable","13":"product-type-variable"},"_links":{"self":[{"href":"https:\/\/nextglow.lt\/en\/wp-json\/wp\/v2\/product\/10968","targetHints":{"allow":["GET"]}}],"collection":[{"href":"https:\/\/nextglow.lt\/en\/wp-json\/wp\/v2\/product"}],"about":[{"href":"https:\/\/nextglow.lt\/en\/wp-json\/wp\/v2\/types\/product"}],"replies":[{"embeddable":true,"href":"https:\/\/nextglow.lt\/en\/wp-json\/wp\/v2\/comments?post=10968"}],"wp:featuredmedia":[{"embeddable":true,"href":"https:\/\/nextglow.lt\/en\/wp-json\/wp\/v2\/media\/10972"}],"wp:attachment":[{"href":"https:\/\/nextglow.lt\/en\/wp-json\/wp\/v2\/media?parent=10968"}],"wp:term":[{"taxonomy":"product_cat","embeddable":true,"href":"https:\/\/nextglow.lt\/en\/wp-json\/wp\/v2\/product_cat?post=10968"},{"taxonomy":"product_tag","embeddable":true,"href":"https:\/\/nextglow.lt\/en\/wp-json\/wp\/v2\/product_tag?post=10968"}],"curies":[{"name":"wp","href":"https:\/\/api.w.org\/{rel}","templated":true}]}}