{"id":10980,"date":"2025-10-15T23:54:00","date_gmt":"2025-10-15T20:54:00","guid":{"rendered":"https:\/\/nextglow.lt\/?post_type=product&#038;p=10980"},"modified":"2025-10-15T23:54:01","modified_gmt":"2025-10-15T20:54:01","slug":"balmain-hair-kauke-sviesintiems-plaukams-illuminating-mask-white-pearl","status":"publish","type":"product","link":"https:\/\/nextglow.lt\/en\/produktas\/balmain-hair-kauke-sviesintiems-plaukams-illuminating-mask-white-pearl\/","title":{"rendered":"BALMAIN HAIR kauk\u0117 \u0161viesintiems plaukams \/ Illuminating Mask White Pearl"},"content":{"rendered":"<p>Atnaujintos i\u0161vaizdos kauk\u0117 turi stiling\u0105 juod\u0105 matin\u012f dangtel\u012f su \u012fspaustu B logotipu, po kuriuo yra ma\u017ea mentel\u0117, kad b\u016bt\u0173 lengva paimti produkto.<br \/>\nKauk\u0117 supakuota \u012f eleganti\u0161k\u0105 d\u0117\u017eut\u0119.<\/p>\n<p><em><strong>Naudojimas:<\/strong><\/em> u\u017etepkite kauk\u0117s ant rank\u0161luos\u010diu nusausint\u0173 plauk\u0173 gal\u0173 ir vidurin\u0117s plauk\u0173 ilgio dalies, \u0161velniai \u012fmasa\u017euokite ir po 10-15 minu\u010di\u0173 kruop\u0161\u010diai i\u0161skalaukite.<br \/>\nKad pasiektum\u0117te geriasi\u0105 rezultat\u0105, naudokite kartu su \u0161viesinan\u010diu \u0161amp\u016bnu <a href=\"https:\/\/balmainhair.lt\/produktas\/balmain-hair-sampunas-sviesintiems-plaukams-illuminating-white-pearl-shampoo-300ml\/\"><strong>White Pearl<\/strong><\/a>. Nerekomenduojama naudoti per da\u017enai, nes \u0161amp\u016bnas paveikia plauk\u0173 spalv\u0105 visam laikui.<br \/>\nVisada naudokite kartu su \u012fprasta plauk\u0173 prie\u017ei\u016bros priemoni\u0173 kolekcija, pavyzd\u017eiui, Couleurs Couture, kad pailgintum\u0117te plauk\u0173 spalvos gyvavimo laik\u0105, atkurtum\u0117te, sustiprintum\u0117te ir atgaivintum\u0117te plaukus i\u0161 vidaus.<br \/>\nBaig\u0119 plauti plaukus, naudokite balzam\u0105, kad pamaitintum\u0117te, pad\u0117tum\u0117te i\u0161\u0161ukuoti ir sustiprintum\u0117te pa\u017eeistus ir i\u0161vargintus plaukus.\u2060<\/p>\n<div id=\"tab-description\" class=\"woocommerce-Tabs-panel woocommerce-Tabs-panel--description panel entry-content active\" role=\"tabpanel\" aria-labelledby=\"tab-title-description\">\n<p><strong><i>Ingredientai:\u00a0<\/i><\/strong><i><em>Aqua, Cetearyl Alcohol, Behentrimonium Chloride, Glycerin, PPG-3 Myristyl Ether, Betaine, Dimethicone, Propylene Glycol, Argania Spinosa Kernel Oil, PCA Dimethicone Crosspolymer, Hydrolyzed Keratin, Silk Amino Acids, Helianthus Annuus Seed Oil, Macadamia Ternifolia Seed Oil, Cocos Nucifera Oil, Glycine Soja Oil, Gardenia Tahitensis Flower Extract, Rosmarinus Officinalis Leaf Extract, Chenopodium Quinoa Seed Extract,\u00a0Tocopherol, Polysilicone-19, Polyacrylamidopropyltrimonium Chloride, Dipalmitoylethyl Hydroxyethylmonium Methosulfate, Linoleamidopropyl PG-Dimonium Chloride Phosphate Dimethicone, Panthenol, Quaternium-91, Cetrimonium Methosulfate, Ethylhexyl\u00a0Methoxycinnamate, Ceteareth-20, Dipropylene Glycol, Pantolactone, Basic Red 76, Basic Red 51, Basic Blue 99, Quaternium-80, Butylene Glycol, Parfum, Benzyl Alcohol, Caprylyl Glycol, Hexylene Glycol, Polysorbate 20, Isopropyl Alcohol, Benzoic Acid, Phenoxyethanol, Ethylhexylglycerin, Succinic Acid, Citric Acid, Sorbic Acid, Dehydroacetic Acid<\/em><\/i><\/p>\n<\/div>\n","protected":false},"excerpt":{"rendered":"<p>\u0160viesinti plaukai ar plaukai su \u0161viesintomis sruogel\u0117mis reikalauja ypatingos prie\u017ei\u016bros. Tarp da\u017eym\u0173, norint neutralizuoti nepageidaujamus \u0161iltus tonus, reikalingos priemon\u0117s, praturtintos giliais violetiniais pigmentais.<br \/>\nGrynais violetiniais pigmentais praturtinta Balmain Hair Couture Illuminating produkt\u0173 linija padeda neutralizuoti nepageidaujamus \u0161iltus tonus ir pary\u0161kinti plauk\u0173 spalv\u0105. <strong>Illuminating Mask White Pearl<\/strong> kauk\u0117 giliai maitina plaukus, i\u0161laikydama \u0161alt\u0105 \u0161viesi\u0105 spalv\u0105. Koreguoja geltonum\u0105 ir suteikia plaukams skais\u010diai balt\u0105 perlamutrin\u012f arba \u0161vies\u0173 sm\u0117lio atspalv\u012f. Specialiai sukurta \u0161viesiems ir sruogel\u0117mis da\u017eytiems plaukams.<br \/>\nKauk\u0117 praturtinta galingu gintaro r\u016bg\u0161ties, argano eliksyro, \u0161ilko ir ka\u0161myro baltym\u0173 mi\u0161iniu, kuris stiprina ir apsaugo plauk\u0173 strukt\u016br\u0105.<\/p>\n<p>\u2013 Kauk\u0117 neutralizuoja gelsvus plauk\u0173 atspalvius<br \/>\n\u2013 I\u0161laiko \u0161alt\u0105 \u0161viesi\u0173 plauk\u0173 ton\u0105, ypa\u010d vasar\u0105<br \/>\n\u2013 Pagyvina plauk\u0173 spalv\u0105, nepadarydama j\u0173 pilk\u0173<\/p>\n","protected":false},"featured_media":10985,"comment_status":"open","ping_status":"closed","template":"","meta":[],"product_cat":[270,77],"product_tag":[],"class_list":{"0":"post-10980","1":"product","2":"type-product","3":"status-publish","4":"has-post-thumbnail","6":"product_cat-balmain-hair-kauke","7":"product_cat-kauke","9":"first","10":"instock","11":"shipping-taxable","12":"purchasable","13":"product-type-variable"},"_links":{"self":[{"href":"https:\/\/nextglow.lt\/en\/wp-json\/wp\/v2\/product\/10980","targetHints":{"allow":["GET"]}}],"collection":[{"href":"https:\/\/nextglow.lt\/en\/wp-json\/wp\/v2\/product"}],"about":[{"href":"https:\/\/nextglow.lt\/en\/wp-json\/wp\/v2\/types\/product"}],"replies":[{"embeddable":true,"href":"https:\/\/nextglow.lt\/en\/wp-json\/wp\/v2\/comments?post=10980"}],"wp:featuredmedia":[{"embeddable":true,"href":"https:\/\/nextglow.lt\/en\/wp-json\/wp\/v2\/media\/10985"}],"wp:attachment":[{"href":"https:\/\/nextglow.lt\/en\/wp-json\/wp\/v2\/media?parent=10980"}],"wp:term":[{"taxonomy":"product_cat","embeddable":true,"href":"https:\/\/nextglow.lt\/en\/wp-json\/wp\/v2\/product_cat?post=10980"},{"taxonomy":"product_tag","embeddable":true,"href":"https:\/\/nextglow.lt\/en\/wp-json\/wp\/v2\/product_tag?post=10980"}],"curies":[{"name":"wp","href":"https:\/\/api.w.org\/{rel}","templated":true}]}}