{"id":10988,"date":"2025-10-15T23:57:46","date_gmt":"2025-10-15T20:57:46","guid":{"rendered":"https:\/\/nextglow.lt\/?post_type=product&#038;p=10988"},"modified":"2025-10-15T23:57:46","modified_gmt":"2025-10-15T20:57:46","slug":"balmain-hair-kauke-sviesintiems-plaukams-illuminating-mask-silver-pearl","status":"publish","type":"product","link":"https:\/\/nextglow.lt\/en\/produktas\/balmain-hair-kauke-sviesintiems-plaukams-illuminating-mask-silver-pearl\/","title":{"rendered":"BALMAIN HAIR kauk\u0117 \u0161viesintiems plaukams \/ Illuminating Mask Silver Pearl"},"content":{"rendered":"<p>Atnaujintos i\u0161vaizdos kauk\u0117 turi stiling\u0105 juod\u0105 matin\u012f dangtel\u012f su \u012fspaustu B logotipu, po kuriuo yra ma\u017ea mentel\u0117, kad b\u016bt\u0173 lengva paimti produkto.<br \/>\nKauk\u0117 supakuota \u012f eleganti\u0161k\u0105 d\u0117\u017eut\u0119.<\/p>\n<p><em><strong>Naudojimas:<\/strong><\/em> u\u017etepkite kauk\u0117s ant rank\u0161luos\u010diu nusausint\u0173 plauk\u0173 gal\u0173 ir vidurin\u0117s plauk\u0173 ilgio dalies, \u0161velniai \u012fmasa\u017euokite ir po 10-15 minu\u010di\u0173 kruop\u0161\u010diai i\u0161skalaukite.<br \/>\nKad pasiektum\u0117te geriausi\u0173 rezultat\u0173, naudokite kartu su \u0161viesinan\u010diu \u0161amp\u016bnu <a href=\"https:\/\/balmainhair.lt\/produktas\/balmain-hair-sampunas-sviesintiems-plaukams-illuminating-silver-pearl-shampoo-ash-300ml\/\"><strong>Silver Pearl<\/strong><\/a>. Nerekomenduojama naudoti per da\u017enai, nes \u0161amp\u016bnas ilgam paveikia plauk\u0173 spalv\u0105.<br \/>\nVisada naudokite kartu su plauk\u0173 \u012fprasta prie\u017ei\u016bros priemoni\u0173 kolekcija, pavyzd\u017eiui, Couleurs Couture, kad pailgintum\u0117te plauk\u0173 spalvos gyvavimo laik\u0105, atkurtum\u0117te, sustiprintum\u0117te ir atgaivintum\u0117te plaukus i\u0161 vidaus.<br \/>\nBaig\u0119 plauti plaukus naudokite balzam\u0105, kad pamaitintum\u0117te, lengviau i\u0161\u0161ukuotum\u0117te ir sustiprintum\u0117te pa\u017eeistus ir nualintus plaukus.\u2060<\/p>\n<div id=\"tab-description\" class=\"woocommerce-Tabs-panel woocommerce-Tabs-panel--description panel entry-content active\" role=\"tabpanel\" aria-labelledby=\"tab-title-description\">\n<p><strong><i>Ingredientai:\u00a0<\/i><\/strong><i><em>Aqua, Cetearyl Alcohol, Behentrimonium Chloride, Glycerin, PPG-3,\u00a0Myristyl Ether, Betaine, Dimethicone, Propylene Glycol, Argania Spinosa Kernel Oil, PCA,\u00a0Dimethicone Crosspolymer, Hydrolyzed Keratin, Silk Amino Acids, Helianthus Annuus,\u00a0Seed Oil, Macadamia Ternifolia Seed Oil, Cocos Nucifera Oil, Glycine Soja Oil, Gardenia,\u00a0Tahitensis Flower Extract, Rosmarinus Officinalis Leaf Extract, Chenopodium Quinoa\u00a0Seed Extract, Tocopherol, Polysilicone-19, Polyacrylamidopropyltrimonium Chloride,\u00a0Dipalmitoylethyl Hydroxyethylmonium Methosulfate, Linoleamidopropyl PG-Dimonium Chloride Phosphate Dimethicone, Panthenol, Quaternium-91, Cetrimonium Methosulfate, Ethylhexyl Methoxycinnamate, Ceteareth-20, Dipropylene Glycol, Pantolactone, Basic Red\u00a076, Basic Blue 99, Quaternium-80, Butylene Glycol, Parfum, Benzyl Alcohol, Caprylyl Glycol, Hexylene Glycol, Polysorbate 20, Isopropyl Alcohol, Benzoic Acid, Phenoxyethanol, Ethylhexylglycerin, Succinic Acid, Citric Acid, Sorbic Acid, Dehydroacetic Acid<\/em><\/i><\/p>\n<\/div>\n","protected":false},"excerpt":{"rendered":"<p>Atnaujintos i\u0161vaizdos kauk\u0117 turi stiling\u0105 juod\u0105 matin\u012f dangtel\u012f su \u012fspaustu B logotipu, po kuriuo yra ma\u017ea mentel\u0117, kad b\u016bt\u0173 lengva<\/p>\n","protected":false},"featured_media":10995,"comment_status":"open","ping_status":"closed","template":"","meta":[],"product_cat":[270,77],"product_tag":[],"class_list":{"0":"post-10988","1":"product","2":"type-product","3":"status-publish","4":"has-post-thumbnail","6":"product_cat-balmain-hair-kauke","7":"product_cat-kauke","9":"first","10":"instock","11":"shipping-taxable","12":"purchasable","13":"product-type-variable"},"_links":{"self":[{"href":"https:\/\/nextglow.lt\/en\/wp-json\/wp\/v2\/product\/10988","targetHints":{"allow":["GET"]}}],"collection":[{"href":"https:\/\/nextglow.lt\/en\/wp-json\/wp\/v2\/product"}],"about":[{"href":"https:\/\/nextglow.lt\/en\/wp-json\/wp\/v2\/types\/product"}],"replies":[{"embeddable":true,"href":"https:\/\/nextglow.lt\/en\/wp-json\/wp\/v2\/comments?post=10988"}],"wp:featuredmedia":[{"embeddable":true,"href":"https:\/\/nextglow.lt\/en\/wp-json\/wp\/v2\/media\/10995"}],"wp:attachment":[{"href":"https:\/\/nextglow.lt\/en\/wp-json\/wp\/v2\/media?parent=10988"}],"wp:term":[{"taxonomy":"product_cat","embeddable":true,"href":"https:\/\/nextglow.lt\/en\/wp-json\/wp\/v2\/product_cat?post=10988"},{"taxonomy":"product_tag","embeddable":true,"href":"https:\/\/nextglow.lt\/en\/wp-json\/wp\/v2\/product_tag?post=10988"}],"curies":[{"name":"wp","href":"https:\/\/api.w.org\/{rel}","templated":true}]}}