{"id":11006,"date":"2025-10-16T21:22:51","date_gmt":"2025-10-16T18:22:51","guid":{"rendered":"https:\/\/nextglow.lt\/?post_type=product&#038;p=11006"},"modified":"2025-10-16T21:22:51","modified_gmt":"2025-10-16T18:22:51","slug":"balmain-hair-atstatomoji-plauku-kauke-revitalizing-mask","status":"publish","type":"product","link":"https:\/\/nextglow.lt\/en\/produktas\/balmain-hair-atstatomoji-plauku-kauke-revitalizing-mask\/","title":{"rendered":"BALMAIN HAIR atstatomoji plauk\u0173 kauk\u0117 \/ Revitalizing Mask"},"content":{"rendered":"<p>Intensyviai atgaivinantis plauk\u0173 SPA sausiems, pa\u017eeistiems plaukams. Atkuria, dr\u0117kina ir stiprina plaukus i\u0161 vidaus, tod\u0117l plaukai intensyviai maitinami. Gr\u0105\u017eina plauk\u0173 elastingum\u0105 ir nat\u016bral\u0173 blizges\u012f.<\/p>\n<p>-Ultra atkurianti kauk\u0117<br \/>\n-Intensyvi mityba sausiems ir pa\u017eeistiems plaukams<br \/>\n-Sukuria elastingus, \u017evilgan\u010dius ir atgaivintus plaukus<\/p>\n<p><em><strong>Naudojimas:<\/strong><\/em> Tepkite ant rank\u0161luos\u010diu nusausint\u0173 plauk\u0173, \u0161velniai \u012fmasa\u017euokite, po 5-10 minu\u010di\u0173 gerai i\u0161skalaukite.<\/p>\n<p><strong><i>Ingredientai:<\/i><\/strong><i>\u00a0<\/i><i><em>Aqua, Cetearyl Alcohol, Behenamidopropyl Dimethylamine, Amodimethicone, Argania Spinosa Kernel Oil, Polyquaternium-39, Stearamidopropyl Dimethylamine, Cetrimonium Chloride, Tridecyl Salicylate, Dimethicone Propyl-Pg Betaine, Guar Hydroxypropyltrimonium Chloride, Xantan Gum, Trideceth-10, Hamamelis Virginiana Leaf Extract, Hydrolyzed Wool, Panthenol, Sorbitol, Glycerin, Lecithin, Tocopheryl Acetate, Retinyl Palmitate, Glyceryl Linolenate, Glyceryl Linoleate, Propylene Glycol, Diatomaceous Earth, Lactic Acid, Ethylhexylglycerin, Phenoxyethanol, Parfum.<\/em><\/i><\/p>\n<p>&nbsp;<\/p>\n<p>&nbsp;<\/p>\n","protected":false},"excerpt":{"rendered":"<p>Specialiai sukurta atstatyti nuvargintus, sausus ir pa\u017eeistus plaukus. Atgaivina i\u0161 vidaus ir suteikia plaukams reikaling\u0105 maitinim\u0105. Did\u017eiausias energijos u\u017etaisas giliai sustiprina ir atkuria plauk\u0173 pluo\u0161t\u0105. Argania Spinosa branduoli\u0173 aliejus, geriau \u017einomas kaip Argano aliejus, lengvai \u012fsigeria \u012f plaukus ir atgaivina chemi\u0161kai apdorotus, pa\u017eeistus ir sausus plaukus. Vitaminai E, F ir P atgaivina plaukus, apsaugo jautri\u0105 galvos od\u0105 ir padeda atkurti plaukus i\u0161 vidaus. Ka\u0161myro baltymas pastiprina nat\u016bral\u0173 plauko baltym\u0105, tod\u0117l plaukai tampa stangr\u016bs ir paklusn\u016bs. Sukuria ypa\u010d \u0161velnius, bet stiprius plaukus. AC Colorplex, melanino ir japoni\u0161ko vasabi \u0161aknies mi\u0161inys apsaugo plaukus nuo UV spinduli\u0173 ir skatina spalvos i\u0161laikym\u0105. Puikus ingredient\u0173 derinys atgaivintoms ir blizgan\u010dioms garbanoms.<\/p>\n","protected":false},"featured_media":11013,"comment_status":"open","ping_status":"closed","template":"","meta":[],"product_cat":[270,77],"product_tag":[],"class_list":{"0":"post-11006","1":"product","2":"type-product","3":"status-publish","4":"has-post-thumbnail","6":"product_cat-balmain-hair-kauke","7":"product_cat-kauke","9":"first","10":"instock","11":"shipping-taxable","12":"purchasable","13":"product-type-variable"},"_links":{"self":[{"href":"https:\/\/nextglow.lt\/en\/wp-json\/wp\/v2\/product\/11006","targetHints":{"allow":["GET"]}}],"collection":[{"href":"https:\/\/nextglow.lt\/en\/wp-json\/wp\/v2\/product"}],"about":[{"href":"https:\/\/nextglow.lt\/en\/wp-json\/wp\/v2\/types\/product"}],"replies":[{"embeddable":true,"href":"https:\/\/nextglow.lt\/en\/wp-json\/wp\/v2\/comments?post=11006"}],"wp:featuredmedia":[{"embeddable":true,"href":"https:\/\/nextglow.lt\/en\/wp-json\/wp\/v2\/media\/11013"}],"wp:attachment":[{"href":"https:\/\/nextglow.lt\/en\/wp-json\/wp\/v2\/media?parent=11006"}],"wp:term":[{"taxonomy":"product_cat","embeddable":true,"href":"https:\/\/nextglow.lt\/en\/wp-json\/wp\/v2\/product_cat?post=11006"},{"taxonomy":"product_tag","embeddable":true,"href":"https:\/\/nextglow.lt\/en\/wp-json\/wp\/v2\/product_tag?post=11006"}],"curies":[{"name":"wp","href":"https:\/\/api.w.org\/{rel}","templated":true}]}}