{"id":11017,"date":"2025-10-16T21:30:38","date_gmt":"2025-10-16T18:30:38","guid":{"rendered":"https:\/\/nextglow.lt\/?post_type=product&#038;p=11017"},"modified":"2025-10-16T21:30:38","modified_gmt":"2025-10-16T18:30:38","slug":"balmain-hair-atstatomasis-kursas-plaukams-5-week-enriching-hair-treatment-20ml","status":"publish","type":"product","link":"https:\/\/nextglow.lt\/en\/produktas\/balmain-hair-atstatomasis-kursas-plaukams-5-week-enriching-hair-treatment-20ml\/","title":{"rendered":"BALMAIN HAIR atstatomasis kursas plaukams \/ 5 Week Enriching Hair Treatment 20ml"},"content":{"rendered":"<p>Produkto sud\u0117tis praturtinta gintaro r\u016bg\u0161timi, kad sustiprint\u0173 \u0161ilko baltym\u0173 poveik\u012f<br \/>\n\u2013 Gintaro r\u016bg\u0161tis yra nat\u016bralus ingredientas, gaunamas i\u0161 gintaro, kuris giliai \u012fsiskverbia \u012f plaukus. Nat\u016bralios gintaro r\u016bg\u0161ties sudedamosios dalys padeda atkurti nat\u016brali\u0105 plauk\u0173 b\u016bkl\u0119 ir strukt\u016br\u0105<br \/>\n\u2013 Gintaro r\u016bg\u0161tis padeda i\u0161siskirti \u0161ilko baltymams ir aplink kiekvien\u0105 baltym\u0173 grandin\u0119 sukuria apsaugin\u012f sluoksn\u012f, tod\u0117l plauk\u0173 strukt\u016bra tampa elastinga ir patvari<br \/>\n\u2013 \u0160i\u0173 dviej\u0173 aktyvi\u0173 ir veiksming\u0173 ingredient\u0173 derinys sukuria ilgalaik\u0119 ir stipri\u0105, nenutr\u016bkstam\u0105 plauk\u0173 molekulin\u0119 strukt\u016br\u0105.<br \/>\n\u2013 pH 2,50 \u2013 3,50.<br \/>\n<strong>Naudojimas:<\/strong> plaukus rekomenduojama i\u0161plauti <strong>Balmain Hair<\/strong> dr\u0117kinamuoju \u0161amp\u016bnu <strong>Moisturizing Shampoo<\/strong> ir vietoj balzamo \u012f rank\u0161luos\u010diu nusausintus plaukus nuo galiuk\u0173 iki plauk\u0173 \u0161akn\u0173 \u012fmasa\u017euoti 1 t\u016bbel\u0119 priemon\u0117s. Palikite 20-30 minu\u010di\u0173 ir i\u0161skalaukite drungnu vandeniu.<\/p>\n<p>Proced\u016br\u0105 kartokite kart\u0105 per savait\u0119 5 savaites.<br \/>\nKiekviena t\u016bbel\u0117 skirta vienai plauk\u0173 prie\u017ei\u016bros proced\u016brai.<\/p>\n<p><em><strong><i>Ingredientai: <\/i><\/strong>Aqua\/Water, Betaine, Cetearyl Alcohol, Amodimethicone\/ Morpholinomethyl Silsesquioxane Copolymer, Succinic Acid, Behentrimonium Chloride, Ehenamidopropyl Dimethylamine, Hydrolyzed Silk, Argania Spinosa Kernel Oil, Glycolic Acid, Guar Hydroxypropyltrimonium Chloride, Stearamidopropyl Dimethylamine, Glycerin, Trideceth-5, Lactic Acid, Isopropyl Alcohol, Phenoxyethanol, Ethylhexylglycerin, Propylene Glycol, Parfum\/Fragrance, Linalool, Limonene.<\/em><\/p>\n","protected":false},"excerpt":{"rendered":"<p>PLAUKUS ATSTATANTI PRIE\u017dI\u016aROS PROCED\u016aRA \u2013 testeris 1 x 20 ml.<br \/>\nTaip pat galima \u012fsigyti ir vis\u0105 penki\u0173 savai\u010di\u0173 prie\u017ei\u016bros proced\u016br\u0105: <a href=\"https:\/\/balmainhair.lt\/produktas\/balmain-hair-atstatomasis-kursas-plaukams-5-week-enriching-hair-treatment\/\"><strong>5 Week Enriching Hair Treatment<\/strong><\/a><\/p>\n<p>PADEDA I\u0160VENGTI PLAUK\u0172 SLINKIMO!<br \/>\nAtkurkite plauk\u0173 gyvybingum\u0105, blizges\u012f ir sveik\u0105 i\u0161vaizd\u0105 vos per 5 savaites!<br \/>\nPrie\u017ei\u016bros proced\u016bra maitina, dr\u0117kina ir gydo plaukus u\u017edarydama plauk\u0173 \u017evynelius, t. y. j\u0173 kutikules. Kutikul\u0117s u\u017edarymas padeda i\u0161laikyti dr\u0117gm\u0119 plaukuose, neleid\u017eia plaukams prarasti maitinan\u010di\u0173 med\u017eiag\u0173 ir apsaugo nuo \u017ealingo aplinkos poveikio. Prie\u017ei\u016bros proced\u016bra atkuria plauk\u0173 elastingum\u0105 ir atstato plauk\u0173 skaidulas.<br \/>\nPriemon\u0117 specialiai sukurta taip, kad palaikyt\u0173 nat\u016brali\u0105 dr\u0117gm\u0117s pusiausvyr\u0105 plaukuose ir galvos odoje.<br \/>\n\u2013 Prabangi atstatomoji plauk\u0173 prie\u017ei\u016bros proced\u016bra<br \/>\n\u2013 Dr\u0117kina, maitina, saugo ir gerina plauk\u0173 strukt\u016br\u0105 bei nat\u016brali\u0105 b\u016bkl\u0119<br \/>\n\u2013 Atgaivina ir atkuria plaukus per 5 savaites<\/p>\n","protected":false},"featured_media":11022,"comment_status":"open","ping_status":"closed","template":"","meta":[],"product_cat":[270,77],"product_tag":[],"class_list":{"0":"post-11017","1":"product","2":"type-product","3":"status-publish","4":"has-post-thumbnail","6":"product_cat-balmain-hair-kauke","7":"product_cat-kauke","9":"first","10":"instock","11":"shipping-taxable","12":"purchasable","13":"product-type-simple"},"_links":{"self":[{"href":"https:\/\/nextglow.lt\/en\/wp-json\/wp\/v2\/product\/11017","targetHints":{"allow":["GET"]}}],"collection":[{"href":"https:\/\/nextglow.lt\/en\/wp-json\/wp\/v2\/product"}],"about":[{"href":"https:\/\/nextglow.lt\/en\/wp-json\/wp\/v2\/types\/product"}],"replies":[{"embeddable":true,"href":"https:\/\/nextglow.lt\/en\/wp-json\/wp\/v2\/comments?post=11017"}],"wp:featuredmedia":[{"embeddable":true,"href":"https:\/\/nextglow.lt\/en\/wp-json\/wp\/v2\/media\/11022"}],"wp:attachment":[{"href":"https:\/\/nextglow.lt\/en\/wp-json\/wp\/v2\/media?parent=11017"}],"wp:term":[{"taxonomy":"product_cat","embeddable":true,"href":"https:\/\/nextglow.lt\/en\/wp-json\/wp\/v2\/product_cat?post=11017"},{"taxonomy":"product_tag","embeddable":true,"href":"https:\/\/nextglow.lt\/en\/wp-json\/wp\/v2\/product_tag?post=11017"}],"curies":[{"name":"wp","href":"https:\/\/api.w.org\/{rel}","templated":true}]}}