{"id":11025,"date":"2025-10-16T21:34:08","date_gmt":"2025-10-16T18:34:08","guid":{"rendered":"https:\/\/nextglow.lt\/?post_type=product&#038;p=11025"},"modified":"2026-03-24T21:45:08","modified_gmt":"2026-03-24T19:45:08","slug":"balmain-hair-atstatomasis-kursas-plaukams-5-week-enriching-hair-treatment","status":"publish","type":"product","link":"https:\/\/nextglow.lt\/en\/produktas\/balmain-hair-atstatomasis-kursas-plaukams-5-week-enriching-hair-treatment\/","title":{"rendered":"BALMAIN HAIR atstatomasis kursas plaukams \/ 5 Week Enriching Hair Treatment"},"content":{"rendered":"<p>\u0160is \u0161velnus, lengvas, universalus losjonas padeda atgaivinti ir atkurti jaunatvi\u0161kiausi\u0105 plauk\u0173 i\u0161vaizd\u0105. Sandariai u\u017edaro plauk\u0173 \u017evynelius, suteikia t\u016brio ir elastingumo, kartu atkurdamas plauko pluo\u0161t\u0105. Balmain 5 savai\u010di\u0173 atstatanti plauk\u0173 proced\u016bra sukurta kaip gydymo kursas. Visos 5 t\u016bbel\u0117s yra skirtos vienkartiniam panaudojimui.<\/p>\n<p>\u2013 \u0160ilko baltymai optimaliam dr\u0117kinimui<br \/>\n\u2013 Regeneracija ir atgaivinimas per 5 savaites<br \/>\n\u2013 Atkuria plauk\u0173 pluo\u0161t\u0105<\/p>\n<p><em><strong>Naudojimas: <\/strong><\/em>kiekvienoje t\u016bbel\u0117je yra specialus i\u0161matuotas kiekis vienai proced\u016brai (vienam kartui). Naudokite vietoje \u012fprasto nuplaunamo kondicionieriaus vien\u0105 kart\u0105 per savait\u0119 5 savaites i\u0161 eil\u0117s. I\u0161plov\u0119 plaukus \u0161amp\u016bnu, gausiai paskirstykite priemon\u0119 per vis\u0105 plauk\u0173 ilg\u012f. Palikite 10-15 minu\u010di\u0173 ir nuplaukite.<\/p>\n<p><strong>SVARBU:<\/strong> Norint pasiekti geriausi\u0105 rezultat\u0105, produkt\u0105 b\u016btina naudoti 5 savaites i\u0161 eil\u0117s per vis\u0105 plauk\u0173 ilg\u012f.<br \/>\nNaudojant 1\u20133 t\u016bbeles, norimas efektas gali b\u016bti nepasiektas.<\/p>\n<p><strong><i>Ingredientai:\u00a0<\/i><\/strong><i><em>Aqua\/Water, Betaine, Cetearyl Alcohol, Amodimethicone\/ Morpholinomethyl Silsesquioxane Copolymer, Succinic Acid, Behentrimonium Chloride, Ehenamidopropyl Dimethylamine, Hydrolyzed Silk, Argania Spinosa Kernel Oil, Glycolic Acid, Guar Hydroxypropyltrimonium Chloride, Stearamidopropyl Dimethylamine, Glycerin, Trideceth-5, Lactic Acid, Isopropyl Alcohol, Phenoxyethanol, Ethylhexylglycerin, Propylene Glycol, Parfum\/Fragrance, Linalool, Limonene.<\/em><\/i><\/p>\n","protected":false},"excerpt":{"rendered":"<p>Plauk\u0173 prie\u017ei\u016bros proced\u016bra, skirta plauk\u0173 regeneracijai ir atgaivinimui per 5 savaites. Dvi aktyvios Balmain formul\u0117s sudedamosios dalys: \u0161ilko baltymai ir gintaro r\u016bg\u0161tis u\u017esandarina plauk\u0173 \u017evynelius, suteikia t\u016brio ir elastingumo, kartu atkuria plauk\u0173 pluo\u0161t\u0105. Rezultatas \u2013 sveiki plaukai su \u0161vytin\u010diu \u017evilgesiu. \u0160ilko baltymai yra aktyvus ingredientas, u\u017etikrinantis optimal\u0173 plauk\u0173 dr\u0117kinim\u0105. Moksliniu po\u017ei\u016briu \u0161ilko baltymai ir nat\u016bral\u016bs plauk\u0173 baltymai yra beveik identi\u0161ki. \u0160ilko baltymuose yra 17 i\u0161 19 nat\u016brali\u0173 plauk\u0173 aminor\u016bg\u0161\u010di\u0173. Sud\u0117tis nat\u016braliausiu b\u016bdu atkuria pa\u017eeistas baltym\u0173 grandines plaukuose. D\u0117l to plaukai tampa mink\u0161ti, sustiprinti ir atgaivinti. Siekiant sustiprinti \u0161ilko gali\u0105, formul\u0117 praturtinta gintaro r\u016bg\u0161timi. Gintaro r\u016bg\u0161tis yra nat\u016bralus ingredientas, gautas i\u0161 gintaro, kuris giliai \u012fsiskverbia \u012f plaukus. Tai padeda sutelkti \u0161ilko baltymus ir aplink kiekvien\u0105 atskir\u0105 baltym\u0173 grandin\u0119 sukuria apsaugin\u012f sluoksn\u012f. \u0160i\u0173 dviej\u0173 veiksming\u0173 ir aktyvi\u0173 ingredient\u0173 derinys sukuria ilgalaik\u0119 plauk\u0173 rekonstrukcij\u0105.<\/p>\n","protected":false},"featured_media":11026,"comment_status":"open","ping_status":"closed","template":"","meta":[],"product_cat":[270,72,77],"product_tag":[],"class_list":{"0":"post-11025","1":"product","2":"type-product","3":"status-publish","4":"has-post-thumbnail","6":"product_cat-balmain-hair-kauke","7":"product_cat-plaukams","8":"product_cat-kauke","10":"first","11":"instock","12":"shipping-taxable","13":"purchasable","14":"product-type-simple"},"_links":{"self":[{"href":"https:\/\/nextglow.lt\/en\/wp-json\/wp\/v2\/product\/11025","targetHints":{"allow":["GET"]}}],"collection":[{"href":"https:\/\/nextglow.lt\/en\/wp-json\/wp\/v2\/product"}],"about":[{"href":"https:\/\/nextglow.lt\/en\/wp-json\/wp\/v2\/types\/product"}],"replies":[{"embeddable":true,"href":"https:\/\/nextglow.lt\/en\/wp-json\/wp\/v2\/comments?post=11025"}],"wp:featuredmedia":[{"embeddable":true,"href":"https:\/\/nextglow.lt\/en\/wp-json\/wp\/v2\/media\/11026"}],"wp:attachment":[{"href":"https:\/\/nextglow.lt\/en\/wp-json\/wp\/v2\/media?parent=11025"}],"wp:term":[{"taxonomy":"product_cat","embeddable":true,"href":"https:\/\/nextglow.lt\/en\/wp-json\/wp\/v2\/product_cat?post=11025"},{"taxonomy":"product_tag","embeddable":true,"href":"https:\/\/nextglow.lt\/en\/wp-json\/wp\/v2\/product_tag?post=11025"}],"curies":[{"name":"wp","href":"https:\/\/api.w.org\/{rel}","templated":true}]}}