{"id":11031,"date":"2025-10-16T21:51:17","date_gmt":"2025-10-16T18:51:17","guid":{"rendered":"https:\/\/nextglow.lt\/?post_type=product&#038;p=11031"},"modified":"2025-10-16T21:58:54","modified_gmt":"2025-10-16T18:58:54","slug":"balman-hair-plauku-drekinimo-ir-blizgesio-rinkinys-ginger-signature-foundation-ginger","status":"publish","type":"product","link":"https:\/\/nextglow.lt\/en\/produktas\/balman-hair-plauku-drekinimo-ir-blizgesio-rinkinys-ginger-signature-foundation-ginger\/","title":{"rendered":"BALMAN HAIR plauk\u0173 dr\u0117kinimo ir blizgesio rinkinys Ginger \/ Signature Foundation Ginger"},"content":{"rendered":"<p>Naudojimas:<\/p>\n<p>1. U\u017etepkite nenuplaunamo kondicionieriaus ant dr\u0117gn\u0173 arba saus\u0173 plauk\u0173, \u012ftrindami per vis\u0105 j\u0173 ilg\u012f ir galiukus.<\/p>\n<p>2. Nor\u0117dami papildomo maitinimo ir blizgesio, u\u017ela\u0161inkite la\u0161el\u012f dr\u0117kinamojo argano eliksyro ant galiuk\u0173.<\/p>\n<p>3. \u0160velniai i\u0161\u0161ukuokite arba \u0161epe\u010diu, kad kondicionierius pasiskirstyt\u0173 tolygiai.<\/p>\n<p>4. Formuokite \u0161ukuosen\u0105 pagal pageidavim\u0105 ir m\u0117gaukit\u0117s \u0161ilkiniais, mink\u0161tais, pamaitintais plaukais.<\/p>\n<div id=\"tab-description\" class=\"woocommerce-Tabs-panel woocommerce-Tabs-panel--description panel entry-content active\" role=\"tabpanel\" aria-labelledby=\"tab-title-description\">\n<div><strong>Argan Moisturizing Elixir 100 ml:<\/strong><br \/>\nCyclopentasiloxane, Dimethiconol, Argania Spinoza Kernel Oil, Trimethylsiloxyphenyl Dimethicone, Silk Amino Acids,<br \/>\nEthylhexyl Methoxycinnamate, Parfum.Ingredi\u00ebnten: Cyclopentasiloxane, Dimethiconol, Argania Spinoza Kernel Oil,<br \/>\nTrimethylsiloxyphenyl Dimethicone, Silk Amino Acids, Ethylhexyl Methoxycinnamate, Parfum.Cyclopentasiloxane,<br \/>\nDimethiconol, Argania Spinoza Kernel Oil, Trimethylsiloxyphenyl Dimethicone, Silk Amino Acids, Ethylhexyl Methoxycinnamate,<br \/>\nParfum.<\/div>\n<div><\/div>\n<div><strong>Leave-in Conditioning Spray 200 ml:<\/strong><br \/>\nAqua, Glycerin, Argania Spinosa Kernel Extract, Silk Amino Acids, Panthenol, Niacinamide, Tocopheryl Acetate,<br \/>\nSodium Cocoyl Amino Acids, Potassium Dimethicone PEG-7 Panthenyl Phosphate, Amodimethicone, C11-15 Pareth-7,<br \/>\nC12-16 Pareth-9, Trideceth-12, Butylene Glycol, PEG-40 Hydrogenated Castor Oil, Polysorbate 20, Ethylhexyl Methoxycinnamate,<br \/>\nCetrimonium Chloride, Phenoxyethanol, Ethylhexylglycerin, Parfum, Citric Acid.<\/div>\n<\/div>\n<div id=\"tab-reviews\" class=\"woocommerce-Tabs-panel woocommerce-Tabs-panel--reviews panel entry-content\" role=\"tabpanel\" aria-labelledby=\"tab-title-reviews\">\n<div id=\"reviews\" class=\"woocommerce-Reviews row\">\n<div id=\"comments\" class=\"col large-12\">\n<h3 class=\"woocommerce-Reviews-title normal\"><\/h3>\n<\/div>\n<\/div>\n<\/div>\n","protected":false},"excerpt":{"rendered":"<p>Sveik\u0173, \u017evilgan\u010di\u0173 plauk\u0173 paslaptis. Nenuplaunamo kondicionieriaus ir dr\u0117kinamojo argano eliksyro derinys sukuria tobul\u0105 pagrind\u0105 bet kokiam stiliui.<\/p>\n<p>Praturtintas apsauginiais UV filtrais, apsaugan\u010diais plaukus nuo kar\u0161\u010dio sukeliam\u0173 formavimo priemoni\u0173. Dabar praturtintas \u0161iltu ir a\u0161triu imbiero 1974 kvapu.<\/p>\n<p>Puikus pagrindas bet kokiam stiliui<br \/>\nI\u0161lygina \u0161iau\u0161im\u0105si ir atkuria \u0161velnum\u0105<br \/>\nPraturtintas imbieru 1974<\/p>\n","protected":false},"featured_media":11032,"comment_status":"open","ping_status":"closed","template":"","meta":[],"product_cat":[272,126],"product_tag":[],"class_list":{"0":"post-11031","1":"product","2":"type-product","3":"status-publish","4":"has-post-thumbnail","6":"product_cat-balmain-hair-fluidas-purskiklis-plaukams","7":"product_cat-fluidas-purskiklis-plaukams","9":"first","10":"instock","11":"shipping-taxable","12":"purchasable","13":"product-type-simple"},"_links":{"self":[{"href":"https:\/\/nextglow.lt\/en\/wp-json\/wp\/v2\/product\/11031","targetHints":{"allow":["GET"]}}],"collection":[{"href":"https:\/\/nextglow.lt\/en\/wp-json\/wp\/v2\/product"}],"about":[{"href":"https:\/\/nextglow.lt\/en\/wp-json\/wp\/v2\/types\/product"}],"replies":[{"embeddable":true,"href":"https:\/\/nextglow.lt\/en\/wp-json\/wp\/v2\/comments?post=11031"}],"wp:featuredmedia":[{"embeddable":true,"href":"https:\/\/nextglow.lt\/en\/wp-json\/wp\/v2\/media\/11032"}],"wp:attachment":[{"href":"https:\/\/nextglow.lt\/en\/wp-json\/wp\/v2\/media?parent=11031"}],"wp:term":[{"taxonomy":"product_cat","embeddable":true,"href":"https:\/\/nextglow.lt\/en\/wp-json\/wp\/v2\/product_cat?post=11031"},{"taxonomy":"product_tag","embeddable":true,"href":"https:\/\/nextglow.lt\/en\/wp-json\/wp\/v2\/product_tag?post=11031"}],"curies":[{"name":"wp","href":"https:\/\/api.w.org\/{rel}","templated":true}]}}