{"id":11038,"date":"2025-10-16T21:58:04","date_gmt":"2025-10-16T18:58:04","guid":{"rendered":"https:\/\/nextglow.lt\/?post_type=product&#038;p=11038"},"modified":"2025-10-16T21:58:04","modified_gmt":"2025-10-16T18:58:04","slug":"balmain-hair-rinkinys-leave-in-conditioning-spray-argan-elixir","status":"publish","type":"product","link":"https:\/\/nextglow.lt\/en\/produktas\/balmain-hair-rinkinys-leave-in-conditioning-spray-argan-elixir\/","title":{"rendered":"BALMAIN HAIR rinkinys \/ Leave-in Conditioning Spray &#038; Argan Elixir"},"content":{"rendered":"<div>\n<p><strong><br \/>\n<\/strong>Nenuplaunamas kondicionierius neleid\u017eia plaukams veltis, saugo juos nuo pa\u017eeidim\u0173 ir suteikia sveiko, nat\u016bralaus spindesio. Be paraben\u0173 ir sulfat\u0173.<\/p>\n<\/div>\n<div>\n<p>Dr\u0117kinamasis argano aliejaus eliksyras. Nat\u016bralus gaivinamasis serumas akimirksniu plaukams suteikia lygi\u0105 ir sveik\u0105 i\u0161vaizd\u0105. Keletas mililitr\u0173 dr\u0117kinamojo aliejaus pravers prie\u0161 plauk\u0173 plovim\u0105. Plaukai sugers aliej\u0173 ir tai juos apsaugos nuo v\u0117limosi plaunant ir v\u0117liau. Priemon\u0117 sutrumpins plauk\u0173 d\u017eiovinimo laik\u0105.<\/p>\n<div id=\"tab-description\" class=\"woocommerce-Tabs-panel woocommerce-Tabs-panel--description panel entry-content active\" role=\"tabpanel\" aria-labelledby=\"tab-title-description\">\n<p><strong>Balmain Hair Leave-in Conditioning Spray 200ml<\/strong><br \/>\n<em><strong>Ingredientai<\/strong><\/em>: Aqua, Cetearyl Alcohol, Glyceryl Stearate, Stearamidopropyl Dimethylamine, Argania Spinosa Kernel Oil, Silk Amino Acids, Panthenol, Dimethylpabamidopropyl Lauryldimonium Tosylate, Propylene Glycol Stearate, Sodium Cocoyl Amino Acids, Potassium Dimethicone PEG-7 Panthenyl Phosphate, Behenoyl PG-Trimonium Chloride, Quaternium-80, Amodimethicone, C11-15 Paret h-7, Laureth-9, Glycerin, Trideceth-12, Ethylhexyl Methoxycinnamate, Ceteareth-20, Phenoxyethanol, Ethylhexylglycerin, Polyquaternium-37, Propylene Glycol Dicaprylate\/ Dicaprate, PPG-1 Trideceth-6, Parfum, Citric Acid<\/p>\n<p><strong>Balmain Hair Argan Moisturizing Elixir 100ml<br \/>\n<\/strong><em><strong><i>Ingredientai:\u00a0<\/i><\/strong>Cyclopentasiloxane, Dimethiconol, Argania Spinoza Kernel Oil, Trimethylsiloxyphenyl Dimethicone, Silk Amino Acids, Ethylhexyl Methoxycinnamate, Parfum<\/em><\/p>\n<\/div>\n<\/div>\n","protected":false},"excerpt":{"rendered":"<p>Fantasti\u0161kas pur\u0161kiamo nenuplaunamo kondicionieriaus ir dr\u0117kinan\u010dio argano eliksyro derinys yra idealus pagrindas bet kokiai \u0161ukuosenai, tuo pa\u010diu u\u017etikrinant maksimali\u0105 plauk\u0173 apsaug\u0105 ir gil\u0173 dr\u0117kinim\u0105. Tai itin efektyvus produkt\u0173 derinys, naudojamas pasaulinio garso mad\u0173 \u0161ou u\u017ekulisiuose. Su \u0161iais produktais lengvai padarysite plaukus sveikais, pamaitintais, sudr\u0117kintais ir \u017evilgan\u010diais! Produktai turi UV filtrus, taip pat apsaugo plaukus terminio apdorojimo metu.<\/p>\n<p>\u2013 Idealus pagrindas bet kokiai \u0161ukuosenai u\u017ebaigti<br \/>\n\u2013 Suma\u017eina v\u0117lim\u0105si ir nepaklusnum\u0105<br \/>\n\u2013 Gr\u0105\u017eina nat\u016bral\u0173 plauk\u0173 blizges\u012f<br \/>\n\u2013 Giliai dr\u0117kina ir maitina plaukus<br \/>\n\u2013 Sud\u0117tyje yra UV filtr\u0173<\/p>\n","protected":false},"featured_media":11041,"comment_status":"open","ping_status":"closed","template":"","meta":[],"product_cat":[272,126],"product_tag":[],"class_list":{"0":"post-11038","1":"product","2":"type-product","3":"status-publish","4":"has-post-thumbnail","6":"product_cat-balmain-hair-fluidas-purskiklis-plaukams","7":"product_cat-fluidas-purskiklis-plaukams","9":"first","10":"instock","11":"shipping-taxable","12":"purchasable","13":"product-type-simple"},"_links":{"self":[{"href":"https:\/\/nextglow.lt\/en\/wp-json\/wp\/v2\/product\/11038","targetHints":{"allow":["GET"]}}],"collection":[{"href":"https:\/\/nextglow.lt\/en\/wp-json\/wp\/v2\/product"}],"about":[{"href":"https:\/\/nextglow.lt\/en\/wp-json\/wp\/v2\/types\/product"}],"replies":[{"embeddable":true,"href":"https:\/\/nextglow.lt\/en\/wp-json\/wp\/v2\/comments?post=11038"}],"wp:featuredmedia":[{"embeddable":true,"href":"https:\/\/nextglow.lt\/en\/wp-json\/wp\/v2\/media\/11041"}],"wp:attachment":[{"href":"https:\/\/nextglow.lt\/en\/wp-json\/wp\/v2\/media?parent=11038"}],"wp:term":[{"taxonomy":"product_cat","embeddable":true,"href":"https:\/\/nextglow.lt\/en\/wp-json\/wp\/v2\/product_cat?post=11038"},{"taxonomy":"product_tag","embeddable":true,"href":"https:\/\/nextglow.lt\/en\/wp-json\/wp\/v2\/product_tag?post=11038"}],"curies":[{"name":"wp","href":"https:\/\/api.w.org\/{rel}","templated":true}]}}