{"id":11058,"date":"2025-10-16T22:52:10","date_gmt":"2025-10-16T19:52:10","guid":{"rendered":"https:\/\/nextglow.lt\/?post_type=product&#038;p=11058"},"modified":"2025-10-16T22:56:24","modified_gmt":"2025-10-16T19:56:24","slug":"11058","status":"publish","type":"product","link":"https:\/\/nextglow.lt\/en\/produktas\/11058\/","title":{"rendered":"BALMAIN HAIR plauk\u0173 dulksna \/ Silk Perfume 200ml"},"content":{"rendered":"<p>Pridedamas <strong>Silk Perfume Vaporizer\u00a0<\/strong>\u2013 specialus purk\u0161tuvas, kuris suteikia produktui ypa\u010d pary\u017eieti\u0161k\u0105 i\u0161vaizd\u0105 ir u\u017etikrina optimal\u0173 pur\u0161kiklio paskirstym\u0105!<\/p>\n<p><strong>Naudojimas:<\/strong> Nedidel\u012f produkto kiek\u012f u\u017epurk\u0161kite ant plauk\u0173 25-30 cm atstumu. Nenuskalaukite.<\/p>\n<p>Rekomendacija: <strong>Silk Perfume<\/strong> galima naudoti kaip plaukuose paliekam\u0105 balzam\u0105, kad b\u016bt\u0173 lengviau i\u0161\u0161ukuoti plaukus ir jie gra\u017eiai blizg\u0117t\u0173.<\/p>\n<div id=\"tab-description\" class=\"woocommerce-Tabs-panel woocommerce-Tabs-panel--description panel entry-content active\" role=\"tabpanel\" aria-labelledby=\"tab-title-description\">\n<div class=\"product attribute product-attribute attribute-collapse overview\">\n<div id=\"overview\" class=\"attribute_value collapse show itemprop=\">\n<div class=\"product attribute product-attribute usp-attribute\">U\u017ebaigiantis blizgesio suteikiantis pur\u0161kiklis su \u0161ilko baltymais ir grynu organiniu argano aliejumi. Suteikia lengv\u0105, ilgai i\u0161liekan\u010di\u0105 \u0161ilkin\u0119 i\u0161vaizd\u0105. Atkuria, ir apsaugo plaukus nuo i\u0161orini\u0173 pa\u017eeidim\u0173.<\/div>\n<\/div>\n<\/div>\n<div class=\"product attribute product-attribute attribute-collapse description\">\n<p>\u2013 Gaivus kvapas plaukams<br \/>\n\u2013 Praturtintas argano ir \u0161ilko baltymais<br \/>\n\u2013 Suteikia plaukams blizges<\/p>\n<\/div>\n<p><em><strong><i>Ingredientai:\u00a0<\/i><\/strong><\/em><em>Cyclopentasiloxane, Dimethicone, Argania Spinoza Kernel Oil, Silk Amino Acids, Simmondsia Chinensis (Jojoba) Seed Oil, Prunus Amygdalus Dulcis Oil, Ethylhexyl Methoxycinnamate, Parfum.<\/em><\/p>\n<\/div>\n<div id=\"tab-additional_information\" class=\"woocommerce-Tabs-panel woocommerce-Tabs-panel--additional_information panel entry-content\" role=\"tabpanel\" aria-labelledby=\"tab-title-additional_information\">\n<table class=\"woocommerce-product-attributes shop_attributes\" aria-label=\"Product Details\">\n<tbody>\n<tr class=\"woocommerce-product-attributes-item woocommerce-product-attributes-item--attribute_pa_hooldus\">\n<th class=\"woocommerce-product-attributes-item__label\" scope=\"row\"><\/th>\n<td class=\"woocommerce-product-attributes-item__value\">&nbsp;<\/td>\n<\/tr>\n<\/tbody>\n<\/table>\n<\/div>\n<div id=\"tab-reviews\" class=\"woocommerce-Tabs-panel woocommerce-Tabs-panel--reviews panel entry-content\" role=\"tabpanel\" aria-labelledby=\"tab-title-reviews\">\n<div id=\"reviews\" class=\"woocommerce-Reviews row\">\n<div id=\"comments\" class=\"col large-12\">\n<h3 class=\"woocommerce-Reviews-title normal\"><\/h3>\n<\/div>\n<\/div>\n<\/div>\n","protected":false},"excerpt":{"rendered":"<p>Blizgesio suteikiantis pur\u0161kiklis \u0161ukuosenai u\u017ebaigti. Sud\u0117tyje yra maitinamojo argano aliejaus, \u0161ilko ir ka\u0161myro baltym\u0173. Moksli\u0161kai \u0161ilko baltymai ir nat\u016bral\u016bs plauk\u0173 baltymai yra beveik identi\u0161ki. \u0160ilko baltymuose yra 17 i\u0161 19 nat\u016braliuose plaukuose esan\u010di\u0173 aminor\u016bg\u0161\u010di\u0173. \u0160is ingredientas pa\u010diu nat\u016braliausiu b\u016bdu atkuria pa\u017eeistas plauk\u0173 baltymines l\u0105steles.<br \/>\nProduktas pagerina nat\u016brali\u0105 plauk\u0173 molekulin\u0119 strukt\u016br\u0105, jis padeda u\u017etikrinti sveikus ir nepa\u017eeistus plaukus.<br \/>\nProduktas padeda i\u0161narplioti susipynusius plaukus ir atkuria pa\u017eeistus plaukus, suteikia ilgalaik\u012f blizges\u012f ir apsaugo nuo i\u0161orini\u0173 pa\u017eeidim\u0173. \u0160ilko baltymai ir argano aliejus palaiko optimal\u0173 dr\u0117gm\u0117s lyg\u012f plaukuose, atkuria ir apsaugo pa\u017eeistus, sausus ir silpnus plaukus nuo \u017ealingo aplinkos poveikio. Plaukai tampa \u017evilgantys ir spindintys. Produktas praturtintas firmini\u0173 <strong>Balmain Hair<\/strong> kvepal\u0173 aromatu.<\/p>\n","protected":false},"featured_media":11067,"comment_status":"open","ping_status":"closed","template":"","meta":[],"product_cat":[272,126],"product_tag":[],"class_list":{"0":"post-11058","1":"product","2":"type-product","3":"status-publish","4":"has-post-thumbnail","6":"product_cat-balmain-hair-fluidas-purskiklis-plaukams","7":"product_cat-fluidas-purskiklis-plaukams","9":"first","10":"instock","11":"shipping-taxable","12":"purchasable","13":"product-type-variable"},"_links":{"self":[{"href":"https:\/\/nextglow.lt\/en\/wp-json\/wp\/v2\/product\/11058","targetHints":{"allow":["GET"]}}],"collection":[{"href":"https:\/\/nextglow.lt\/en\/wp-json\/wp\/v2\/product"}],"about":[{"href":"https:\/\/nextglow.lt\/en\/wp-json\/wp\/v2\/types\/product"}],"replies":[{"embeddable":true,"href":"https:\/\/nextglow.lt\/en\/wp-json\/wp\/v2\/comments?post=11058"}],"wp:featuredmedia":[{"embeddable":true,"href":"https:\/\/nextglow.lt\/en\/wp-json\/wp\/v2\/media\/11067"}],"wp:attachment":[{"href":"https:\/\/nextglow.lt\/en\/wp-json\/wp\/v2\/media?parent=11058"}],"wp:term":[{"taxonomy":"product_cat","embeddable":true,"href":"https:\/\/nextglow.lt\/en\/wp-json\/wp\/v2\/product_cat?post=11058"},{"taxonomy":"product_tag","embeddable":true,"href":"https:\/\/nextglow.lt\/en\/wp-json\/wp\/v2\/product_tag?post=11058"}],"curies":[{"name":"wp","href":"https:\/\/api.w.org\/{rel}","templated":true}]}}