{"id":11071,"date":"2025-10-16T23:06:59","date_gmt":"2025-10-16T20:06:59","guid":{"rendered":"https:\/\/nextglow.lt\/?post_type=product&#038;p=11071"},"modified":"2025-10-16T23:06:59","modified_gmt":"2025-10-16T20:06:59","slug":"balmain-hair-arganu-elixyras-argan-moisturizing-elixir-100ml","status":"publish","type":"product","link":"https:\/\/nextglow.lt\/en\/produktas\/balmain-hair-arganu-elixyras-argan-moisturizing-elixir-100ml\/","title":{"rendered":"BALMAIN HAIR argan\u0173 elixyras \/ Argan Moisturizing Elixir 100ml"},"content":{"rendered":"<div id=\"tab-description\" class=\"woocommerce-Tabs-panel woocommerce-Tabs-panel--description panel entry-content active\" role=\"tabpanel\" aria-labelledby=\"tab-title-description\">\n<p>Atjauninantis plaukus grynas ekologi\u0161kas argano aliejus, praturtintas unikaliu aliej\u0173 ir mineral\u0173 mi\u0161iniu. Dr\u0117kina ir mink\u0161tina plaukus. Plauk\u0173 aliejus padidina plauk\u0173 elastingum\u0105 ir nat\u016bral\u0173 blizges\u012f. Atgaivina sausus, pa\u017eeistus plaukus, apsaugo plauk\u0173 galiukus nuo \u0161akojimosi ir ma\u017eina slinkim\u0105.<\/p>\n<p>\u2013 Suteikia \u0161vytint\u012f blizges\u012f<br \/>\n\u2013 Dr\u0117kina<br \/>\n\u2013 Ramina pa\u017eeistus plaukus<\/p>\n<p><em><strong>Naudojimas:<\/strong><\/em> i\u0161plov\u0119 plaukus, kelis la\u0161us eliksyro u\u017ela\u0161inkite ant delno ir tolygiai paskirstykite ant dr\u0117gn\u0173 arba saus\u0173 plauk\u0173 galiuk\u0173. Nenuplaukite. Ant rank\u0173 likus\u012f eliksyr\u0105 \u012fmasa\u017euokite \u012f rank\u0173 od\u0105, jis ypa\u010d gerai veikia kaip nag\u0173 odeli\u0173 dr\u0117kiklis!<\/p>\n<p><em><strong><i>Ingredientai:\u00a0<\/i><\/strong>Cyclopentasiloxane, Dimethiconol, Argania Spinoza Kernel Oil, Trimethylsiloxyphenyl Dimethicone, Silk Amino Acids, Ethylhexyl Methoxycinnamate, Parfum<\/em><\/p>\n<\/div>\n<p><em><strong>Naudojimas:<\/strong><\/em> i\u0161plov\u0119 plaukus, kelis la\u0161us eliksyro u\u017ela\u0161inkite ant delno ir tolygiai paskirstykite ant dr\u0117gn\u0173 arba saus\u0173 plauk\u0173 galiuk\u0173. Nenuplaukite. Ant rank\u0173 likus\u012f eliksyr\u0105 \u012fmasa\u017euokite \u012f rank\u0173 od\u0105, jis ypa\u010d gerai veikia kaip nag\u0173 odeli\u0173 dr\u0117kiklis!<\/p>\n","protected":false},"excerpt":{"rendered":"<p>Atkurian\u010dio poveikio serumas su organiniu argano aliejumi, kuris dr\u0117kina, mink\u0161tina, glotnina ir atgaivina plaukus nepalikdamas liku\u010di\u0173. \u0160ilko baltymai ir argano aliejus palaiko optimal\u0173 dr\u0117gm\u0117s lyg\u012f plaukuose, atkuria ir apsaugo pa\u017eeistus, sausus ir silpnus plaukus nuo \u017ealingo aplinkos poveikio. Eliksyras suteikia deimantinio blizgesio, dr\u0117kina ir glotnina pa\u017eeistus plaukus. Produktas praturtintas firmini\u0173 Balmain Hair kvepal\u0173 aromatu.<br \/>\nArgano eliksyras skiriasi nuo aliejaus d\u0117l savo unikalios sud\u0117ties. Balmain Hair argano eliksyras pagamintas vandens, o ne aliejaus pagrindu \u2013 tai labai didelis skirtumas.<br \/>\nVandens pagrindu pagamintas produktas, prie\u0161ingai nei aliejus, nepalieka plauk\u0173 sunki\u0173 ar imli\u0173 dulk\u0117ms, nes eliksyro sud\u0117tyje esantis vanduo per kelias minutes i\u0161garuoja i\u0161 plauk\u0173, palikdamas reikalingas maisting\u0105sias med\u017eiagas ir dr\u0117kinamuosius komponentus.<\/p>\n","protected":false},"featured_media":11072,"comment_status":"open","ping_status":"closed","template":"","meta":[],"product_cat":[272,126],"product_tag":[],"class_list":{"0":"post-11071","1":"product","2":"type-product","3":"status-publish","4":"has-post-thumbnail","6":"product_cat-balmain-hair-fluidas-purskiklis-plaukams","7":"product_cat-fluidas-purskiklis-plaukams","9":"first","10":"instock","11":"shipping-taxable","12":"purchasable","13":"product-type-simple"},"_links":{"self":[{"href":"https:\/\/nextglow.lt\/en\/wp-json\/wp\/v2\/product\/11071","targetHints":{"allow":["GET"]}}],"collection":[{"href":"https:\/\/nextglow.lt\/en\/wp-json\/wp\/v2\/product"}],"about":[{"href":"https:\/\/nextglow.lt\/en\/wp-json\/wp\/v2\/types\/product"}],"replies":[{"embeddable":true,"href":"https:\/\/nextglow.lt\/en\/wp-json\/wp\/v2\/comments?post=11071"}],"wp:featuredmedia":[{"embeddable":true,"href":"https:\/\/nextglow.lt\/en\/wp-json\/wp\/v2\/media\/11072"}],"wp:attachment":[{"href":"https:\/\/nextglow.lt\/en\/wp-json\/wp\/v2\/media?parent=11071"}],"wp:term":[{"taxonomy":"product_cat","embeddable":true,"href":"https:\/\/nextglow.lt\/en\/wp-json\/wp\/v2\/product_cat?post=11071"},{"taxonomy":"product_tag","embeddable":true,"href":"https:\/\/nextglow.lt\/en\/wp-json\/wp\/v2\/product_tag?post=11071"}],"curies":[{"name":"wp","href":"https:\/\/api.w.org\/{rel}","templated":true}]}}