{"id":11075,"date":"2025-10-16T23:39:17","date_gmt":"2025-10-16T20:39:17","guid":{"rendered":"https:\/\/nextglow.lt\/?post_type=product&#038;p=11075"},"modified":"2025-10-16T23:39:17","modified_gmt":"2025-10-16T20:39:17","slug":"balmain-hair-kondicionierius-dazytiems-plaukams-couleurs-couture-conditioner","status":"publish","type":"product","link":"https:\/\/nextglow.lt\/en\/produktas\/balmain-hair-kondicionierius-dazytiems-plaukams-couleurs-couture-conditioner\/","title":{"rendered":"BALMAIN HAIR kondicionierius da\u017eytiems plaukams \/ Couleurs Couture Conditioner"},"content":{"rendered":"<p><em><strong>Naudojimas:<\/strong><\/em> tepkite ant dr\u0117gn\u0173 plauk\u0173, masa\u017euokite ir \u0161velniai paskirstykite produkt\u0105 per vis\u0105 plauk\u0173 ilg\u012f 3 minutes ir kruop\u0161\u010diai i\u0161skalaukite. I\u0161skalaukite plaukus v\u0117siu vandeniu \u2013 d\u0117l v\u0117saus vandens pH, naudingieji balzamo komponentai geriau \u012fsigers \u012f plaukus ir suteiks jiems gra\u017eaus blizgesio.<\/p>\n<div id=\"tab-description\" class=\"woocommerce-Tabs-panel woocommerce-Tabs-panel--description panel entry-content active\" role=\"tabpanel\" aria-labelledby=\"tab-title-description\">\n<p><i><strong>Ingredientai:<\/strong> <em>Aqua, Cetyl Alcohol, Glycerin, Behentrimonium Chloride, Betaine, Ethylhexyl Palmitate, Hydrolyzed Keratin, Silk Amino Acids, Argania Spinosa Kernel Oil, Helianthus Annuus Seed Oil, Macadamia Ternifolia Seed Oil, Cocos Nucifera Oil, Glycine Soja Oil, Gardenia Tahitensis Flower Extract, Rosmarinus Officinalis Leaf Extract, Chenopodium Quinoa Seed Extract, Tocopherol, Aloe Barbadensis Leaf Juice, Sodium Hyaluronate, Tocopheryl Acetate, Panthenol, Silicone Quaternium-16, Isopropyl Alcohol, Undeceth-11, Butyloctanol, Undeceth-5, Iodopropynyl Butylcarbamate, Polyquaternium-53, Dipropylene Glycol, Polysilicone-19, Ethylhexyl Methoxycinnamate, Hydroxyethylcellulose, Phenoxyethanol, Ethylhexylglycerin, Lactic Acid, Benzoic Acid, Sodium Benzoate, Parfum, Pantolactone, Allantoin, Citric Acid, Sorbic Acid.<\/em><\/i><\/p>\n<\/div>\n<div id=\"tab-additional_information\" class=\"woocommerce-Tabs-panel woocommerce-Tabs-panel--additional_information panel entry-content\" role=\"tabpanel\" aria-labelledby=\"tab-title-additional_information\">\n<table class=\"woocommerce-product-attributes shop_attributes\" aria-label=\"Product Details\">\n<tbody>\n<tr class=\"woocommerce-product-attributes-item woocommerce-product-attributes-item--attribute_pa_hooldus\">\n<th class=\"woocommerce-product-attributes-item__label\" scope=\"row\"><\/th>\n<td class=\"woocommerce-product-attributes-item__value\">&nbsp;<\/td>\n<\/tr>\n<\/tbody>\n<\/table>\n<\/div>\n","protected":false},"excerpt":{"rendered":"<p>Unikalios <strong>Couleurs Couture<\/strong> produkt\u0173 linijos \u0161amp\u016bnas ir balzamas yra specialiai sukurti da\u017eyt\u0173, nualint\u0173 ir pa\u017eeist\u0173 plauk\u0173 prie\u017ei\u016brai. <strong>Couleurs Couture<\/strong> \u0161amp\u016bnas ir balzamas kartu skatina spalvos ilgaam\u017ei\u0161kum\u0105, atkuria, stiprina ir atgaivina plaukus i\u0161 vidaus. D\u0117l patobulintos giliai dr\u0117kinan\u010dios sud\u0117ties plaukai tampa glotn\u016bs ir lengviau \u0161ukuojami, o kartu apsaugomi nuo l\u016b\u017ein\u0117jimo. Pagerina ir sustiprina plaukus, plaukai tampa blizgantys ir \u0161veln\u016bs.<br \/>\nIntensyvus, giliai dr\u0117kinantis balzamas, specialiai sukurtas da\u017eytiems, pa\u017eeistiems ir nualintiems plaukams. Balzamas maitina, valo ir stiprina plaukus i\u0161 vidaus.Produkto sud\u0117tyje yra kruop\u0161\u010diai atrinkt\u0173 pagrindini\u0173 ingredient\u0173: argano eliksyro, \u0161ilko ir ka\u0161myro baltym\u0173, praturtint\u0173 kvinojos s\u0117klomis ir kokos\u0173 aliejumi. Unikalus ir praturtintas geriausi\u0173 ingredient\u0173 derinys stiprina ir dr\u0117kina plaukus giliai i\u0161 vidaus, suteikia jiems nereg\u0117to \u0161velnumo, juos tampa lengva i\u0161\u0161ukuoti ir i\u0161vengti l\u016b\u017ein\u0117jimo. UV filtrai apsaugo plaukus nuo laisv\u0173j\u0173 radikal\u0173, saugodami spalv\u0105.<br \/>\n\u017demas pH lygis ir auk\u0161\u010diausios kokyb\u0117s ingredientai atkuria, stiprina, dr\u0117kina ir apsaugo plauk\u0173 spalv\u0105 nuo i\u0161blukimo. Patobulinta sud\u0117tis, praturtinta auk\u0161\u010diausios kokyb\u0117s ingredientais ir ypatingu firminiu Balmain Hair kvapu.<\/p>\n","protected":false},"featured_media":11081,"comment_status":"open","ping_status":"closed","template":"","meta":[],"product_cat":[275,146],"product_tag":[],"class_list":{"0":"post-11075","1":"product","2":"type-product","3":"status-publish","4":"has-post-thumbnail","6":"product_cat-balmain-hair-kondicionierius-plaukams","7":"product_cat-kondicionierius-plaukams","9":"first","10":"instock","11":"shipping-taxable","12":"purchasable","13":"product-type-variable"},"_links":{"self":[{"href":"https:\/\/nextglow.lt\/en\/wp-json\/wp\/v2\/product\/11075","targetHints":{"allow":["GET"]}}],"collection":[{"href":"https:\/\/nextglow.lt\/en\/wp-json\/wp\/v2\/product"}],"about":[{"href":"https:\/\/nextglow.lt\/en\/wp-json\/wp\/v2\/types\/product"}],"replies":[{"embeddable":true,"href":"https:\/\/nextglow.lt\/en\/wp-json\/wp\/v2\/comments?post=11075"}],"wp:featuredmedia":[{"embeddable":true,"href":"https:\/\/nextglow.lt\/en\/wp-json\/wp\/v2\/media\/11081"}],"wp:attachment":[{"href":"https:\/\/nextglow.lt\/en\/wp-json\/wp\/v2\/media?parent=11075"}],"wp:term":[{"taxonomy":"product_cat","embeddable":true,"href":"https:\/\/nextglow.lt\/en\/wp-json\/wp\/v2\/product_cat?post=11075"},{"taxonomy":"product_tag","embeddable":true,"href":"https:\/\/nextglow.lt\/en\/wp-json\/wp\/v2\/product_tag?post=11075"}],"curies":[{"name":"wp","href":"https:\/\/api.w.org\/{rel}","templated":true}]}}