{"id":11092,"date":"2025-10-16T23:51:09","date_gmt":"2025-10-16T20:51:09","guid":{"rendered":"https:\/\/nextglow.lt\/?post_type=product&#038;p=11092"},"modified":"2025-10-17T06:55:49","modified_gmt":"2025-10-17T03:55:49","slug":"balmain-hair-atstatomasis-kondicionierius-revitalizing-conditioner","status":"publish","type":"product","link":"https:\/\/nextglow.lt\/en\/produktas\/balmain-hair-atstatomasis-kondicionierius-revitalizing-conditioner\/","title":{"rendered":"BALMAIN HAIR atstatomasis kondicionierius \/ Revitalizing Conditioner"},"content":{"rendered":"<div class=\"product attribute product-attribute usp-attribute\">\n<p>Lengvas, maitinantis kondicionierius sausiems, pa\u017eeistiems plaukams. Pa\u017eangi formul\u0117 atkuria plauk\u0173 gyvybingum\u0105, j\u0173 neapsunkinant. Padaro plaukus glotnius ir paklusnius.<\/p>\n<p>\u2013 Atkuria plaukus i\u0161 vidaus<br \/>\n\u2013 Intensyviai maitina<br \/>\n\u2013 Sukuria lygius ir glotnius plaukus<\/p>\n<p><em><strong>Naudojimas:<\/strong><\/em> tepkite ant dr\u0117gn\u0173 plauk\u0173, \u0161velniai masa\u017euokite 3 minutes ir kruop\u0161\u010diai i\u0161skalaukite.<\/p>\n<p><strong><i>I<\/i><\/strong><strong><i>ngredientai:\u00a0<\/i><\/strong><i><em>Aqua\/Water, Cetearyl Alcohol, Behenamidopropyl Dimethylamine, Amodimethicone, Peg\/Ppg-14\/4 Dimethicone, Argania Spinosa Kernel Oil, Stearamidopropyl Dimethylamine, Tridecyl Salicylate, Polyquaternium-7, Polyquaternium-10, Guar Hydroxypropyltrimonium Chloride, Trideceth-10, Cetrimonium Chloride, Xanthan Gum, Lactobacillus\/Wasabia Japonica Root Ferment Extract, Rice Amino Acids, Hydrolyzed Wool, Glycerin, Sorbitol, Lecithin, Retinyl Palmitate, Panthenol, Silanetriol, Melaninate, Plyperfluoroethoxymethoxy Difluoroethyl Peg Phosphate, Superoxide Dismutase, Tocopheryl Acetate, Glyceryl Linolenate, Glyceryl Linoleate Diatomaceous Earth, Lactic Acid, Ethylhexylglycerin, Phenoxyethanol, Parfum.<\/em><\/i><\/p>\n<\/div>\n","protected":false},"excerpt":{"rendered":"<p>Turtingas savo sud\u0117timi kondicionierius sulaiko plaukuose dr\u0117gm\u0119, kad sustiprint\u0173 plauk\u0173 ir, apsaugot\u0173 nuo \u017ealingo aplinkos poveikio. Atkuria prarast\u0105 spindes\u012f. Intensyviai dr\u0117kina plaukus ir stabdo kritim\u0105. Praturtintas vitaminais E, F ir P, ka\u0161myru ir AC Colorplex. Geriausios sudedamosios dalys blizgioms ir sveikoms garbanoms. Vitaminai E, F ir P suteikia plaukams did\u017eiausi\u0105 energijos u\u017etais\u0105. Vitaminai saugo galvos od\u0105 ir atkuria plaukus nuo \u0161akn\u0173 iki galiuk\u0173. Ka\u0161myro baltymai suteikia plaukams prabangos ir \u0161velnumo poj\u016bt\u012f, tod\u0117l plaukai tampa paklusn\u016bs. AC Colorplex \u2013 kompleksas, pagamintas i\u0161 melanino ir japoni\u0161ko vasabi \u0161aknies. Sud\u0117tyje yra blukim\u0105 stabdan\u010dios med\u017eiagos, kuri apsaugo plaukus nuo UV spinduli\u0173 ir neleid\u017eia plaukams blukti ar keisti spalv\u0105.<\/p>\n","protected":false},"featured_media":11095,"comment_status":"open","ping_status":"closed","template":"","meta":[],"product_cat":[275,146],"product_tag":[],"class_list":{"0":"post-11092","1":"product","2":"type-product","3":"status-publish","4":"has-post-thumbnail","6":"product_cat-balmain-hair-kondicionierius-plaukams","7":"product_cat-kondicionierius-plaukams","9":"first","10":"instock","11":"shipping-taxable","12":"purchasable","13":"product-type-variable"},"_links":{"self":[{"href":"https:\/\/nextglow.lt\/en\/wp-json\/wp\/v2\/product\/11092","targetHints":{"allow":["GET"]}}],"collection":[{"href":"https:\/\/nextglow.lt\/en\/wp-json\/wp\/v2\/product"}],"about":[{"href":"https:\/\/nextglow.lt\/en\/wp-json\/wp\/v2\/types\/product"}],"replies":[{"embeddable":true,"href":"https:\/\/nextglow.lt\/en\/wp-json\/wp\/v2\/comments?post=11092"}],"wp:featuredmedia":[{"embeddable":true,"href":"https:\/\/nextglow.lt\/en\/wp-json\/wp\/v2\/media\/11095"}],"wp:attachment":[{"href":"https:\/\/nextglow.lt\/en\/wp-json\/wp\/v2\/media?parent=11092"}],"wp:term":[{"taxonomy":"product_cat","embeddable":true,"href":"https:\/\/nextglow.lt\/en\/wp-json\/wp\/v2\/product_cat?post=11092"},{"taxonomy":"product_tag","embeddable":true,"href":"https:\/\/nextglow.lt\/en\/wp-json\/wp\/v2\/product_tag?post=11092"}],"curies":[{"name":"wp","href":"https:\/\/api.w.org\/{rel}","templated":true}]}}