{"id":11103,"date":"2025-10-17T07:03:20","date_gmt":"2025-10-17T04:03:20","guid":{"rendered":"https:\/\/nextglow.lt\/?post_type=product&#038;p=11103"},"modified":"2025-10-17T07:03:20","modified_gmt":"2025-10-17T04:03:20","slug":"balmain-hair-apimties-suteikiantis-kondicionierius-volume-conditioner-2","status":"publish","type":"product","link":"https:\/\/nextglow.lt\/en\/produktas\/balmain-hair-apimties-suteikiantis-kondicionierius-volume-conditioner-2\/","title":{"rendered":"BALMAIN HAIR apimties suteikiantis kondicionierius \/ Volume Conditioner"},"content":{"rendered":"<p>\u0160velnus, lengvas kondicionierius. Dr\u0117kina ir suteikia apimties ploniems, retiems plaukams. Maitina ir atkuria plaukus i\u0161 vidaus, kad plaukai b\u016bt\u0173 giliai sustiprinti. Sukuria stangrius, \u017evilgan\u010dius ir storesnius plaukus.<\/p>\n<p>\u2013 Kasdienis kondicionierius<br \/>\n\u2013 Suteikia apimties, bet neapsunkina plauk\u0173<br \/>\n\u2013 Pagerina plauk\u0173 tekst\u016br\u0105<\/p>\n<p><em><strong>Naudojimas:<\/strong><\/em> Tepkite ant rank\u0161luos\u010diu nusausint\u0173 plauk\u0173. \u012emasa\u017euokite \u012f plaukus ir palikite 3 minutes. I\u0161skalaukite.<\/p>\n<p>\u0160velnus, lengvas kondicionierius. Dr\u0117kina ir suteikia apimties ploniems, retiems plaukams. Maitina ir atkuria plaukus i\u0161 vidaus, kad plaukai b\u016bt\u0173 giliai sustiprinti. Sukuria stangrius, \u017evilgan\u010dius ir storesnius plaukus.<\/p>\n<p>\u2013 Kasdienis kondicionierius<br \/>\n\u2013 Suteikia apimties, bet neapsunkina plauk\u0173<br \/>\n\u2013 Pagerina plauk\u0173 tekst\u016br\u0105<\/p>\n","protected":false},"excerpt":{"rendered":"<p>Lengva \u0161io balzamo sud\u0117tis kondicionuoja ir maitina plaukus, suteikdamas jiems apimties ir purumo. \u0160ilko proteinai ir argano aliejus palaiko optimal\u0173 dr\u0117gm\u0117s lyg\u012f, atkuria ir apsaugo pa\u017eeistus, sausus ir silpnus plaukus nuo aplinkos poveikio. Prabangi ir lengva, \u0161i produkt\u0173 serija tinka kasdieniam naudojimui, ploniems ir \u0161velniems plaukams suteikia i\u0161skirtinio purumo ir apimties. Rezultatas \u2013 blizgantys, stipr\u016bs, mink\u0161ti ir tobulai u\u017ebaigti plaukai. Asortimentas pasi\u017eymi nuostabiu kvapu, b\u016bdingu Balmain plauk\u0173 gaminiams. Be paraben\u0173 ir sulfat\u0173.<br \/>\n\u2013 Lengva sud\u0117tis<br \/>\n\u2013 Stiprina ir apsaugo plaukus<br \/>\n\u2013 Be paraben\u0173 ir sulfat\u0173<\/p>\n","protected":false},"featured_media":11108,"comment_status":"open","ping_status":"closed","template":"","meta":[],"product_cat":[275,146],"product_tag":[],"class_list":{"0":"post-11103","1":"product","2":"type-product","3":"status-publish","4":"has-post-thumbnail","6":"product_cat-balmain-hair-kondicionierius-plaukams","7":"product_cat-kondicionierius-plaukams","9":"first","10":"instock","11":"shipping-taxable","12":"purchasable","13":"product-type-variable"},"_links":{"self":[{"href":"https:\/\/nextglow.lt\/en\/wp-json\/wp\/v2\/product\/11103","targetHints":{"allow":["GET"]}}],"collection":[{"href":"https:\/\/nextglow.lt\/en\/wp-json\/wp\/v2\/product"}],"about":[{"href":"https:\/\/nextglow.lt\/en\/wp-json\/wp\/v2\/types\/product"}],"replies":[{"embeddable":true,"href":"https:\/\/nextglow.lt\/en\/wp-json\/wp\/v2\/comments?post=11103"}],"wp:featuredmedia":[{"embeddable":true,"href":"https:\/\/nextglow.lt\/en\/wp-json\/wp\/v2\/media\/11108"}],"wp:attachment":[{"href":"https:\/\/nextglow.lt\/en\/wp-json\/wp\/v2\/media?parent=11103"}],"wp:term":[{"taxonomy":"product_cat","embeddable":true,"href":"https:\/\/nextglow.lt\/en\/wp-json\/wp\/v2\/product_cat?post=11103"},{"taxonomy":"product_tag","embeddable":true,"href":"https:\/\/nextglow.lt\/en\/wp-json\/wp\/v2\/product_tag?post=11103"}],"curies":[{"name":"wp","href":"https:\/\/api.w.org\/{rel}","templated":true}]}}