{"id":11110,"date":"2025-10-17T07:12:42","date_gmt":"2025-10-17T04:12:42","guid":{"rendered":"https:\/\/nextglow.lt\/?post_type=product&#038;p=11110"},"modified":"2025-10-17T07:13:20","modified_gmt":"2025-10-17T04:13:20","slug":"balmain-hair-drekinamasis-kondicionierius-moisturizing-conditioner-300ml","status":"publish","type":"product","link":"https:\/\/nextglow.lt\/en\/produktas\/balmain-hair-drekinamasis-kondicionierius-moisturizing-conditioner-300ml\/","title":{"rendered":"BALMAIN HAIR dr\u0117kinamasis kondicionierius \/ Moisturizing Conditioner 300ml"},"content":{"rendered":"<p>Dr\u0117kinamasis patobulintos sud\u0117ties balzamas giliai maitina ir dr\u0117kina plaukus. Jo sud\u0117tis praturtinta grynu organiniu argano aliejumi. Tinka chemi\u0161kai apdorotiems ir (arba) da\u017eytiems plaukams. Plaukai tampa stipr\u016bs, blizgantys, lengvai tvarkomi ir \u0161ukuojami. Maitina, atkuria ir suteikia plaukams nat\u016bralaus \u017evilgesio bei elastingumo. \u0160ilko baltymai ir argano aliejus palaiko optimal\u0173 dr\u0117gm\u0117s lyg\u012f plaukuose, atkuria ir apsaugo pa\u017eeistus, sausus ir silpnus plaukus nuo \u017ealingo aplinkos poveikio. Produktas praturtintas firmini\u0173 \u201eBalmain Hair\u201c kvepal\u0173 aromatu. Be paraben\u0173.<\/p>\n<p><strong><em>Naudojimas<\/em>:<\/strong> tepkite ant dr\u0117gn\u0173 plauk\u0173, masa\u017euokite ir 3 min. \u0161velniai tepkite produkt\u0105 per vis\u0105 plauk\u0173 ilg\u012f, po to kruop\u0161\u010diai i\u0161skalaukite.<\/p>\n<p><em><strong>Rekomenduojame:<\/strong><\/em> i\u0161skalaukite plaukus v\u0117siu vandeniu \u2013 priklausomai nuo v\u0117saus vandens pH lygio, naudingosios balzamo sudedamosios dalys \u012fsigers \u012f plaukus ir suteiks jiems gra\u017eaus blizgesio.<\/p>\n<div id=\"tab-description\" class=\"woocommerce-Tabs-panel woocommerce-Tabs-panel--description panel entry-content active\" role=\"tabpanel\" aria-labelledby=\"tab-title-description\">\n<p><strong><i>Ingredientai:\u00a0<\/i><\/strong><em>Aqua, Cetearyl Alcohol, Behentrimonium Chloride, Dipalmitoylethyl Hydroxyethylmonium Methosulfate , Bis-Diglyceryl Polyacyladipate-2, Cetrimonium Chloride, Argania Spinosa Kernel Oil, Silk Amino Acids, Panthenol, Dimethylpabamidopropyl Lauryldimonium Tosylate, Propylene Glycol Stearate, Ceteareth-20, Quaternium-80, Polyquaternium-16, Ethylhexyl Methoxycinnamate, Phenoxyethanol, Ethylhexylglycerin, Parfum, Citric Acid.<\/em><\/p>\n<\/div>\n","protected":false},"excerpt":{"rendered":"<p>Dr\u0117kinamasis patobulintos sud\u0117ties balzamas giliai maitina ir dr\u0117kina plaukus. Jo sud\u0117tis praturtinta grynu organiniu argano aliejumi. Tinka chemi\u0161kai apdorotiems ir<\/p>\n","protected":false},"featured_media":11120,"comment_status":"open","ping_status":"closed","template":"","meta":[],"product_cat":[275,146],"product_tag":[],"class_list":{"0":"post-11110","1":"product","2":"type-product","3":"status-publish","4":"has-post-thumbnail","6":"product_cat-balmain-hair-kondicionierius-plaukams","7":"product_cat-kondicionierius-plaukams","9":"first","10":"instock","11":"shipping-taxable","12":"purchasable","13":"product-type-variable"},"_links":{"self":[{"href":"https:\/\/nextglow.lt\/en\/wp-json\/wp\/v2\/product\/11110","targetHints":{"allow":["GET"]}}],"collection":[{"href":"https:\/\/nextglow.lt\/en\/wp-json\/wp\/v2\/product"}],"about":[{"href":"https:\/\/nextglow.lt\/en\/wp-json\/wp\/v2\/types\/product"}],"replies":[{"embeddable":true,"href":"https:\/\/nextglow.lt\/en\/wp-json\/wp\/v2\/comments?post=11110"}],"wp:featuredmedia":[{"embeddable":true,"href":"https:\/\/nextglow.lt\/en\/wp-json\/wp\/v2\/media\/11120"}],"wp:attachment":[{"href":"https:\/\/nextglow.lt\/en\/wp-json\/wp\/v2\/media?parent=11110"}],"wp:term":[{"taxonomy":"product_cat","embeddable":true,"href":"https:\/\/nextglow.lt\/en\/wp-json\/wp\/v2\/product_cat?post=11110"},{"taxonomy":"product_tag","embeddable":true,"href":"https:\/\/nextglow.lt\/en\/wp-json\/wp\/v2\/product_tag?post=11110"}],"curies":[{"name":"wp","href":"https:\/\/api.w.org\/{rel}","templated":true}]}}