{"id":11173,"date":"2026-04-09T12:08:32","date_gmt":"2026-04-09T09:08:32","guid":{"rendered":"https:\/\/nextglow.lt\/?post_type=product&#038;p=11173"},"modified":"2026-04-09T12:08:32","modified_gmt":"2026-04-09T09:08:32","slug":"plauku-aliejus-eliksyras-eleven-australia-miracle-hair-treatment-oil-elixir-ele226-100-ml","status":"publish","type":"product","link":"https:\/\/nextglow.lt\/en\/produktas\/plauku-aliejus-eliksyras-eleven-australia-miracle-hair-treatment-oil-elixir-ele226-100-ml\/","title":{"rendered":"Plauk\u0173 aliejus-eliksyras ELEVEN Australia Miracle Hair Treatment Oil Elixir ELE226, 100 ml"},"content":{"rendered":"<p><strong>ELEVEN<\/strong><strong> Australia<\/strong> <strong>\u201e<\/strong><strong>Miracle Hair Treatment Oil Elixir<\/strong><strong>\u201c<\/strong> lengvos konsistencijos plauk\u0173 aliejus-eliksyras su peptidais, marulos ir argano aliejais skirtas kasdienei plauk\u0173 prie\u017ei\u016brai. Priemon\u0117 gali pad\u0117ti kontroliuoti plauk\u0173 \u0161iau\u0161im\u0105si, suma\u017einti skilin\u0117jan\u010di\u0173 galiuk\u0173 atsiradimo po\u017eymius bei suteikti plaukams \u0161velnumo ir \u017evilgesio. Priemon\u0117 tinka vis\u0173 tip\u0173 plaukams, \u012fskaitant da\u017eytus, gali b\u016bti naudojama ant dr\u0117gn\u0173 arba saus\u0173 plauk\u0173 prie\u0161 formavim\u0105 ar po jo, taip pat kaip papildoma naktin\u0117 prie\u017ei\u016bra. Formul\u0117 gali pad\u0117ti apsaugoti plaukus nuo formavimo prietais\u0173 kar\u0161\u010dio poveikio iki 230\u00b0C ir palaikyti sveik\u0105 j\u0173 b\u016bkl\u0119.<\/p>\n<p><strong>Naudojimas: <\/strong>i\u0161spauskite 2-4 priemon\u0117s la\u0161us \u012f delnus ir paskirstykite ant dr\u0117gn\u0173 arba saus\u0173 plauk\u0173 nuo plauk\u0173 vidurio iki galiuk\u0173.<\/p>\n<p><strong>Ingredients<\/strong><strong>:<\/strong><\/p>\n<p>Isododecane, Dimethicone, Dimethiconol, Argania Spinosa Kernel Oil, Sclerocarya Birrea Seed Oil, Parfum (Fragrance), Retinyl Palmitate, Helianthus Annuus Seed Oil, Butylene Glycol, Aqua (Water), Ascorbyl Palmitate, Tocopherol, PPG-26-Buteth-26, PEG-40 Hydrogenated Castor Oil, Linalyl Acetate, Benzyl Benzoate, Benzyl Salicylate, Coumarin, Hexamethylindanopyran, Benzyl Alcohol, Vanillin, Apigenin, Oleanolic Acid, Biotinoyl Tripeptide-1, CI 47000, CI 26100.<\/p>\n<p><em>Produkto sud\u0117tis ilgainiui gali b\u016bti kei\u010diama. Prie\u0161 naudojant produkt\u0105 pra\u0161ome pasitikrinti sud\u0117t\u012f ant pakuot\u0117s. Jei internete nurodyta produkto sud\u0117tis skiriasi nuo pateiktos ant pakuot\u0117s, vadovaukit\u0117s pastar\u0105ja.<\/em><\/p>\n<p><strong>\u012esp\u0117jimai: <\/strong>Sud\u0117tyje yra vitamino A. Prie\u0161 naudojim\u0105 \u012fvertinkite bendr\u0105 vitamino A paros suvartojim\u0105. Saugoti, kad nepatekt\u0173 \u012f akis. Patekus \u012f akis, kruop\u0161\u010diai praplauti \u0161iltu vandeniu. Laikyti vaikams neprieinamoje vietoje.<\/p>\n<p><strong>Gamintojas:<\/strong> ELEVEN Australia<\/p>\n<p><strong>Kilm\u0117s \u0161alis:<\/strong> <strong>Australija<\/strong><\/p>\n<p><strong>Galioja atidarius pakuot\u0119:<\/strong> 12 m\u0117n.<\/p>\n","protected":false},"excerpt":{"rendered":"<p><strong>ELEVEN<\/strong><strong> Australia<\/strong> <strong>\u201e<\/strong><strong>Miracle Hair Treatment Oil Elixir<\/strong><strong>\u201c<\/strong> lengvos konsistencijos plauk\u0173 aliejus-eliksyras su peptidais, marulos ir argano aliejais skirtas kasdienei plauk\u0173 prie\u017ei\u016brai. Priemon\u0117 gali pad\u0117ti kontroliuoti plauk\u0173 \u0161iau\u0161im\u0105si, suma\u017einti skilin\u0117jan\u010di\u0173 galiuk\u0173 atsiradimo po\u017eymius bei suteikti plaukams \u0161velnumo ir \u017evilgesio. Priemon\u0117 tinka vis\u0173 tip\u0173 plaukams, \u012fskaitant da\u017eytus, gali b\u016bti naudojama ant dr\u0117gn\u0173 arba saus\u0173 plauk\u0173 prie\u0161 formavim\u0105 ar po jo, taip pat kaip papildoma naktin\u0117 prie\u017ei\u016bra. Formul\u0117 gali pad\u0117ti apsaugoti plaukus nuo formavimo prietais\u0173 kar\u0161\u010dio poveikio iki 230\u00b0C ir palaikyti sveik\u0105 j\u0173 b\u016bkl\u0119.<\/p>\n","protected":false},"featured_media":11174,"comment_status":"open","ping_status":"closed","template":"","meta":[],"product_cat":[280,126],"product_tag":[],"class_list":{"0":"post-11173","1":"product","2":"type-product","3":"status-publish","4":"has-post-thumbnail","6":"product_cat-eleven","7":"product_cat-fluidas-purskiklis-plaukams","9":"first","10":"instock","11":"shipping-taxable","12":"purchasable","13":"product-type-simple"},"_links":{"self":[{"href":"https:\/\/nextglow.lt\/en\/wp-json\/wp\/v2\/product\/11173","targetHints":{"allow":["GET"]}}],"collection":[{"href":"https:\/\/nextglow.lt\/en\/wp-json\/wp\/v2\/product"}],"about":[{"href":"https:\/\/nextglow.lt\/en\/wp-json\/wp\/v2\/types\/product"}],"replies":[{"embeddable":true,"href":"https:\/\/nextglow.lt\/en\/wp-json\/wp\/v2\/comments?post=11173"}],"wp:featuredmedia":[{"embeddable":true,"href":"https:\/\/nextglow.lt\/en\/wp-json\/wp\/v2\/media\/11174"}],"wp:attachment":[{"href":"https:\/\/nextglow.lt\/en\/wp-json\/wp\/v2\/media?parent=11173"}],"wp:term":[{"taxonomy":"product_cat","embeddable":true,"href":"https:\/\/nextglow.lt\/en\/wp-json\/wp\/v2\/product_cat?post=11173"},{"taxonomy":"product_tag","embeddable":true,"href":"https:\/\/nextglow.lt\/en\/wp-json\/wp\/v2\/product_tag?post=11173"}],"curies":[{"name":"wp","href":"https:\/\/api.w.org\/{rel}","templated":true}]}}