{"id":2923,"date":"2024-02-09T20:27:27","date_gmt":"2024-02-09T18:27:27","guid":{"rendered":"https:\/\/nextglow.lt\/?post_type=product&#038;p=2923"},"modified":"2025-01-02T17:37:24","modified_gmt":"2025-01-02T15:37:24","slug":"hayejin-pale-green-stangrinancios-hidrogelio-paakiu-veido-kaukes","status":"publish","type":"product","link":"https:\/\/nextglow.lt\/en\/produktas\/hayejin-pale-green-stangrinancios-hidrogelio-paakiu-veido-kaukes\/","title":{"rendered":"HAYEJIN \u201ePale Green\u201c stangrinan\u010dios hidrogelio paaki\u0173 veido kauk\u0117s"},"content":{"rendered":"<p>Naudojimas: Rekomenduojame hidrogelio lak\u0161tus d\u0117ti ant \u0161varios ir tonizuotos odos. Kaukes \u0161velniai pakelkite ir atskirkite prid\u0117ta mentele. U\u017ed\u0117kite ant paaki\u0173 srities taip, kad storiausia dalis b\u016bt\u0173 ties i\u0161oriniu akies kampu. Taip pat galite kaukes naudoti kitose veido ir (arba) kaklo srityse (kaktai, tarp antaki\u0173, nosies, l\u016bp\u0173 ar kaklo rauk\u0161l\u0117ms), kurioms reikia papildomos prie\u017ei\u016bros. Palikite lak\u0161tus 20-30 minu\u010di\u0173, tada nuimkite. Skalauti nereikia. Likusi\u0105 esencij\u0105 \u0161velniai patap\u0161nokite, kad geriau \u012fsigert\u0173. Naudokite kasdien arba pagal poreik\u012f.<\/p>\n<h6>Ingredientai : INGREDIENTS: AQUA, GLYCERIN, CARRAGEENAN, CERATONIA SILIQUA GUM, BUTYLENE GLYCOL, CYAMOPSIS TETRAGONOLOBA GUM, GLUCOMANNAN, HYDROXYACETOPHENONE, CALCIUM CHLORIDE, ALLANTOIN, CHLORPHENESIN, CELLULOSE GUM, POTASSIUM CHLORIDE, SUCROSE, CALCIUM LACTATE, SYNTHETIC FLUORPHLOGOPITE, ADENOSINE, DIPOTASSIUM GLYCYRRHIZATE, DISODIUM EDTA, POLYGLYCERYL-10 LAURATE, PROPANEDIOL, ETHYLHEXYLGLYCERIN, MELALEUCA ALTERNIFOLIA LEAF OIL, POTASSIUM HYDROXIDE, CALAMINE, MADECASSOSIDE, ORCHID EXTRACT, MORINGA OLEIFERA SEED OIL, HYDROGENATED POLYISOBUTENE, 1,2-HEXANEDIOL, BAMBUSA VULGARIS EXTRACT, METHYLPROPANEDIOL, CAPRYLYL GLYCOL, ACETYL HEXAPEPTIDE-8, TOCOPHEROL, ALLIUM SATIVUM BULB EXTRACT, AVENA SATIVA KERNEL EXTRACT, BERTHOLLETIA EXCELSA SEED EXTRACT, BRASSICA OLERACEA ITALICA EXTRACT, CAMELLIA SINENSIS SEED EXTRACT, SALMO OVUM EXTRACT, SOLANUM LYCOPERSICUM FRUIT EXTRACT, SPINACIA OLERACEA LEAF EXTRACT, VACCINIUM ANGUSTIFOLIUM FRUIT EXTRACT, WINE EXTRACT, ANEMARRHENA ASPHODELOIDES ROOT EXTRACT, CENTELLA ASIATICA LEAF EXTRACT, ASIATICOSIDE, FAEX EXTRACT, CI 77891, CI 77288<\/h6>\n","protected":false},"excerpt":{"rendered":"<p>Kauk\u0117 yra skirta paaki\u0173 ar bet kurios kitos srities odos, linkusios rauk\u0161l\u0117tis, prie\u017ei\u016brai. Padeda pagerinti odos elastingum\u0105, supermaisto ekstraktai suteikia intensyv\u0173 dr\u0117kinim\u0105 ir maitinim\u0105. Kauk\u0117 greitai nuramina od\u0105 ir suteikia jai gyvybingumo, atgaivina pavargusi\u0105 ir jautri\u0105 od\u0105, suma\u017eina patinim\u0105 paaki\u0173 srityje bei u\u017epildo od\u0105 dr\u0117gme. Dr\u0117kinamosiomis esencijomis gausiai papildytas hidrogelio lak\u0161tas puikiai v\u0117sina od\u0105, tod\u0117l kauk\u0117s neb\u016btina laikyti \u0161aldytuve. Ekologi\u0161ka sud\u0117tis.<\/p>\n<ul>\n<li>Talpa: 60 vnt., 90 g<\/li>\n<li>Ramina \/ Dr\u0117kina \/ Atgaivina \/ V\u0117sina<\/li>\n<li>Dermatologi\u0161kai patikrinta<\/li>\n<\/ul>\n","protected":false},"featured_media":2924,"comment_status":"open","ping_status":"closed","template":"","meta":[],"product_cat":[73,86,78],"product_tag":[],"class_list":{"0":"post-2923","1":"product","2":"type-product","3":"status-publish","4":"has-post-thumbnail","6":"product_cat-veidui","7":"product_cat-paakiu-prieziura","8":"product_cat-veido-kaukes","10":"first","11":"instock","12":"shipping-taxable","13":"purchasable","14":"product-type-simple"},"_links":{"self":[{"href":"https:\/\/nextglow.lt\/en\/wp-json\/wp\/v2\/product\/2923","targetHints":{"allow":["GET"]}}],"collection":[{"href":"https:\/\/nextglow.lt\/en\/wp-json\/wp\/v2\/product"}],"about":[{"href":"https:\/\/nextglow.lt\/en\/wp-json\/wp\/v2\/types\/product"}],"replies":[{"embeddable":true,"href":"https:\/\/nextglow.lt\/en\/wp-json\/wp\/v2\/comments?post=2923"}],"wp:featuredmedia":[{"embeddable":true,"href":"https:\/\/nextglow.lt\/en\/wp-json\/wp\/v2\/media\/2924"}],"wp:attachment":[{"href":"https:\/\/nextglow.lt\/en\/wp-json\/wp\/v2\/media?parent=2923"}],"wp:term":[{"taxonomy":"product_cat","embeddable":true,"href":"https:\/\/nextglow.lt\/en\/wp-json\/wp\/v2\/product_cat?post=2923"},{"taxonomy":"product_tag","embeddable":true,"href":"https:\/\/nextglow.lt\/en\/wp-json\/wp\/v2\/product_tag?post=2923"}],"curies":[{"name":"wp","href":"https:\/\/api.w.org\/{rel}","templated":true}]}}