{"id":2934,"date":"2024-02-09T21:16:54","date_gmt":"2024-02-09T19:16:54","guid":{"rendered":"https:\/\/nextglow.lt\/?post_type=product&#038;p=2934"},"modified":"2024-02-09T22:27:03","modified_gmt":"2024-02-09T20:27:03","slug":"hayejin-blessing-of-sprout-mini-veido-prieziuros-dovanu-rinkinys","status":"publish","type":"product","link":"https:\/\/nextglow.lt\/en\/produktas\/hayejin-blessing-of-sprout-mini-veido-prieziuros-dovanu-rinkinys\/","title":{"rendered":"HAYEJIN \u201eBlessing of Sprout\u201c mini veido prie\u017ei\u016bros dovan\u0173 rinkinys"},"content":{"rendered":"<p>Naudojimas:<\/p>\n<p>1 \u017dINGSNIS \u2013 Prausiklis. Tepkite pakankam\u0105 kiek\u012f ant sudr\u0117kintos veido odos, kad \u012fmasa\u017eavus susidaryt\u0173 pakankamai put\u0173. \u0160velniai juo masa\u017euokite od\u0105, tada nuplaukite drungnu vandeniu.<\/p>\n<p>2 \u017dINGSNIS \u2013 Toneris. Po valymo u\u017etepkite reikiam\u0105 kiek\u012f ant veido ir kaklo, tada \u0161velniai patap\u0161nokite, kad \u012fsigert\u0173.<\/p>\n<p>3 \u017dINGSNIS \u2013 Paaki\u0173 kremas. U\u017etepkite nedidel\u012f kiek\u012f ant nuvalytos paaki\u0173 srities, aplink burn\u0105 ir kakl\u0105, \u0161velniai \u012ftrinkite \u012f od\u0105.<\/p>\n<p>4 \u017dINGSNIS \u2013 Serumas. Ryte ir vakare u\u017etepkite reikiam\u0105 kiek\u012f ant i\u0161 anksto nuvalyto veido ir \u0161velniai patrinkite \u012f od\u0105, kol susigers.<\/p>\n<p>5 \u017dINGSNIS \u2013 Veido kremas. Nedidel\u012f kiek\u012f tolygiai u\u017etepkite ant nuvalytos veido ir kaklo odos, tada \u0161velniais judesiais \u012fmasa\u017euokite.<\/p>\n<h6>1. HAYEJIN Blessing of Sprout Calming Cleanser: AQUA, DISODIUM COCOAMPHODIACETATE, GLYCERIN, SODIUM CHLORIDE, PEG-120 METHYL GLUCOSE DIOLEATE, DECYL GLUCOSIDE, CITRIC ACID, 1,2-HEXANEDIOL, POTASSIUM COCOYL GLYCINATE, PANTHENOL, BUTYLENE GLYCOL, PARFUM, HEXYLENE GLYCOL, ETHYLHEXYLGLYCERIN, NELUMBO NUCIFERA GERM EXTRACT, DISODIUM EDTA, MELIA AZADIRACHTA FLOWER EXTRACT, OCIMUM SANCTUM LEAF EXTRACT, CURCUMA LONGA ROOT EXTRACT, CORALLINA OFFICINALIS EXTRACT, BRASSICA CAMPESTRIS SPROUT EXTRACT, BRASSICA OLERACEA ITALICA SPROUT EXTRACT, HAMAMELIS VIRGINIANA WATER, SOPHORA JAPONICA BUD EXTRACT, TRITICUM VULGARE SPROUT EXTRACT, ECLIPTA PROSTRATA EXTRACT, MORINGA OLEIFERA SEED OIL, LIMONENE, HEXYL CINNAMAL, LINALOOL. 2. HAYEJIN Blessing of Sprout Radiance Toner: AQUA , DIPROPYLENE GLYCOL, 1,2-HEXANEDIOL, BUTYLENE GLYCOL, BETAINE, METHYL GLUCETH-20, PANTHENOL, C12-13 PARETH-9, CARBOMER, TROMETHAMINE, SODIUM PHYTATE, PARFUM, ETHYLHEXYLGLYCERIN, NELUMBO NUCIFERA GERM EXTRACT, SODIUM HYALURONATE, ECTOIN, SYNTHETIC FLUORPHLOGOPITE, AGAR, AMMONIUM ACRYLOYLDIMETHYLTAURATE\/VP COPOLYMER, BRASSICA CAMPESTRIS SPROUT EXTRACT, BRASSICA OLERACEA ITALICA SPROUT EXTRACT, SOPHORA JAPONICA BUD EXTRACT, TRITICUM VULGARE SPROUT EXTRACT, TIN OXIDE, LIMONENE, HEXYL CINNAMAL, LINALOOL, GERANIOL, CI 77891. 3. HAYEJIN Blessing of Sprout Wrinkle-Away Eye Cream: AQUA, BUTYLENE GLYCOL, GLYCERIN, DIMETHICONE, PHENYL TRIMETHICONE, METHYL GLUCETH-20, NIACINAMIDE, BUTYROSPERMUM PARKII BUTTER, HYDROGENATED POLYDECENE, CETEARYL ALCOHOL, CETYL ALCOHOL, STEARYL ALCOHOL, 1,2-HEXANEDIOL, GLYCERYL STEARATE, SODIUM POLYACRYLATE, PEG-100 STEARATE, ETHYLHEXYL STEARATE, PEG-10 DIMETHICONE, POLYGLYCERYL-10 DISTEARATE, CETEARYL GLUCOSIDE, NELUMBO NUCIFERA LEAF EXTRACT, CAPRYLYL GLYCOL, PHYTOSTEROLS, TOCOPHERYL ACETATE, PARFUM, TRIDECETH-6, FICUS CARICA FRUIT EXTRACT, GINKGO BILOBA NUT EXTRACT, MORUS ALBA FRUIT EXTRACT, PUNICA GRANATUM FRUIT EXTRACT, ADENOSINE, CARBOMER, DISODIUM EDTA, SODIUM HYALURONATE, POLYGLUTAMIC ACID, GLUCOSE, ALLANTOIN, CERAMIDE NP, ETHYLHEXYLGLYCERIN, OLIVOYL HYDROLYZED WHEAT PROTEIN, GLYCERYL OLEATE, POTASSIUM HYDROXIDE, AESCULUS HIPPOCASTANUM SEED EXTRACT, CENTELLA ASIATICA EXTRACT, CUCURBITA PEPO FRUIT EXTRACT, MUSA SAPIENTUM FRUIT EXTRACT, MARIS AQUA, POTASSIUM SORBATE, SODIUM BENZOATE, GLYCINE MAX SEED EXTRACT, ULMUS CAMPESTRIS BARK EXTRACT, BRASSICA CAMPESTRIS SPROUT EXTRACT, BRASSICA OLERACEA ITALICA SPROUT EXTRACT, SOPHORA JAPONICA BUD EXTRACT, TRITICUM VULGARE SPROUT EXTRACT, ASPERGILLUS FERMENT, BACILLUS FERMENT, LACTOBACILLUS FERMENT, ASIATIC ACID, ASIATICOSIDE, MADECASSIC ACID. 4. HAYEJIN Blessing of Sprout Enriched Serum: AQUA, NELUMBO NUCIFERA GERM EXTRACT, CYCLOPENTASILOXANE, BUTYLENE GLYCOL, AQUA, CYCLOPENTASILOXANE, BUTYLENE GLYCOL, NIACINAMIDE, DIMETHICONE, 1,2-HEXANEDIOL, BETAINE, CYCLOHEXASILOXANE, GLYCERIN, SODIUM ACRYLATE\/SODIUM ACRYLOYLDIMETHYL TAURATE COPOLYMER, METHYL GLUCETH-20, DIMETHICONE\/VINYL DIMETHICONE CROSSPOLYMER, ISOHEXADECANE, DIMETHICONOL, ACRYLATES\/C10-30 ALKYL ACRYLATE CROSSPOLYMER, TROMETHAMINE, POLYSORBATE 80, PARFUM, SODIUM PHYTATE, ETHYLHEXYLGLYCERIN, NELUMBO NUCIFERA GERM EXTRACT, ADENOSINE, XANTHAN GUM, SORBITAN OLEATE, MADECASSOSIDE, FERULIC ACID, CENTELLA ASIATICA LEAF EXTRACT, BETA-GLUCAN, SCLEROTIUM GUM, ASIATICOSIDE, DEXTRIN, THEOBROMA CACAO EXTRACT, ARGININE, CYSTEINE, ECTOIN, GLUTAMINE, GLYCINE, HISTIDINE, HYALURONIC ACID, INOSITOL, LYSINE, PENTYLENE GLYCOL, RAFFINOSE, SODIUM HYALURONATE, BRASSICA CAMPESTRIS SPROUT EXTRACT, BRASSICA OLERACEA ITALICA SPROUT EXTRACT, SOPHORA JAPONICA BUD EXTRACT, TRITICUM VULGARE SPROUT EXTRACT, CAPRYLYL GLYCOL, LIMONENE, HEXYL CINNAMAL, LINALOOL, GERANIOL. 5. HAYEJIN Blessing of Sprout Vitality Cream: AQUA, BUTYLENE GLYCOL, DIMETHICONE, PHENYL TRIMETHICONE, METHYL GLUCETH-20, ARBUTIN, BUTYROSPERMUM PARKII BUTTER, CETEARYL ALCOHOL, HYDROGENATED POLYDECENE, 1,2-HEXANEDIOL, SODIUM POLYACRYLATE, ETHYLHEXYL STEARATE, PEG-10 DIMETHICONE, GLYCERYL STEARATE, PEG-100 STEARATE, CETEARYL GLUCOSIDE, CAPRYLYL GLYCOL, PARFUM, TOCOPHERYL ACETATE, NELUMBO NUCIFERA GERM EXTRACT, TRIDECETH-6, ADENOSINE, CARBOMER, MADECASSOSIDE, DISODIUM EDTA, SODIUM HYALURONATE, CENTELLA ASIATICA LEAF EXTRACT, ASIATICOSIDE, DEXTRIN, THEOBROMA CACAO EXTRACT, ECTOIN, ETHYLHEXYLGLYCERIN, GLUCOSE, BRASSICA CAMPESTRIS SPROUT EXTRACT, BRASSICA OLERACEA ITALICA SPROUT EXTRACT, SOPHORA JAPONICA BUD EXTRACT, TRITICUM VULGARE SPROUT EXTRACT, LIMONENE, HEXYL CINNAMAL, LINALOOL, GERANIOL.<\/h6>\n","protected":false},"excerpt":{"rendered":"<p>5 \u017eingsni\u0173 veido prie\u017ei\u016bros dovan\u0173 rinkinys, intensyviai dr\u0117kinantis, raminantis, su lotoso pumpur\u0173 ir daig\u0173 galia. Puikus pasirinkimas keliaujant ar norint i\u0161bandyti HAYEJIN kosmetik\u0105. Rinkin\u012f sudaro 5 HAYEJIN produktai:<\/p>\n<ul>\n<li>HAYEJIN \u201eBlessing of Sprout\u201c raminamasis gelinis veido prausiklis, 15ml &#8211; itin \u0161velnus raminamasis gelinis veido prausiklis su mikro burbuliukais, tinka kasdieniam naudojimui.<\/li>\n<li>HAYEJIN \u201eBlessing of Sprout\u201c skaistinamasis toneris, 15ml &#8211; stipriai dr\u0117kina od\u0105, ma\u017eina poras, subalansuoja pH ir paruo\u0161ia j\u0105 kit\u0173 produkt\u0173 naudojimui.<\/li>\n<li>HAYEJIN \u201eBlessing of Sprout\u201c paaki\u0173 kremas nuo rauk\u0161li\u0173, 5ml &#8211; suteikia odai gyvybingumo ir elastingumo, sud\u0117tyje yra botanini\u0173 baltym\u0173, kurie tinka smulki\u0173 rauk\u0161li\u0173 prie\u017ei\u016brai, o CICA kompleksas ir lotoso ekstraktas skaistina od\u0105.<\/li>\n<li>HAYEJIN \u201eBlessing of Sprout\u201c serumas, 10ml &#8211; \u0161ilko \u0161velnumo serumas su koncentruotomis daig\u0173 maistin\u0117mis med\u017eiagomis, u\u017etikrina apsaug\u0105 nuo rauk\u0161li\u0173 susidarymo, atgaivina pavargusi\u0105 veido od\u0105, dr\u0117kina ir intensyviai ramina od\u0105.<\/li>\n<li>HAYEJIN \u201eBlessing of Sprout\u201c gyvybingumo suteikiantis veido kremas, 10ml &#8211; lengvos ir \u0161velnios tekst\u016bros kremas intensyviai dr\u0117kina, skaistina, ma\u017eina rauk\u0161les ir atkuria odos elastingum\u0105, greitai \u012fsigeria.<\/li>\n<\/ul>\n","protected":false},"featured_media":2936,"comment_status":"open","ping_status":"closed","template":"","meta":[],"product_cat":[79],"product_tag":[],"class_list":{"0":"post-2934","1":"product","2":"type-product","3":"status-publish","4":"has-post-thumbnail","6":"product_cat-dovanu-rinkiniai","8":"first","9":"instock","10":"shipping-taxable","11":"purchasable","12":"product-type-simple"},"_links":{"self":[{"href":"https:\/\/nextglow.lt\/en\/wp-json\/wp\/v2\/product\/2934","targetHints":{"allow":["GET"]}}],"collection":[{"href":"https:\/\/nextglow.lt\/en\/wp-json\/wp\/v2\/product"}],"about":[{"href":"https:\/\/nextglow.lt\/en\/wp-json\/wp\/v2\/types\/product"}],"replies":[{"embeddable":true,"href":"https:\/\/nextglow.lt\/en\/wp-json\/wp\/v2\/comments?post=2934"}],"wp:featuredmedia":[{"embeddable":true,"href":"https:\/\/nextglow.lt\/en\/wp-json\/wp\/v2\/media\/2936"}],"wp:attachment":[{"href":"https:\/\/nextglow.lt\/en\/wp-json\/wp\/v2\/media?parent=2934"}],"wp:term":[{"taxonomy":"product_cat","embeddable":true,"href":"https:\/\/nextglow.lt\/en\/wp-json\/wp\/v2\/product_cat?post=2934"},{"taxonomy":"product_tag","embeddable":true,"href":"https:\/\/nextglow.lt\/en\/wp-json\/wp\/v2\/product_tag?post=2934"}],"curies":[{"name":"wp","href":"https:\/\/api.w.org\/{rel}","templated":true}]}}