{"id":2942,"date":"2024-02-09T21:25:23","date_gmt":"2024-02-09T19:25:23","guid":{"rendered":"https:\/\/nextglow.lt\/?post_type=product&#038;p=2942"},"modified":"2024-02-09T23:05:27","modified_gmt":"2024-02-09T21:05:27","slug":"hayejin-ricefila-rice-bran-3-zingsniu-dovanu-rinkinys-veido-ir-kuno-prieziurai","status":"publish","type":"product","link":"https:\/\/nextglow.lt\/en\/produktas\/hayejin-ricefila-rice-bran-3-zingsniu-dovanu-rinkinys-veido-ir-kuno-prieziurai\/","title":{"rendered":"HAYEJIN \u201eRiceFila\u2122 &#038; Rice Bran\u201c 3 \u017eingsni\u0173 Dovan\u0173 Rinkinys Veido ir K\u016bno prie\u017ei\u016brai"},"content":{"rendered":"<p>1 \u017dINGSNIS \u2013 Aliejaus pagrindo toneris. Prie\u0161 pradedant naudoti, papurtykite buteliuk\u0105, kad sumai\u0161ytum\u0117te aliejaus sluoksn\u012f su ekstrakto sluoksniu. Nusiplovus veid\u0105, toner\u012f u\u017etepkite ant sausos odos ir lengvai patap\u0161nokite kol \u012fsigers.<\/p>\n<p>2 \u017dINGSNIS \u2013 Veido kremas. Po valymo u\u017etepkite reikiam\u0105 kiek\u012f ant veido ir kaklo, tada \u0161velniai patap\u0161nokite, kad \u012fsigert\u0173.<\/p>\n<p>3 \u017dINGSNIS \u2013 K\u016bno aliejus. Tolygiai paskirstykite nedidel\u012f kiek\u012f aliejaus ant \u0161varios odos ir \u012fmasa\u017euokite. Geresniam poveikiui tepti k\u016bno aliej\u0173 rekomenduojama ant dr\u0117gnos odos.<\/p>\n<h6>1. HAYEJIN \u201eRiceFila\u2122\u201c aliejaus pagrindo tonikas INGREDIENTS: AQUA, TRIETHYLHEXANOIN, METHYLPROPANEDIOL, HYDROGENATED POLY(C6-14 OLEFIN), 1,2-HEXANEDIOL, NIACINAMIDE, ORYZA SATIVA (RICE) BRAN EXTRACT, ULMUS DAVIDIANA ROOT EXTRACT, AMARANTHUS CAUDATUS SEED EXTRACT, ORYZA SATIVA (RICE) EXTRACT, ORYZA SATIVA (RICE) BRAN OIL, HYDROGENATED LECITHIN, OLEA EUROPAEA (OLIVE) FRUIT OIL, PELARGONIUM GRAVEOLENS FLOWER OIL, LAVANDULA ANGUSTIFOLIA (LAVENDER) OIL, ANTHEMIS NOBILIS FLOWER OIL, CITRUS AURANTIUM DULCIS (ORANGE) PEEL OIL, JUNIPERUS MEXICANA OIL, BUTYLENE GLYCOL, POLYGLYCERYL-10 MYRISTATE, ADENOSINE, CELLULOSE GUM, CANDIDA BOMBICOLA\/GLUCOSE\/METHYL RAPESEEDATE FERMENT, MALTODEXTRIN, TOCOPHEROL, PHYTIC ACID, HYDROLYZED VEGETABLE PROTEIN, ETHYLHEXYLGLYCERIN, CAPRYLYL GLYCOL, CITRONELLOL, LINALOOL, GERANIOL, LIMONENE 2. HAYEJIN RiceFila\u2122 dr\u0117kinamasis kremas INGREDIENTS: AQUA, GLYCERIN, CAPRYLIC\/CAPRIC TRIGLYCERIDE, 1,2-HEXANEDIOL, SORBITAN STEARATE, NIACINAMIDE, CETEARYL ALCOHOL, GLYCERYL STEARATE, CYCLOHEXASILOXANE, PALMITIC ACID, STEARIC ACID, BUTYLENE GLYCOL, DIPROPYLENE GLYCOL, CARBOMER, TROMETHAMINE, LAMINARIA JAPONICA EXTRACT, ECLIPTA PROSTRATA LEAF EXTRACT, ETHYLHEXYLGLYCERIN, PROPANEDIOL, OLEA EUROPAEA (OLIVE) FRUIT OIL, SODIUM HYALURONATE, ORYZA SATIVA (RICE) BRAN EXTRACT, XANTHAN GUM, FRUCTOOLIGOSACCHARIDES, HYDROGENATED LECITHIN, DISODIUM EDTA, PELARGONIUM GRAVEOLENS FLOWER OIL, BETA-GLUCAN, LAVANDULA ANGUSTIFOLIA (LAVENDER) OIL, ACMELLA OLERACEA EXTRACT, PANTHENOL, HYDROLYZED HYALURONIC ACID, ANTHEMIS NOBILIS FLOWER OIL, CAPRYLYL GLYCOL, MYRISTIC ACID, CENTELLA ASIATICA EXTRACT, FICUS CARICA (FIG) FRUIT EXTRACT, RAFFINOSE, PENTYLENE GLYCOL, CITRUS AURANTIUM DULCIS (ORANGE) PEEL OIL, CERAMIDE NP, ORYZA SATIVA (RICE) BRAN OIL, FOLIC ACID, JUNIPERUS MEXICANA OIL, CHOLESTEROL, PHYTOSPHINGOSINE, SODIUM HYALURONATE CROSSPOLYMER, ORYZA SATIVA (RICE) EXTRACT, TOCOPHEROL, HYALURONIC ACID, MALTODEXTRIN, HYDROLYZED VEGETABLE PROTEIN, PHYTIC ACID, HYDROLYZED SODIUM HYALURONATE, PALMITOYL PENTAPEPTIDE-4, CANDIDA BOMBICOLA\/GLUCOSE\/METHYL RAPESEEDATE FERMENT, CITRONELLOL, LINALOOL, GERANIOL, LIMONENE, CITRAL 3. HAYEJIN ry\u017ei\u0173 s\u0117len\u0173 aliejus k\u016bnui INGREDIENTS: ORYZA SATIVA (RICE) BRAN OIL, CAPRYLIC\/CAPRIC TRIGLYCERIDE, GLYCERYL CAPRYLATE, CAPRYLYL GLYCOL, OLEA EUROPAEA (OLIVE) FRUIT OIL, PELARGONIUM GRAVEOLENS FLOWER OIL, BISABOLOL, TOCOPHERYL LINOLEATE, ETHYLHEXYLGLYCERIN, LAVANDULA ANGUSTIFOLIA (LAVENDER) OIL, ANTHEMIS NOBILIS FLOWER OIL, CITRUS AURANTIUM DULCIS (ORANGE) PEEL OIL, JUNIPERUS MEXICANA OIL, CANDIDA BOMBICOLA\/GLUCOSE\/METHYL RAPESEEDATE FERMENT, WATER, TOCOPHEROL, MALTODEXTRIN, HYDROLYZED VEGETABLE PROTEIN, PHYTIC ACID, BUTYLENE GLYCOL, ORYZA SATIVA (RICE) BRAN EXTRACT, 1,2-HEXANEDIOL, ORYZA SATIVA (RICE) EXTRACT, CITRONELLOL, LINALOOL, GERANIOL, LIMONENE, CITRAL<\/h6>\n","protected":false},"excerpt":{"rendered":"<div class=\"elementor-element elementor-element-27e5fbd8 elementor-widget elementor-widget-reycore-woo-pdp-short-desc\" data-id=\"27e5fbd8\" data-element_type=\"widget\" data-widget_type=\"reycore-woo-pdp-short-desc.default\">\n<div class=\"elementor-widget-container\">\n<div class=\"woocommerce-product-details__short-description\">\n<p>1 \u017eingsnis \u2013 HAYEJIN RiceFila\u2122 aliejaus pagrindo toneris, 150ml. Dvigubo sluoksnio aliejaus pagrindo toneris su ry\u017ei\u0173 s\u0117len\u0173 aliejumi ir ry\u017ei\u0173 s\u0117len\u0173 ekstraktu palaiko optimal\u0173 odos dr\u0117gm\u0117s ir riebal\u0173 balans\u0105. Toneris ir losjonas viename buteliuke \u2013 papur\u010dius susimai\u0161o \u012f maitinant\u012f fluid\u0105, kuris suteikia odai tobul\u0105 dr\u0117kinim\u0105, maitinim\u0105 ir padeda u\u017ekirsti keli\u0105 rauk\u0161li\u0173 atsiradimui. Papildytas botanin\u0117s kilm\u0117s peptidais, 8 gamtin\u0117s kilm\u0117s aliejais ir fitino r\u016bg\u0161timi padeda atgaivinti od\u0105 ir sustiprinti odos apsaugin\u012f barjer\u0105, pakelti odos tonus\u0105 ir pagerinti odos tekst\u016br\u0105.<\/p>\n<p>2 \u017eingsnis \u2013 HAYEJIN RiceFila\u2122 dr\u0117kinamasis kremas, 50ml. Itin lengvos tekst\u016bros dr\u0117kinamasis kremas i\u0161laiko J\u016bs\u0173 odos dr\u0117gnum\u0105 net iki 50 valand\u0173. Pripildytas 5 sluoksni\u0173 hialurono r\u016bg\u0161timi, botanin\u0117s kilm\u0117s peptidais, ry\u017ei\u0173 keramidu ir ry\u017ei\u0173 s\u0117len\u0173 aliejumi, suteikia ilgai i\u0161liekant\u012f dr\u0117kinim\u0105 ir maitinim\u0105, sustiprina odos apsaugin\u012f barjer\u0105 ir atkuria dr\u0117gm\u0117s balans\u0105.<\/p>\n<p>3 \u017eingsnis \u2013 HAYEJIN ry\u017ei\u0173 s\u0117len\u0173 aliejus k\u016bnui, 200ml. Suteikia nepriekai\u0161ting\u0105 ilgai i\u0161liekant\u012f dr\u0117kinim\u0105, od\u0105 prisotina ry\u017ei\u0173 s\u0117len\u0173 maistin\u0117mis med\u017eiagomis, taip pat atstatydamas apsaugin\u012f odos barjer\u0105, padaro od\u0105 \u0161velnia ir sudr\u0117kinta i\u0161tis\u0105 dien\u0105. Akimirksniu \u012fsigeria nepalikdamas jokio lipnumo ar riebumo jausmo.<\/p>\n<p>* ribotas kiekis<\/p>\n<\/div>\n<\/div>\n<\/div>\n<div class=\"elementor-element elementor-element-6ab1a197 elementor-widget elementor-widget-reycore-woo-pdp-add-to-cart\" data-id=\"6ab1a197\" data-element_type=\"widget\" data-widget_type=\"reycore-woo-pdp-add-to-cart.default\">\n<div class=\"elementor-widget-container\">\n<p class=\"stock in-stock\"><span data-no-translation=\"\" data-trp-gettext=\"\">LIKO 11<\/span><\/p>\n<\/div>\n<\/div>\n","protected":false},"featured_media":2943,"comment_status":"open","ping_status":"closed","template":"","meta":[],"product_cat":[73,79,80],"product_tag":[],"class_list":{"0":"post-2942","1":"product","2":"type-product","3":"status-publish","4":"has-post-thumbnail","6":"product_cat-veidui","7":"product_cat-dovanu-rinkiniai","8":"product_cat-rinkiniai","10":"first","11":"instock","12":"shipping-taxable","13":"purchasable","14":"product-type-simple"},"_links":{"self":[{"href":"https:\/\/nextglow.lt\/en\/wp-json\/wp\/v2\/product\/2942","targetHints":{"allow":["GET"]}}],"collection":[{"href":"https:\/\/nextglow.lt\/en\/wp-json\/wp\/v2\/product"}],"about":[{"href":"https:\/\/nextglow.lt\/en\/wp-json\/wp\/v2\/types\/product"}],"replies":[{"embeddable":true,"href":"https:\/\/nextglow.lt\/en\/wp-json\/wp\/v2\/comments?post=2942"}],"wp:featuredmedia":[{"embeddable":true,"href":"https:\/\/nextglow.lt\/en\/wp-json\/wp\/v2\/media\/2943"}],"wp:attachment":[{"href":"https:\/\/nextglow.lt\/en\/wp-json\/wp\/v2\/media?parent=2942"}],"wp:term":[{"taxonomy":"product_cat","embeddable":true,"href":"https:\/\/nextglow.lt\/en\/wp-json\/wp\/v2\/product_cat?post=2942"},{"taxonomy":"product_tag","embeddable":true,"href":"https:\/\/nextglow.lt\/en\/wp-json\/wp\/v2\/product_tag?post=2942"}],"curies":[{"name":"wp","href":"https:\/\/api.w.org\/{rel}","templated":true}]}}