{"id":2947,"date":"2024-02-09T21:32:46","date_gmt":"2024-02-09T19:32:46","guid":{"rendered":"https:\/\/nextglow.lt\/?post_type=product&#038;p=2947"},"modified":"2024-02-09T22:31:32","modified_gmt":"2024-02-09T20:31:32","slug":"hayejin-blessing-of-sprout-3-zingsniu-dovanu-rinkinys","status":"publish","type":"product","link":"https:\/\/nextglow.lt\/en\/produktas\/hayejin-blessing-of-sprout-3-zingsniu-dovanu-rinkinys\/","title":{"rendered":"HAYEJIN \u201eBlessing of Sprout\u201c 3 \u017eingsni\u0173 Dovan\u0173 Rinkinys"},"content":{"rendered":"<p>Naudojimas:<\/p>\n<p>1 \u017dINGSNIS \u2013 Toneris. Po valymo u\u017etepkite reikiam\u0105 kiek\u012f ant veido ir kaklo, tada \u0161velniai patap\u0161nokite, kad \u012fsigert\u0173.<\/p>\n<p>2 \u017dINGSNIS \u2013 Serumas. Ryte ir vakare u\u017etepkite reikiam\u0105 kiek\u012f ant i\u0161 anksto nuvalyto veido ir \u0161velniai patrinkite \u012f od\u0105, kol susigers.<\/p>\n<p>3 \u017dINGSNIS &#8211; Veido kremas. Nedidel\u012f kiek\u012f tolygiai u\u017etepkite ant nuvalytos veido ir kaklo odos, tada \u0161velniais judesiais \u012fmasa\u017euokite.<\/p>\n","protected":false},"excerpt":{"rendered":"<div class=\"elementor-element elementor-element-27e5fbd8 elementor-widget elementor-widget-reycore-woo-pdp-short-desc\" data-id=\"27e5fbd8\" data-element_type=\"widget\" data-widget_type=\"reycore-woo-pdp-short-desc.default\">\n<div class=\"elementor-widget-container\">\n<div class=\"woocommerce-product-details__short-description\">\n<p>1 \u017eingsnis \u2013 HAYEJIN \u201eBlessing of Sprout\u201c skaistinamasis toneris, 120ml. Giliai dr\u0117kina, skaistina od\u0105, ma\u017eina poras, subalansuoja odos pH lyg\u012f ir paruo\u0161ia od\u0105 kit\u0173 produkt\u0173 naudojimui. Inovatyvi priemon\u0117s formul\u0117 su inkapsuliuotais ingredientais greitai ir efektyviai atkuria nat\u016bral\u0173 odos spindes\u012f bei lygina odos tekst\u016br\u0105.<\/p>\n<p>2 \u017eingsnis \u2013 HAYEJIN \u201eBlessing of Sprout\u201c serumas, 30ml. Atgaivina pavargusi\u0105 veido od\u0105, efektyviai apsaugo nuo rauk\u0161li\u0173 susidarymo, dr\u0117kina ir intensyviai ramina od\u0105. Serumas lygina atspalvio nelygumus bei odos tekst\u016br\u0105, ma\u017eina i\u0161sipl\u0117tusi\u0173 por\u0173 pastebimum\u0105, padeda kovoti su pigmentin\u0117mis d\u0117m\u0117mis bei akn\u0117s paliktais randeliais.<\/p>\n<p>3 \u017eingsnis \u2013 HAYEJIN \u201eBlessing of Sprout\u201c gyvybingumo suteikiantis veido kremas, 50ml. Padeda atkurti pa\u017eeist\u0105 odos barjer\u0105 ir saugo j\u0105 nuo neigiam\u0173 i\u0161orini\u0173 aplinkos veiksni\u0173. Kremas intensyviai dr\u0117kina, skaistina, ma\u017eina rauk\u0161les ir atkuria odos elastingum\u0105, greitai \u012fsigeria, nepalieka ant odos lipnumo po\u017eymi\u0173.<\/p>\n<p>* ribotas kiekis<\/p>\n<\/div>\n<\/div>\n<\/div>\n<div class=\"elementor-element elementor-element-6ab1a197 elementor-widget elementor-widget-reycore-woo-pdp-add-to-cart\" data-id=\"6ab1a197\" data-element_type=\"widget\" data-widget_type=\"reycore-woo-pdp-add-to-cart.default\">\n<div class=\"elementor-widget-container\">\n<p class=\"stock in-stock\"><span data-no-translation=\"\" data-trp-gettext=\"\">LIKO 18<\/span><\/p>\n<\/div>\n<\/div>\n","protected":false},"featured_media":2948,"comment_status":"open","ping_status":"closed","template":"","meta":[],"product_cat":[73,79,80],"product_tag":[],"class_list":{"0":"post-2947","1":"product","2":"type-product","3":"status-publish","4":"has-post-thumbnail","6":"product_cat-veidui","7":"product_cat-dovanu-rinkiniai","8":"product_cat-rinkiniai","10":"first","11":"instock","12":"shipping-taxable","13":"purchasable","14":"product-type-simple"},"_links":{"self":[{"href":"https:\/\/nextglow.lt\/en\/wp-json\/wp\/v2\/product\/2947","targetHints":{"allow":["GET"]}}],"collection":[{"href":"https:\/\/nextglow.lt\/en\/wp-json\/wp\/v2\/product"}],"about":[{"href":"https:\/\/nextglow.lt\/en\/wp-json\/wp\/v2\/types\/product"}],"replies":[{"embeddable":true,"href":"https:\/\/nextglow.lt\/en\/wp-json\/wp\/v2\/comments?post=2947"}],"wp:featuredmedia":[{"embeddable":true,"href":"https:\/\/nextglow.lt\/en\/wp-json\/wp\/v2\/media\/2948"}],"wp:attachment":[{"href":"https:\/\/nextglow.lt\/en\/wp-json\/wp\/v2\/media?parent=2947"}],"wp:term":[{"taxonomy":"product_cat","embeddable":true,"href":"https:\/\/nextglow.lt\/en\/wp-json\/wp\/v2\/product_cat?post=2947"},{"taxonomy":"product_tag","embeddable":true,"href":"https:\/\/nextglow.lt\/en\/wp-json\/wp\/v2\/product_tag?post=2947"}],"curies":[{"name":"wp","href":"https:\/\/api.w.org\/{rel}","templated":true}]}}