{"id":2953,"date":"2024-02-09T21:39:40","date_gmt":"2024-02-09T19:39:40","guid":{"rendered":"https:\/\/nextglow.lt\/?post_type=product&#038;p=2953"},"modified":"2024-02-10T20:18:18","modified_gmt":"2024-02-10T18:18:18","slug":"hayejin-ryziu-selenu-aliejus-kunui","status":"publish","type":"product","link":"https:\/\/nextglow.lt\/en\/produktas\/hayejin-ryziu-selenu-aliejus-kunui\/","title":{"rendered":"HAYEJIN ry\u017ei\u0173 s\u0117len\u0173 aliejus k\u016bnui"},"content":{"rendered":"<p>Naudojimas: Tolygiai paskirstykite nedidel\u012f kiek\u012f aliejaus ant \u0161varios odos ir \u012fmasa\u017euokite. Geresniam poveikiui tepti k\u016bno aliej\u0173 rekomenduojama ant dr\u0117gnos odos.<\/p>\n<h6>INGREDIENTS: ORYZA SATIVA (RICE) BRAN OIL, CAPRYLIC\/CAPRIC TRIGLYCERIDE, GLYCERYL CAPRYLATE, CAPRYLYL GLYCOL, OLEA EUROPAEA (OLIVE) FRUIT OIL, PELARGONIUM GRAVEOLENS FLOWER OIL, BISABOLOL, TOCOPHERYL LINOLEATE, ETHYLHEXYLGLYCERIN, LAVANDULA ANGUSTIFOLIA (LAVENDER) OIL, ANTHEMIS NOBILIS FLOWER OIL, CITRUS AURANTIUM DULCIS (ORANGE) PEEL OIL, JUNIPERUS MEXICANA OIL, CANDIDA BOMBICOLA\/GLUCOSE\/METHYL RAPESEEDATE FERMENT, WATER, TOCOPHEROL, MALTODEXTRIN, HYDROLYZED VEGETABLE PROTEIN, PHYTIC ACID, BUTYLENE GLYCOL, ORYZA SATIVA (RICE) BRAN EXTRACT, 1,2-HEXANEDIOL, ORYZA SATIVA (RICE) EXTRACT, CITRONELLOL, LINALOOL, GERANIOL, LIMONENE, CITRAL<\/h6>\n","protected":false},"excerpt":{"rendered":"<p>Gaivinamasis k\u016bno aliejus pagamintas i\u0161 begliuteni\u0173 ingredient\u0173, akimirksniu \u012fsigeria nepalikdamas jokio lipnumo ar riebumo jausmo. Pripildytas fermentuotu ry\u017ei\u0173 s\u0117len\u0173 aliejumi, 6 organin\u0117s kilm\u0117s aliejais, nepakei\u010diamosiomis riebal\u0173 r\u016bg\u0161timis bei botanin\u0117s kilm\u0117s peptidais. Suteikia nepriekai\u0161ting\u0105 ilgai i\u0161liekant\u012f dr\u0117kinim\u0105, od\u0105 prisotina ry\u017ei\u0173 s\u0117len\u0173 maistin\u0117mis med\u017eiagomis, taip pat atstatydamas apsaugin\u012f odos barjer\u0105, padaro od\u0105 \u0161velnia ir sudr\u0117kinta i\u0161tis\u0105 dien\u0105.<\/p>\n<ul>\n<li>Talpa: 200 ml<\/li>\n<li>Hipoalerginis \/ Dermatologi\u0161kai patikrintas kaip nesukeliantis dirginimo<\/li>\n<li>Tinka jautriai odai \/ Saugus naudoti k\u016bdikiams ir n\u0117\u0161\u010diosioms<\/li>\n<\/ul>\n","protected":false},"featured_media":2954,"comment_status":"open","ping_status":"closed","template":"","meta":[],"product_cat":[93],"product_tag":[],"class_list":{"0":"post-2953","1":"product","2":"type-product","3":"status-publish","4":"has-post-thumbnail","6":"product_cat-kunui","8":"first","9":"instock","10":"shipping-taxable","11":"purchasable","12":"product-type-simple"},"_links":{"self":[{"href":"https:\/\/nextglow.lt\/en\/wp-json\/wp\/v2\/product\/2953","targetHints":{"allow":["GET"]}}],"collection":[{"href":"https:\/\/nextglow.lt\/en\/wp-json\/wp\/v2\/product"}],"about":[{"href":"https:\/\/nextglow.lt\/en\/wp-json\/wp\/v2\/types\/product"}],"replies":[{"embeddable":true,"href":"https:\/\/nextglow.lt\/en\/wp-json\/wp\/v2\/comments?post=2953"}],"wp:featuredmedia":[{"embeddable":true,"href":"https:\/\/nextglow.lt\/en\/wp-json\/wp\/v2\/media\/2954"}],"wp:attachment":[{"href":"https:\/\/nextglow.lt\/en\/wp-json\/wp\/v2\/media?parent=2953"}],"wp:term":[{"taxonomy":"product_cat","embeddable":true,"href":"https:\/\/nextglow.lt\/en\/wp-json\/wp\/v2\/product_cat?post=2953"},{"taxonomy":"product_tag","embeddable":true,"href":"https:\/\/nextglow.lt\/en\/wp-json\/wp\/v2\/product_tag?post=2953"}],"curies":[{"name":"wp","href":"https:\/\/api.w.org\/{rel}","templated":true}]}}