{"id":2958,"date":"2024-02-09T21:43:46","date_gmt":"2024-02-09T19:43:46","guid":{"rendered":"https:\/\/nextglow.lt\/?post_type=product&#038;p=2958"},"modified":"2024-02-09T22:58:39","modified_gmt":"2024-02-09T20:58:39","slug":"hayejin-ryziu-selenu-aliejus-veidui","status":"publish","type":"product","link":"https:\/\/nextglow.lt\/en\/produktas\/hayejin-ryziu-selenu-aliejus-veidui\/","title":{"rendered":"HAYEJIN ry\u017ei\u0173 s\u0117len\u0173 aliejus veidui"},"content":{"rendered":"<p>Naudingi patarimai:<\/p>\n<ul>\n<li>Paskutiniame odos prie\u017ei\u016bros etape u\u017ela\u0161inkite 2\u20133 la\u0161us ant delno ir patrinkite, kad su\u0161ilt\u0173. Tada \u0161velniai u\u017edenkite veid\u0105 rankomis, kad prid\u0117tum\u0117te dr\u0117gm\u0117s.<\/li>\n<li>Sumai\u0161ykite 1\u20132 la\u0161us su \u012fprastai naudojamomis odos prie\u017ei\u016bros priemon\u0117mis, kad padidintum\u0117te dr\u0117kinam\u0105j\u012f poveik\u012f.<\/li>\n<li>Prausdami veid\u0105, \u012fla\u0161inkite la\u0161\u0105 aliejaus \u012f paskutin\u012f skalavimo vanden\u012f, kad padidintum\u0117te mityb\u0105.<\/li>\n<\/ul>\n<h6>INGREDIENTS: ORYZA SATIVA (RICE) BRAN OIL, CAPRYLIC\/CAPRIC TRIGLYCERIDE, GLYCERYL CAPRYLATE, CAPRYLYL GLYCOL, OLEA EUROPAEA (OLIVE) FRUIT OIL, PELARGONIUM GRAVEOLENS FLOWER OIL, BISABOLOL, TOCOPHERYL LINOLEATE, ETHYLHEXYLGLYCERIN, LAVANDULA ANGUSTIFOLIA (LAVENDER) OIL, ANTHEMIS NOBILIS FLOWER OIL, CITRUS AURANTIUM DULCIS (ORANGE) PEEL OIL, JUNIPERUS MEXICANA OIL, CANDIDA BOMBICOLA\/GLUCOSE\/METHYL RAPESEEDATE FERMENT, WATER, TOCOPHEROL, MALTODEXTRIN, HYDROLYZED VEGETABLE PROTEIN, PHYTIC ACID, BUTYLENE GLYCOL, ORYZA SATIVA (RICE) BRAN EXTRACT, 1,2-HEXANEDIOL, ORYZA SATIVA (RICE) EXTRACT, CITRONELLOL, LINALOOL, GERANIOL, LIMONENE, CITRAL<\/h6>\n","protected":false},"excerpt":{"rendered":"<p class=\" translation-block\">Tvirtai padengia od\u0105 i\u0161 vidaus ir i\u0161 i\u0161or\u0117s su patikimomis Kor\u0117jieti\u0161kos kilm\u0117s sudedamosiomis dalimis.\u00a0<strong>\u0160tai k\u0105 HAYEJIN laiko \u201es\u0105\u017einingu dr\u0117kinimu\u201c.<\/strong><\/p>\n<p>Ry\u017ei\u0173 s\u0117len\u0173 aliejus yra nat\u016bralios kilm\u0117s ingredientas, kuris ilg\u0105 laik\u0105 buvo naudojamas, kad oda b\u016bt\u0173 sveika ir spind\u0117t\u0173.<\/p>\n<ul>\n<li>Padeda sul\u0117tinti odos sen\u0117jimo procesus<\/li>\n<li>Apsaugo nuo melanino sintez\u0117s, kad odai suteikt\u0173 ai\u0161k\u0173 \u0161vyt\u0117jim\u0105<\/li>\n<li>Labai veiksmingas tiems, kas turi saus\u0105 od\u0105<\/li>\n<li>Talpa: 50 ml<\/li>\n<li>Hipoalerginis<\/li>\n<li>Naudojamos TIK Kor\u0117jieti\u0161kos kilm\u0117s ry\u017ei\u0173 s\u0117lenos<\/li>\n<\/ul>\n<p><strong>Ap\u010diuopiamas ry\u017ei\u0173 s\u0117len\u0173 aliejaus poveikis, kur\u012f pajusite per 2 savaites!<\/strong><\/p>\n","protected":false},"featured_media":2959,"comment_status":"open","ping_status":"closed","template":"","meta":[],"product_cat":[73,85],"product_tag":[],"class_list":{"0":"post-2958","1":"product","2":"type-product","3":"status-publish","4":"has-post-thumbnail","6":"product_cat-veidui","7":"product_cat-serumai","9":"first","10":"instock","11":"shipping-taxable","12":"purchasable","13":"product-type-simple"},"_links":{"self":[{"href":"https:\/\/nextglow.lt\/en\/wp-json\/wp\/v2\/product\/2958","targetHints":{"allow":["GET"]}}],"collection":[{"href":"https:\/\/nextglow.lt\/en\/wp-json\/wp\/v2\/product"}],"about":[{"href":"https:\/\/nextglow.lt\/en\/wp-json\/wp\/v2\/types\/product"}],"replies":[{"embeddable":true,"href":"https:\/\/nextglow.lt\/en\/wp-json\/wp\/v2\/comments?post=2958"}],"wp:featuredmedia":[{"embeddable":true,"href":"https:\/\/nextglow.lt\/en\/wp-json\/wp\/v2\/media\/2959"}],"wp:attachment":[{"href":"https:\/\/nextglow.lt\/en\/wp-json\/wp\/v2\/media?parent=2958"}],"wp:term":[{"taxonomy":"product_cat","embeddable":true,"href":"https:\/\/nextglow.lt\/en\/wp-json\/wp\/v2\/product_cat?post=2958"},{"taxonomy":"product_tag","embeddable":true,"href":"https:\/\/nextglow.lt\/en\/wp-json\/wp\/v2\/product_tag?post=2958"}],"curies":[{"name":"wp","href":"https:\/\/api.w.org\/{rel}","templated":true}]}}