{"id":2963,"date":"2024-02-09T21:46:30","date_gmt":"2024-02-09T19:46:30","guid":{"rendered":"https:\/\/nextglow.lt\/?post_type=product&#038;p=2963"},"modified":"2024-02-09T22:45:57","modified_gmt":"2024-02-09T20:45:57","slug":"hayejin-ricefila-drekinamasis-kremas","status":"publish","type":"product","link":"https:\/\/nextglow.lt\/en\/produktas\/hayejin-ricefila-drekinamasis-kremas\/","title":{"rendered":"HAYEJIN RiceFila\u2122 dr\u0117kinamasis kremas"},"content":{"rendered":"<p>Naudojimas: po tonerio, tepkite pakankam\u0105 kiek\u012f kremo ant visos veido odos.<\/p>\n<h6>INGREDIENTS: AQUA, GLYCERIN, CAPRYLIC\/CAPRIC TRIGLYCERIDE, 1,2-HEXANEDIOL, SORBITAN STEARATE, NIACINAMIDE, CETEARYL ALCOHOL, GLYCERYL STEARATE, CYCLOHEXASILOXANE, PALMITIC ACID, STEARIC ACID, BUTYLENE GLYCOL, DIPROPYLENE GLYCOL, CARBOMER, TROMETHAMINE, LAMINARIA JAPONICA EXTRACT, ECLIPTA PROSTRATA LEAF EXTRACT, ETHYLHEXYLGLYCERIN, PROPANEDIOL, OLEA EUROPAEA (OLIVE) FRUIT OIL, SODIUM HYALURONATE, ORYZA SATIVA (RICE) BRAN EXTRACT, XANTHAN GUM, FRUCTOOLIGOSACCHARIDES, HYDROGENATED LECITHIN, DISODIUM EDTA, PELARGONIUM GRAVEOLENS FLOWER OIL, BETA-GLUCAN, LAVANDULA ANGUSTIFOLIA (LAVENDER) OIL, ACMELLA OLERACEA EXTRACT, PANTHENOL, HYDROLYZED HYALURONIC ACID, ANTHEMIS NOBILIS FLOWER OIL, CAPRYLYL GLYCOL, MYRISTIC ACID, CENTELLA ASIATICA EXTRACT, FICUS CARICA (FIG) FRUIT EXTRACT, RAFFINOSE, PENTYLENE GLYCOL, CITRUS AURANTIUM DULCIS (ORANGE) PEEL OIL, CERAMIDE NP, ORYZA SATIVA (RICE) BRAN OIL, FOLIC ACID, JUNIPERUS MEXICANA OIL, CHOLESTEROL, PHYTOSPHINGOSINE, SODIUM HYALURONATE CROSSPOLYMER, ORYZA SATIVA (RICE) EXTRACT, TOCOPHEROL, HYALURONIC ACID, MALTODEXTRIN, HYDROLYZED VEGETABLE PROTEIN, PHYTIC ACID, HYDROLYZED SODIUM HYALURONATE, PALMITOYL PENTAPEPTIDE-4, CANDIDA BOMBICOLA\/GLUCOSE\/METHYL RAPESEEDATE FERMENT, CITRONELLOL, LINALOOL, GERANIOL, LIMONENE, CITRAL<\/h6>\n","protected":false},"excerpt":{"rendered":"<p>Itin lengvos tekst\u016bros dr\u0117kinamasis kremas i\u0161laiko J\u016bs\u0173 odos dr\u0117gnum\u0105 net iki 50 valand\u0173. Pripildytas 5 sluoksni\u0173 hialurono r\u016bg\u0161timi, botanin\u0117s kilm\u0117s peptidais, ry\u017ei\u0173 keramidu ir ry\u017ei\u0173 s\u0117len\u0173 aliejumi, suteikia ilgai i\u0161liekant\u012f dr\u0117kinim\u0105 ir maitinim\u0105, sustiprina odos apsaugin\u012f barjer\u0105 ir atkuria dr\u0117gm\u0117s balans\u0105.<\/p>\n<ul>\n<li>Talpa: 50 ml<\/li>\n<li>Hipoalerginis \/ Dermatologi\u0161kai patikrintas kaip nesukeliantis dirginimo<\/li>\n<li>Tinka jautriai odai<\/li>\n<\/ul>\n","protected":false},"featured_media":2964,"comment_status":"open","ping_status":"closed","template":"","meta":[],"product_cat":[73,83],"product_tag":[],"class_list":{"0":"post-2963","1":"product","2":"type-product","3":"status-publish","4":"has-post-thumbnail","6":"product_cat-veidui","7":"product_cat-kremai","9":"first","10":"instock","11":"shipping-taxable","12":"purchasable","13":"product-type-simple"},"_links":{"self":[{"href":"https:\/\/nextglow.lt\/en\/wp-json\/wp\/v2\/product\/2963","targetHints":{"allow":["GET"]}}],"collection":[{"href":"https:\/\/nextglow.lt\/en\/wp-json\/wp\/v2\/product"}],"about":[{"href":"https:\/\/nextglow.lt\/en\/wp-json\/wp\/v2\/types\/product"}],"replies":[{"embeddable":true,"href":"https:\/\/nextglow.lt\/en\/wp-json\/wp\/v2\/comments?post=2963"}],"wp:featuredmedia":[{"embeddable":true,"href":"https:\/\/nextglow.lt\/en\/wp-json\/wp\/v2\/media\/2964"}],"wp:attachment":[{"href":"https:\/\/nextglow.lt\/en\/wp-json\/wp\/v2\/media?parent=2963"}],"wp:term":[{"taxonomy":"product_cat","embeddable":true,"href":"https:\/\/nextglow.lt\/en\/wp-json\/wp\/v2\/product_cat?post=2963"},{"taxonomy":"product_tag","embeddable":true,"href":"https:\/\/nextglow.lt\/en\/wp-json\/wp\/v2\/product_tag?post=2963"}],"curies":[{"name":"wp","href":"https:\/\/api.w.org\/{rel}","templated":true}]}}