{"id":2966,"date":"2024-02-09T21:49:29","date_gmt":"2024-02-09T19:49:29","guid":{"rendered":"https:\/\/nextglow.lt\/?post_type=product&#038;p=2966"},"modified":"2024-02-09T22:36:26","modified_gmt":"2024-02-09T20:36:26","slug":"hayejin-ricefila-aliejaus-pagrindo-toneris-2","status":"publish","type":"product","link":"https:\/\/nextglow.lt\/en\/produktas\/hayejin-ricefila-aliejaus-pagrindo-toneris-2\/","title":{"rendered":"HAYEJIN RiceFila\u2122 aliejaus pagrindo toneris"},"content":{"rendered":"<p>Naudojimas: Prie\u0161 pradedant naudoti, papurtykite buteliuk\u0105, kad sumai\u0161ytum\u0117te aliejaus sluoksn\u012f su ekstrakto sluoksniu. Nusiplovus veid\u0105, toner\u012f u\u017etepkite ant sausos odos ir lengvai patap\u0161nokite kol \u012fsigers.<\/p>\n<h6>INGREDIENTS: AQUA, TRIETHYLHEXANOIN, METHYLPROPANEDIOL, HYDROGENATED POLY(C6-14 OLEFIN), 1,2-HEXANEDIOL, NIACINAMIDE, ORYZA SATIVA (RICE) BRAN EXTRACT, ULMUS DAVIDIANA ROOT EXTRACT, AMARANTHUS CAUDATUS SEED EXTRACT, ORYZA SATIVA (RICE) EXTRACT, ORYZA SATIVA (RICE) BRAN OIL, HYDROGENATED LECITHIN, OLEA EUROPAEA (OLIVE) FRUIT OIL, PELARGONIUM GRAVEOLENS FLOWER OIL, LAVANDULA ANGUSTIFOLIA (LAVENDER) OIL, ANTHEMIS NOBILIS FLOWER OIL, CITRUS AURANTIUM DULCIS (ORANGE) PEEL OIL, JUNIPERUS MEXICANA OIL, BUTYLENE GLYCOL, POLYGLYCERYL-10 MYRISTATE, ADENOSINE, CELLULOSE GUM, CANDIDA BOMBICOLA\/GLUCOSE\/METHYL RAPESEEDATE FERMENT, MALTODEXTRIN, TOCOPHEROL, PHYTIC ACID, HYDROLYZED VEGETABLE PROTEIN, ETHYLHEXYLGLYCERIN, CAPRYLYL GLYCOL, CITRONELLOL, LINALOOL, GERANIOL, LIMONENE<\/h6>\n","protected":false},"excerpt":{"rendered":"<p>Tonikas ir kremas viename? Taip, ir tai yra geriausias derinys, kok\u012f galite rasti veido prie\u017ei\u016bros rinkoje. Dvigubo sluoksnio aliejaus pagrindo tonikas su ry\u017ei\u0173 s\u0117len\u0173 aliejumi ir ry\u017ei\u0173 s\u0117len\u0173 ekstraktu palaiko optimal\u0173 odos dr\u0117gm\u0117s ir riebal\u0173 balans\u0105. Tonikas ir losjonas viename buteliuke \u2013 papur\u010dius susimai\u0161o \u012f maitinant\u012f fluid\u0105, kuris suteikia odai tobul\u0105 dr\u0117kinim\u0105, maitinim\u0105 ir padeda u\u017ekirsti keli\u0105 rauk\u0161li\u0173 atsiradimui. Papildytas botanin\u0117s kilm\u0117s peptidais, 8 gamtin\u0117s kilm\u0117s aliejais ir fitino r\u016bg\u0161timi padeda atgaivinti od\u0105 ir sustiprinti odos apsaugin\u012f barjer\u0105, pakelti odos tonus\u0105 ir pagerinti odos tekst\u016br\u0105. Lengvai \u012fsigeriantis, nelipnus.<\/p>\n<ul>\n<li>Talpa: 150 ml<\/li>\n<li>Hipoalerginis \/ dermatologi\u0161kai patikrintas kaip nesukeliantis dirginimo<\/li>\n<li>Tinka jautriai odai<\/li>\n<\/ul>\n","protected":false},"featured_media":2967,"comment_status":"open","ping_status":"closed","template":"","meta":[],"product_cat":[73,81],"product_tag":[],"class_list":{"0":"post-2966","1":"product","2":"type-product","3":"status-publish","4":"has-post-thumbnail","6":"product_cat-veidui","7":"product_cat-tonikai","9":"first","10":"instock","11":"shipping-taxable","12":"purchasable","13":"product-type-simple"},"_links":{"self":[{"href":"https:\/\/nextglow.lt\/en\/wp-json\/wp\/v2\/product\/2966","targetHints":{"allow":["GET"]}}],"collection":[{"href":"https:\/\/nextglow.lt\/en\/wp-json\/wp\/v2\/product"}],"about":[{"href":"https:\/\/nextglow.lt\/en\/wp-json\/wp\/v2\/types\/product"}],"replies":[{"embeddable":true,"href":"https:\/\/nextglow.lt\/en\/wp-json\/wp\/v2\/comments?post=2966"}],"wp:featuredmedia":[{"embeddable":true,"href":"https:\/\/nextglow.lt\/en\/wp-json\/wp\/v2\/media\/2967"}],"wp:attachment":[{"href":"https:\/\/nextglow.lt\/en\/wp-json\/wp\/v2\/media?parent=2966"}],"wp:term":[{"taxonomy":"product_cat","embeddable":true,"href":"https:\/\/nextglow.lt\/en\/wp-json\/wp\/v2\/product_cat?post=2966"},{"taxonomy":"product_tag","embeddable":true,"href":"https:\/\/nextglow.lt\/en\/wp-json\/wp\/v2\/product_tag?post=2966"}],"curies":[{"name":"wp","href":"https:\/\/api.w.org\/{rel}","templated":true}]}}