{"id":2983,"date":"2024-02-09T22:27:45","date_gmt":"2024-02-09T20:27:45","guid":{"rendered":"https:\/\/nextglow.lt\/?post_type=product&#038;p=2983"},"modified":"2024-05-23T09:56:17","modified_gmt":"2024-05-23T06:56:17","slug":"hayejin-blessing-of-sprout-kelioninis-veido-prieziuros-rinkinys","status":"publish","type":"product","link":"https:\/\/nextglow.lt\/en\/produktas\/hayejin-blessing-of-sprout-kelioninis-veido-prieziuros-rinkinys\/","title":{"rendered":"HAYEJIN \u201eBlessing of Sprout\u201c kelioninis veido prie\u017ei\u016bros rinkinys"},"content":{"rendered":"<p>Naudojimas:<\/p>\n<p>1 \u017dINGSNIS \u2013 Prausiklis. Tepkite pakankam\u0105 kiek\u012f ant sudr\u0117kintos veido odos, kad \u012fmasa\u017eavus susidaryt\u0173 pakankamai put\u0173. \u0160velniai juo masa\u017euokite od\u0105, tada nuplaukite drungnu vandeniu.<\/p>\n<p>2 \u017dINGSNIS \u2013 Toneris. Po valymo u\u017etepkite reikiam\u0105 kiek\u012f ant veido ir kaklo, tada \u0161velniai patap\u0161nokite, kad \u012fsigert\u0173.<\/p>\n<p>3 \u017dINGSNIS \u2013 Paaki\u0173 kremas. U\u017etepkite nedidel\u012f kiek\u012f ant nuvalytos paaki\u0173 srities, aplink burn\u0105 ir kakl\u0105, \u0161velniai \u012ftrinkite \u012f od\u0105.<\/p>\n<p>4 \u017dINGSNIS \u2013 Serumas. Ryte ir vakare u\u017etepkite reikiam\u0105 kiek\u012f ant i\u0161 anksto nuvalyto veido ir \u0161velniai patrinkite \u012f od\u0105, kol susigers.<\/p>\n<p>5 \u017dINGSNIS \u2013 Veido kremas. Nedidel\u012f kiek\u012f tolygiai u\u017etepkite ant nuvalytos veido ir kaklo odos, tada \u0161velniais judesiais \u012fmasa\u017euokite.<\/p>\n<p>&nbsp;<\/p>\n","protected":false},"excerpt":{"rendered":"<p>5 \u017eingsni\u0173 veido prie\u017ei\u016bros kelioninis rinkinys, intensyviai dr\u0117kinantis, raminantis, su lotoso pumpur\u0173 ir daig\u0173 galia. Puikus pasirinkimas keliaujant ar norint i\u0161bandyti HAYEJIN kosmetik\u0105. Rinkin\u012f sudaro 5 HAYEJIN produktai:<\/p>\n<ol>\n<li>HAYEJIN \u201eBlessing of Sprout\u201c raminamasis gelinis veido prausiklis, 15ml &#8211; itin \u0161velnus raminamasis gelinis veido prausiklis su mikro burbuliukais, tinka kasdieniam naudojimui.<\/li>\n<li>HAYEJIN \u201eBlessing of Sprout\u201c skaistinamasis toneris, 15ml &#8211; stipriai dr\u0117kina od\u0105, ma\u017eina poras, subalansuoja pH ir paruo\u0161ia j\u0105 kit\u0173 produkt\u0173 naudojimui.<\/li>\n<li>HAYEJIN \u201eBlessing of Sprout\u201c paaki\u0173 kremas nuo rauk\u0161li\u0173, 5ml &#8211; suteikia odai gyvybingumo ir elastingumo, sud\u0117tyje yra botanini\u0173 baltym\u0173, kurie tinka smulki\u0173 rauk\u0161li\u0173 prie\u017ei\u016brai, o CICA kompleksas ir lotoso ekstraktas skaistina od\u0105.<\/li>\n<li>HAYEJIN \u201eBlessing of Sprout\u201c serumas, 8ml &#8211; \u0161ilko \u0161velnumo serumas su koncentruotomis daig\u0173 maistin\u0117mis med\u017eiagomis, u\u017etikrina apsaug\u0105 nuo rauk\u0161li\u0173 susidarymo, atgaivina pavargusi\u0105 veido od\u0105, dr\u0117kina ir intensyviai ramina od\u0105.<\/li>\n<li>HAYEJIN \u201eBlessing of Sprout\u201c gyvybingumo suteikiantis veido kremas, 10ml &#8211; lengvos ir \u0161velnios tekst\u016bros kremas intensyviai dr\u0117kina, skaistina, ma\u017eina rauk\u0161les ir atkuria odos elastingum\u0105, greitai \u012fsigeria.<\/li>\n<\/ol>\n","protected":false},"featured_media":2984,"comment_status":"open","ping_status":"closed","template":"","meta":[],"product_cat":[73,79,80],"product_tag":[],"class_list":{"0":"post-2983","1":"product","2":"type-product","3":"status-publish","4":"has-post-thumbnail","6":"product_cat-veidui","7":"product_cat-dovanu-rinkiniai","8":"product_cat-rinkiniai","10":"first","11":"instock","12":"sale","13":"shipping-taxable","14":"purchasable","15":"product-type-simple"},"_links":{"self":[{"href":"https:\/\/nextglow.lt\/en\/wp-json\/wp\/v2\/product\/2983","targetHints":{"allow":["GET"]}}],"collection":[{"href":"https:\/\/nextglow.lt\/en\/wp-json\/wp\/v2\/product"}],"about":[{"href":"https:\/\/nextglow.lt\/en\/wp-json\/wp\/v2\/types\/product"}],"replies":[{"embeddable":true,"href":"https:\/\/nextglow.lt\/en\/wp-json\/wp\/v2\/comments?post=2983"}],"wp:featuredmedia":[{"embeddable":true,"href":"https:\/\/nextglow.lt\/en\/wp-json\/wp\/v2\/media\/2984"}],"wp:attachment":[{"href":"https:\/\/nextglow.lt\/en\/wp-json\/wp\/v2\/media?parent=2983"}],"wp:term":[{"taxonomy":"product_cat","embeddable":true,"href":"https:\/\/nextglow.lt\/en\/wp-json\/wp\/v2\/product_cat?post=2983"},{"taxonomy":"product_tag","embeddable":true,"href":"https:\/\/nextglow.lt\/en\/wp-json\/wp\/v2\/product_tag?post=2983"}],"curies":[{"name":"wp","href":"https:\/\/api.w.org\/{rel}","templated":true}]}}