{"id":2988,"date":"2024-02-09T22:31:55","date_gmt":"2024-02-09T20:31:55","guid":{"rendered":"https:\/\/nextglow.lt\/?post_type=product&#038;p=2988"},"modified":"2024-02-09T22:37:17","modified_gmt":"2024-02-09T20:37:17","slug":"hayejin-blessing-of-sprout-cica-full-system-intensyviai-drekinancios-bei-jautria-oda-raminancios-ampules-veidui","status":"publish","type":"product","link":"https:\/\/nextglow.lt\/en\/produktas\/hayejin-blessing-of-sprout-cica-full-system-intensyviai-drekinancios-bei-jautria-oda-raminancios-ampules-veidui\/","title":{"rendered":"HAYEJIN \u201eBlessing of Sprout CICA-Full System\u201c intensyviai dr\u0117kinan\u010dios bei jautri\u0105 od\u0105 raminan\u010dios ampul\u0117s veidui"},"content":{"rendered":"<p>Naudojimas:<\/p>\n<ul>\n<li>1 \u017eingsnis. U\u017ed\u0117kite sandarinimo dangtel\u012f ant ampul\u0117s galvut\u0117s ir u\u017efiksuokite.<\/li>\n<li>2 \u017eingsnis. Nulau\u017ekite ampul\u0117s galvut\u0119, naudodami dangtel\u012f.<\/li>\n<li>3 \u017eingsnis. U\u017ed\u0117kite la\u0161inimo dangtel\u012f ant ampul\u0117s.<\/li>\n<li>4 \u017eingsnis. Naudojant la\u0161inimo dangtel\u012f paskirstykite ampul\u0117s turin\u012f pagal poreik\u012f. Paskirstykite priemon\u0119 ant odos ir \u0161velniai \u012fmasa\u017euokite.<\/li>\n<\/ul>\n<h6>INGREDIENTS: AQUA, BUTYLENE GLYCOL, 1,2-HEXANEDIOL, NIACINAMIDE, GLYCERIN, C12-14 PARETH-12, PANTHENOL, ARGININE, CARBOMER, ALLANTOIN, ADENOSINE, CELLULOSE GUM, DISODIUM EDTA, MADECASSOSIDE, SODIUM HYALURONATE, NELUMBO NUCIFERA GERM EXTRACT, PARFUM, CENTELLA ASIATICA EXTRACT, CERAMIDE NP, PHYTOSTEROLS, TOCOPHEROL, ETHYLHEXYLGLYCERIN, BRASSICA CAMPESTRIS SPROUT EXTRACT, BRASSICA OLERACEA ITALICA SPROUT EXTRACT, SOPHORA JAPONICA BUD EXTRACT, TRITICUM VULGARE SPROUT EXTRACT, ACETYL HEXAPEPTIDE-8 , ASIATIC ACID, ASIATICOSIDE, MADECASSIC ACID, LIMONENE<\/h6>\n","protected":false},"excerpt":{"rendered":"<p>Ampuli\u0173 sud\u0117tyje esantis keramidas, niacinamidas, pantenolis, hialurono r\u016bg\u0161tis bei 79.9999% Azijin\u0117s Centel\u0117s ekstraktas &#8211; nuramina ir regeneruoja jautri\u0105, sudirgusi\u0105, aplinkos veiksni\u0173 pa\u017eeist\u0105 od\u0105, suteikia odai elastingumo bei stangrumo, padeda i\u0161laikyti od\u0105 jaunatvi\u0161ka, ma\u017einant sen\u0117jimo po\u017eymius. Ampul\u0117s intensyviai dr\u0117kina, atkuria odos dr\u0117gm\u0117s, riebal\u0173 ir pH balans\u0105. Azijin\u0117s Centel\u0117s ekstrakto sud\u0117tyje yra daug flavonoid\u0173 bei \u201eMadecassoside\u201c, kurie veikia kaip antioksidantai, padeda stiprinti odos apsaugin\u012f barjer\u0105, apsaugoti nuo pigmentacijos ir neutralizuoti laisv\u0173j\u0173 radikal\u0173 \u017eal\u0105, kuri\u0105 sukelia saul\u0117s ir tar\u0161os poveikis. Priemon\u0117 yra nelipni ir lengvos tekst\u016bros, maloniai gaivina ir greitai \u012fsigeria. Tinka jautriai odai. Rekomenduojama naudoti 7 dienas i\u0161 eil\u0117s. Hipoalergin\u0117 vegani\u0161ka formul\u0117.<\/p>\n<ul>\n<li>Talpa: 7 x 2 ml<\/li>\n<li>Centella Asiatica ekstraktas 79,99% \/ Nelumbo Nucifera gemalo ekstraktas 10 098 ppm \/ Niacinamidas 20 000 ppm<\/li>\n<li>Dermatologi\u0161kai patikrinta<\/li>\n<\/ul>\n","protected":false},"featured_media":2989,"comment_status":"open","ping_status":"closed","template":"","meta":[],"product_cat":[73,82],"product_tag":[],"class_list":{"0":"post-2988","1":"product","2":"type-product","3":"status-publish","4":"has-post-thumbnail","6":"product_cat-veidui","7":"product_cat-ampules","9":"first","10":"instock","11":"shipping-taxable","12":"purchasable","13":"product-type-simple"},"_links":{"self":[{"href":"https:\/\/nextglow.lt\/en\/wp-json\/wp\/v2\/product\/2988","targetHints":{"allow":["GET"]}}],"collection":[{"href":"https:\/\/nextglow.lt\/en\/wp-json\/wp\/v2\/product"}],"about":[{"href":"https:\/\/nextglow.lt\/en\/wp-json\/wp\/v2\/types\/product"}],"replies":[{"embeddable":true,"href":"https:\/\/nextglow.lt\/en\/wp-json\/wp\/v2\/comments?post=2988"}],"wp:featuredmedia":[{"embeddable":true,"href":"https:\/\/nextglow.lt\/en\/wp-json\/wp\/v2\/media\/2989"}],"wp:attachment":[{"href":"https:\/\/nextglow.lt\/en\/wp-json\/wp\/v2\/media?parent=2988"}],"wp:term":[{"taxonomy":"product_cat","embeddable":true,"href":"https:\/\/nextglow.lt\/en\/wp-json\/wp\/v2\/product_cat?post=2988"},{"taxonomy":"product_tag","embeddable":true,"href":"https:\/\/nextglow.lt\/en\/wp-json\/wp\/v2\/product_tag?post=2988"}],"curies":[{"name":"wp","href":"https:\/\/api.w.org\/{rel}","templated":true}]}}