{"id":2994,"date":"2024-02-09T22:35:17","date_gmt":"2024-02-09T20:35:17","guid":{"rendered":"https:\/\/nextglow.lt\/?post_type=product&#038;p=2994"},"modified":"2024-02-09T22:38:59","modified_gmt":"2024-02-09T20:38:59","slug":"hayejin-blessing-of-sprout-paakiu-kremas-nuo-rauksliu","status":"publish","type":"product","link":"https:\/\/nextglow.lt\/en\/produktas\/hayejin-blessing-of-sprout-paakiu-kremas-nuo-rauksliu\/","title":{"rendered":"HAYEJIN \u201eBlessing of Sprout\u201c paaki\u0173 kremas nuo rauk\u0161li\u0173"},"content":{"rendered":"<p>Naudojimas: Nedidel\u012f kiek\u012f paaki\u0173 kremo u\u017etepkite ant nuvalytos paaki\u0173 srities odos ir \u0161velniai patap\u0161nokite, kad \u012fsigert\u0173. Nutraukite naudojim\u0105, jei atsiranda dirginimas. Naudokite tik ant nepa\u017eeistos odos.<\/p>\n<h6>INGREDIENTS: AQUA, BUTYLENE GLYCOL, GLYCERIN, DIMETHICONE, PHENYL TRIMETHICONE, METHYL GLUCETH-20, NIACINAMIDE, BUTYROSPERMUM PARKII BUTTER, HYDROGENATED POLYDECENE, CETEARYL ALCOHOL, CETYL ALCOHOL, STEARYL ALCOHOL, 1,2-HEXANEDIOL, GLYCERYL STEARATE, SODIUM POLYACRYLATE, PEG-100 STEARATE, ETHYLHEXYL STEARATE, PEG-10 DIMETHICONE, POLYGLYCERYL-10 DISTEARATE, CETEARYL GLUCOSIDE, NELUMBO NUCIFERA LEAF EXTRACT, CAPRYLYL GLYCOL, PHYTOSTEROLS, TOCOPHERYL ACETATE, PARFUM, TRIDECETH-6, FICUS CARICA FRUIT EXTRACT, GINKGO BILOBA NUT EXTRACT, MORUS ALBA FRUIT EXTRACT, PUNICA GRANATUM FRUIT EXTRACT, ADENOSINE, CARBOMER, DISODIUM EDTA, SODIUM HYALURONATE, POLYGLUTAMIC ACID, GLUCOSE, ALLANTOIN, CERAMIDE NP, ETHYLHEXYLGLYCERIN, OLIVOYL HYDROLYZED WHEAT PROTEIN, GLYCERYL OLEATE, POTASSIUM HYDROXIDE, AESCULUS HIPPOCASTANUM SEED EXTRACT, CENTELLA ASIATICA EXTRACT, CUCURBITA PEPO FRUIT EXTRACT, MUSA SAPIENTUM FRUIT EXTRACT, MARIS AQUA, POTASSIUM SORBATE, SODIUM BENZOATE, GLYCINE MAX SEED EXTRACT, ULMUS CAMPESTRIS BARK EXTRACT, BRASSICA CAMPESTRIS SPROUT EXTRACT, BRASSICA OLERACEA ITALICA SPROUT EXTRACT, SOPHORA JAPONICA BUD EXTRACT, TRITICUM VULGARE SPROUT EXTRACT, ASPERGILLUS FERMENT, BACILLUS FERMENT, LACTOBACILLUS FERMENT, ASIATIC ACID, ASIATICOSIDE, MADECASSIC ACID<\/h6>\n","protected":false},"excerpt":{"rendered":"<div><span lang=\"EN-GB\">Hipoalerginis paaki\u0173 kremas suteikia odai gyvybingumo ir elastingumo. Jo sud\u0117tyje yra botanini\u0173 baltym\u0173, kurie tinka smulki\u0173 rauk\u0161li\u0173 prie\u017ei\u016brai, o CICA kompleksas ir lotoso ekstraktas skaistina od\u0105. Kremas puikiai maitina, veiksmingai kovoja su rauk\u0161l\u0117mis, stangrina od\u0105 ir pasi\u017eymi intensyviu atkuriamuoju poveikiu, ma\u017eina patams\u0117jim\u0105 paaki\u0173 srityje, maloniai v\u0117sina. Kremas greitai \u012fsigeria \u012f od\u0105, gali b\u016bti naudojamas aki\u0173, burnos ir kaklo srityse.<\/span><\/div>\n<ul>\n<li>Talpa: 35 ml<\/li>\n<li>Hipoalerginis \/ Su botaniniais baltymais \/ Vegan<\/li>\n<li><span lang=\"EN-GB\">Dermatologi\u0161kai patikrinta<\/span><\/li>\n<\/ul>\n","protected":false},"featured_media":2995,"comment_status":"open","ping_status":"closed","template":"","meta":[],"product_cat":[73,83],"product_tag":[],"class_list":{"0":"post-2994","1":"product","2":"type-product","3":"status-publish","4":"has-post-thumbnail","6":"product_cat-veidui","7":"product_cat-kremai","9":"first","10":"instock","11":"shipping-taxable","12":"purchasable","13":"product-type-simple"},"_links":{"self":[{"href":"https:\/\/nextglow.lt\/en\/wp-json\/wp\/v2\/product\/2994","targetHints":{"allow":["GET"]}}],"collection":[{"href":"https:\/\/nextglow.lt\/en\/wp-json\/wp\/v2\/product"}],"about":[{"href":"https:\/\/nextglow.lt\/en\/wp-json\/wp\/v2\/types\/product"}],"replies":[{"embeddable":true,"href":"https:\/\/nextglow.lt\/en\/wp-json\/wp\/v2\/comments?post=2994"}],"wp:featuredmedia":[{"embeddable":true,"href":"https:\/\/nextglow.lt\/en\/wp-json\/wp\/v2\/media\/2995"}],"wp:attachment":[{"href":"https:\/\/nextglow.lt\/en\/wp-json\/wp\/v2\/media?parent=2994"}],"wp:term":[{"taxonomy":"product_cat","embeddable":true,"href":"https:\/\/nextglow.lt\/en\/wp-json\/wp\/v2\/product_cat?post=2994"},{"taxonomy":"product_tag","embeddable":true,"href":"https:\/\/nextglow.lt\/en\/wp-json\/wp\/v2\/product_tag?post=2994"}],"curies":[{"name":"wp","href":"https:\/\/api.w.org\/{rel}","templated":true}]}}