{"id":2998,"date":"2024-02-09T22:37:27","date_gmt":"2024-02-09T20:37:27","guid":{"rendered":"https:\/\/nextglow.lt\/?post_type=product&#038;p=2998"},"modified":"2024-02-09T22:39:47","modified_gmt":"2024-02-09T20:39:47","slug":"hayejin-blessing-of-sprout-raminamasis-gelinis-veido-prausiklis","status":"publish","type":"product","link":"https:\/\/nextglow.lt\/en\/produktas\/hayejin-blessing-of-sprout-raminamasis-gelinis-veido-prausiklis\/","title":{"rendered":"HAYEJIN \u201eBlessing of Sprout\u201c raminamasis gelinis veido prausiklis"},"content":{"rendered":"<p>Naudojimas: U\u017etepkite nedidel\u012f gelio kiek\u012f ant sudr\u0117kintos veido odos, \u0161velniai \u012ftrinkite, kad priemon\u0117 suputot\u0173. Putomis \u0161velniai masa\u017euokite od\u0105, tada nuplaukite drungnu vandeniu.<\/p>\n<h6>INGREDIENTS: AQUA, DISODIUM COCOAMPHODIACETATE, GLYCERIN, SODIUM CHLORIDE, PEG-120 METHYL GLUCOSE DIOLEATE, DECYL GLUCOSIDE, CITRIC ACID, 1,2-HEXANEDIOL, POTASSIUM COCOYL GLYCINATE, PANTHENOL, BUTYLENE GLYCOL, PARFUM, HEXYLENE GLYCOL, ETHYLHEXYLGLYCERIN, NELUMBO NUCIFERA GERM EXTRACT, DISODIUM EDTA, MELIA AZADIRACHTA FLOWER EXTRACT, OCIMUM SANCTUM LEAF EXTRACT, CURCUMA LONGA ROOT EXTRACT, CORALLINA OFFICINALIS EXTRACT, BRASSICA CAMPESTRIS SPROUT EXTRACT, BRASSICA OLERACEA ITALICA SPROUT EXTRACT, HAMAMELIS VIRGINIANA WATER, SOPHORA JAPONICA BUD EXTRACT, TRITICUM VULGARE SPROUT EXTRACT, ECLIPTA PROSTRATA EXTRACT, MORINGA OLEIFERA SEED OIL, LIMONENE, HEXYL CINNAMAL, LINALOOL<\/h6>\n","protected":false},"excerpt":{"rendered":"<div><span lang=\"EN-GB\">Silpnai r\u016bg\u0161tinis valomasis gelis su mikroburbuliukais gaivina ir atpalaiduoja od\u0105. Jo sud\u0117tyje yra pantenolio ir lotoso gemal\u0173 ekstrakto, kurie valo ir dr\u0117kina od\u0105. Stabili pH pusiausvyra pana\u0161i \u012f odos pH (pH 5,5\u20136,5). Gelis giliai valo be trinties ir spaudimo, tod\u0117l i\u0161saugomas odos apsauginis sluoksnis, ji atrodo sveikesn\u0117. Hipoalerginis, tinka jautriai odai.<\/span><\/div>\n<ul>\n<li>Talpa: 170 ml<\/li>\n<li>Hipoalerginis &amp; Naturalus \/ Dr\u0117kina \/ Giliai valo poras<\/li>\n<li>Dermatologi\u0161kai patikrinta<\/li>\n<\/ul>\n","protected":false},"featured_media":2999,"comment_status":"open","ping_status":"closed","template":"","meta":[],"product_cat":[73,84],"product_tag":[],"class_list":{"0":"post-2998","1":"product","2":"type-product","3":"status-publish","4":"has-post-thumbnail","6":"product_cat-veidui","7":"product_cat-prausikliai","9":"first","10":"instock","11":"shipping-taxable","12":"purchasable","13":"product-type-simple"},"_links":{"self":[{"href":"https:\/\/nextglow.lt\/en\/wp-json\/wp\/v2\/product\/2998","targetHints":{"allow":["GET"]}}],"collection":[{"href":"https:\/\/nextglow.lt\/en\/wp-json\/wp\/v2\/product"}],"about":[{"href":"https:\/\/nextglow.lt\/en\/wp-json\/wp\/v2\/types\/product"}],"replies":[{"embeddable":true,"href":"https:\/\/nextglow.lt\/en\/wp-json\/wp\/v2\/comments?post=2998"}],"wp:featuredmedia":[{"embeddable":true,"href":"https:\/\/nextglow.lt\/en\/wp-json\/wp\/v2\/media\/2999"}],"wp:attachment":[{"href":"https:\/\/nextglow.lt\/en\/wp-json\/wp\/v2\/media?parent=2998"}],"wp:term":[{"taxonomy":"product_cat","embeddable":true,"href":"https:\/\/nextglow.lt\/en\/wp-json\/wp\/v2\/product_cat?post=2998"},{"taxonomy":"product_tag","embeddable":true,"href":"https:\/\/nextglow.lt\/en\/wp-json\/wp\/v2\/product_tag?post=2998"}],"curies":[{"name":"wp","href":"https:\/\/api.w.org\/{rel}","templated":true}]}}