{"id":3002,"date":"2024-02-09T22:39:59","date_gmt":"2024-02-09T20:39:59","guid":{"rendered":"https:\/\/nextglow.lt\/?post_type=product&#038;p=3002"},"modified":"2024-02-09T22:42:59","modified_gmt":"2024-02-09T20:42:59","slug":"hayejin-blessing-of-sprout-gyvybingumo-suteikiantis-veido-kremas","status":"publish","type":"product","link":"https:\/\/nextglow.lt\/en\/produktas\/hayejin-blessing-of-sprout-gyvybingumo-suteikiantis-veido-kremas\/","title":{"rendered":"HAYEJIN \u201eBlessing of Sprout\u201c gyvybingumo suteikiantis veido kremas"},"content":{"rendered":"<p>Naudojimas: Krem\u0105 tepkite po serumo naudojimo, nedidel\u012f kiek\u012f kremo paskirstykite ant viso veido iki kaklo, tada \u0161velniais judesiais \u012fmasa\u017euokite, kol \u012fsigers \u012f od\u0105.<\/p>\n<h6>INGREDIENTS: AQUA, BUTYLENE GLYCOL, DIMETHICONE, PHENYL TRIMETHICONE, METHYL GLUCETH-20, ARBUTIN, BUTYROSPERMUM PARKII BUTTER, CETEARYL ALCOHOL, HYDROGENATED POLYDECENE, 1,2-HEXANEDIOL, SODIUM POLYACRYLATE, ETHYLHEXYL STEARATE, PEG-10 DIMETHICONE, GLYCERYL STEARATE, PEG-100 STEARATE, CETEARYL GLUCOSIDE, CAPRYLYL GLYCOL, PARFUM, TOCOPHERYL ACETATE, NELUMBO NUCIFERA GERM EXTRACT, TRIDECETH-6, ADENOSINE, CARBOMER, MADECASSOSIDE, DISODIUM EDTA, SODIUM HYALURONATE, CENTELLA ASIATICA LEAF EXTRACT, ASIATICOSIDE, DEXTRIN, THEOBROMA CACAO EXTRACT, ECTOIN, ETHYLHEXYLGLYCERIN, GLUCOSE, BRASSICA CAMPESTRIS SPROUT EXTRACT, BRASSICA OLERACEA ITALICA SPROUT EXTRACT, SOPHORA JAPONICA BUD EXTRACT, TRITICUM VULGARE SPROUT EXTRACT, LIMONENE, HEXYL CINNAMAL, LINALOOL, GERANIOL<\/h6>\n","protected":false},"excerpt":{"rendered":"<div><span lang=\"EN-US\">Stangrinamojo kremo sud\u0117tyje sukoncentruota \u017eied\u0173 pumpur\u0173 galia padeda u\u017etikrinti nuolatin\u0119 odos apsaug\u0105. D\u0117l savo unikalios sud\u0117ties, kremas padeda atkurti pa\u017eeist\u0105 odos barjer\u0105 ir saugo j\u0105 nuo neigiam\u0173 i\u0161orini\u0173 aplinkos veiksni\u0173. Kremas intensyviai dr\u0117kina, skaistina (albutinas), ma\u017eina rauk\u0161les ir atkuria odos elastingum\u0105, greitai \u012fsigeria, nepalieka ant odos lipnumo po\u017eymi\u0173. Lengvos ir \u0161velnios tekst\u016bros.<\/span><\/div>\n<ul>\n<li>Talpa: 50 ml<\/li>\n<li>Pudingo konsistencijos kremas \/ Intensyvus dr\u0117kinimas \/ Nat\u016bralus odos apsauginis barjeras<\/li>\n<li>Dermatologi\u0161kai patikrinta<\/li>\n<\/ul>\n","protected":false},"featured_media":3003,"comment_status":"open","ping_status":"closed","template":"","meta":[],"product_cat":[73,83],"product_tag":[],"class_list":{"0":"post-3002","1":"product","2":"type-product","3":"status-publish","4":"has-post-thumbnail","6":"product_cat-veidui","7":"product_cat-kremai","9":"first","10":"instock","11":"shipping-taxable","12":"purchasable","13":"product-type-simple"},"_links":{"self":[{"href":"https:\/\/nextglow.lt\/en\/wp-json\/wp\/v2\/product\/3002","targetHints":{"allow":["GET"]}}],"collection":[{"href":"https:\/\/nextglow.lt\/en\/wp-json\/wp\/v2\/product"}],"about":[{"href":"https:\/\/nextglow.lt\/en\/wp-json\/wp\/v2\/types\/product"}],"replies":[{"embeddable":true,"href":"https:\/\/nextglow.lt\/en\/wp-json\/wp\/v2\/comments?post=3002"}],"wp:featuredmedia":[{"embeddable":true,"href":"https:\/\/nextglow.lt\/en\/wp-json\/wp\/v2\/media\/3003"}],"wp:attachment":[{"href":"https:\/\/nextglow.lt\/en\/wp-json\/wp\/v2\/media?parent=3002"}],"wp:term":[{"taxonomy":"product_cat","embeddable":true,"href":"https:\/\/nextglow.lt\/en\/wp-json\/wp\/v2\/product_cat?post=3002"},{"taxonomy":"product_tag","embeddable":true,"href":"https:\/\/nextglow.lt\/en\/wp-json\/wp\/v2\/product_tag?post=3002"}],"curies":[{"name":"wp","href":"https:\/\/api.w.org\/{rel}","templated":true}]}}