{"id":3025,"date":"2024-02-09T23:04:07","date_gmt":"2024-02-09T21:04:07","guid":{"rendered":"https:\/\/nextglow.lt\/?post_type=product&#038;p=3025"},"modified":"2024-02-09T23:13:05","modified_gmt":"2024-02-09T21:13:05","slug":"hayejin-blessing-of-sprout-serumas","status":"publish","type":"product","link":"https:\/\/nextglow.lt\/en\/produktas\/hayejin-blessing-of-sprout-serumas\/","title":{"rendered":"HAYEJIN \u201eBlessing of Sprout\u201c serumas 30ml"},"content":{"rendered":"<p>Naudojimas: ryte ir vakare u\u017etepkite nedidel\u012f kiek\u012f serumo ant i\u0161 anksto nuvalytos, toneriu sudr\u0117kintos veido odos ir \u0161velniai patap\u0161nokite, kol susigers.<\/p>\n<h6>INGREDIENTS: AQUA, NELUMBO NUCIFERA GERM EXTRACT, CYCLOPENTASILOXANE, BUTYLENE GLYCOL, AQUA, CYCLOPENTASILOXANE, BUTYLENE GLYCOL, NIACINAMIDE, DIMETHICONE, 1,2-HEXANEDIOL, BETAINE, CYCLOHEXASILOXANE, GLYCERIN, SODIUM ACRYLATE\/SODIUM ACRYLOYLDIMETHYL TAURATE COPOLYMER, METHYL GLUCETH-20, DIMETHICONE\/VINYL DIMETHICONE CROSSPOLYMER, ISOHEXADECANE, DIMETHICONOL, ACRYLATES\/C10-30 ALKYL ACRYLATE CROSSPOLYMER, TROMETHAMINE, POLYSORBATE 80, PARFUM, SODIUM PHYTATE, ETHYLHEXYLGLYCERIN, NELUMBO NUCIFERA GERM EXTRACT, ADENOSINE, XANTHAN GUM, SORBITAN OLEATE, MADECASSOSIDE, FERULIC ACID, CENTELLA ASIATICA LEAF EXTRACT, BETA-GLUCAN, SCLEROTIUM GUM, ASIATICOSIDE, DEXTRIN, THEOBROMA CACAO EXTRACT, ARGININE, CYSTEINE, ECTOIN, GLUTAMINE, GLYCINE, HISTIDINE, HYALURONIC ACID, INOSITOL, LYSINE, PENTYLENE GLYCOL, RAFFINOSE, SODIUM HYALURONATE, BRASSICA CAMPESTRIS SPROUT EXTRACT, BRASSICA OLERACEA ITALICA SPROUT EXTRACT, SOPHORA JAPONICA BUD EXTRACT, TRITICUM VULGARE SPROUT EXTRACT, CAPRYLYL GLYCOL, LIMONENE, HEXYL CINNAMAL, LINALOOL, GERANIOL<\/h6>\n","protected":false},"excerpt":{"rendered":"<div><span lang=\"EN-GB\">\u0160ilko \u0161velnumo serumas, kurio sud\u0117tyje esan\u010dios koncentruotosios veikliosios med\u017eiagos i\u0161 \u017eiedpumpuri\u0173 ekstrakt\u0173 atgaivina pavargusi\u0105 veido od\u0105, efektyviai apsaugo nuo rauk\u0161li\u0173 susidarymo, dr\u0117kina ir intensyviai ramina od\u0105. Serumas lygina atspalvio nelygumus bei odos tekst\u016br\u0105, ma\u017eina i\u0161sipl\u0117tusi\u0173 por\u0173 pastebimum\u0105, padeda kovoti su pigmentin\u0117mis d\u0117m\u0117mis bei akn\u0117s paliktais randeliais. Sud\u0117tyje yra hialurono r\u016bg\u0161ties, niacinamido ir adenozino, kurie maitina, regeneruoja ir apsaugo od\u0105 nuo sen\u0117jimo. Greitai \u012fsisavinama gryna rie\u0161utini\u0173 lotos\u0173 gemal\u0173 ekstrakto ir nat\u016brali\u0173 augal\u0173 daig\u0173 energija u\u017etikrina odos tekst\u016bros glotnum\u0105.<\/span><\/div>\n<ul>\n<li>Talpa: 30 ml<\/li>\n<li>\u0160ilko \u0161velnumo tekst\u016bra\/ Apsauga nuo rauk\u0161li\u0173 susidarymo<\/li>\n<li>Dermatologi\u0161kai patikrinta<\/li>\n<\/ul>\n","protected":false},"featured_media":3026,"comment_status":"open","ping_status":"closed","template":"","meta":[],"product_cat":[73,85],"product_tag":[],"class_list":{"0":"post-3025","1":"product","2":"type-product","3":"status-publish","4":"has-post-thumbnail","6":"product_cat-veidui","7":"product_cat-serumai","9":"first","10":"instock","11":"shipping-taxable","12":"purchasable","13":"product-type-simple"},"_links":{"self":[{"href":"https:\/\/nextglow.lt\/en\/wp-json\/wp\/v2\/product\/3025","targetHints":{"allow":["GET"]}}],"collection":[{"href":"https:\/\/nextglow.lt\/en\/wp-json\/wp\/v2\/product"}],"about":[{"href":"https:\/\/nextglow.lt\/en\/wp-json\/wp\/v2\/types\/product"}],"replies":[{"embeddable":true,"href":"https:\/\/nextglow.lt\/en\/wp-json\/wp\/v2\/comments?post=3025"}],"wp:featuredmedia":[{"embeddable":true,"href":"https:\/\/nextglow.lt\/en\/wp-json\/wp\/v2\/media\/3026"}],"wp:attachment":[{"href":"https:\/\/nextglow.lt\/en\/wp-json\/wp\/v2\/media?parent=3025"}],"wp:term":[{"taxonomy":"product_cat","embeddable":true,"href":"https:\/\/nextglow.lt\/en\/wp-json\/wp\/v2\/product_cat?post=3025"},{"taxonomy":"product_tag","embeddable":true,"href":"https:\/\/nextglow.lt\/en\/wp-json\/wp\/v2\/product_tag?post=3025"}],"curies":[{"name":"wp","href":"https:\/\/api.w.org\/{rel}","templated":true}]}}