{"id":3031,"date":"2024-02-09T23:09:53","date_gmt":"2024-02-09T21:09:53","guid":{"rendered":"https:\/\/nextglow.lt\/?post_type=product&#038;p=3031"},"modified":"2024-02-09T23:09:53","modified_gmt":"2024-02-09T21:09:53","slug":"hayejin-blessing-of-sprout-skaistinamasis-tonikas","status":"publish","type":"product","link":"https:\/\/nextglow.lt\/en\/produktas\/hayejin-blessing-of-sprout-skaistinamasis-tonikas\/","title":{"rendered":"HAYEJIN \u201eBlessing of Sprout\u201c skaistinamasis tonikas"},"content":{"rendered":"<p>Naudojimas: Nedidel\u012f kiek\u012f priemon\u0117s tepkite ant \u0161varios veido ir kaklo sri\u010di\u0173 odos ir lengvai patap\u0161nokite, kad \u012fsigert\u0173. Intensyvesniam poveikiui \u012ftrinkite nedidel\u012f toniko kiek\u012f tarp deln\u0173, taip j\u012f su\u0161ildydami, ir \u0161velniai prispauskite rankomis veid\u0105. Neb\u016btina naudoti vatos tampon\u0117lio. Rekomenduojama toner\u012f naudoti ryte ir vakare bei prie\u0161 lak\u0161tini\u0173 kauki\u0173 proced\u016bras, kad oda geriau absorbuot\u0173 kit\u0173 produkt\u0173 savybes.<\/p>\n<h6>INGREDIENTS: AQUA , DIPROPYLENE GLYCOL, 1,2-HEXANEDIOL, BUTYLENE GLYCOL, BETAINE, METHYL GLUCETH-20, PANTHENOL, C12-13 PARETH-9, CARBOMER, TROMETHAMINE, SODIUM PHYTATE, PARFUM, ETHYLHEXYLGLYCERIN, NELUMBO NUCIFERA GERM EXTRACT, SODIUM HYALURONATE, ECTOIN, SYNTHETIC FLUORPHLOGOPITE, AGAR, AMMONIUM ACRYLOYLDIMETHYLTAURATE\/VP COPOLYMER, BRASSICA CAMPESTRIS SPROUT EXTRACT, BRASSICA OLERACEA ITALICA SPROUT EXTRACT, SOPHORA JAPONICA BUD EXTRACT, TRITICUM VULGARE SPROUT EXTRACT, TIN OXIDE, LIMONENE, HEXYL CINNAMAL, LINALOOL, GERANIOL, CI 77891<\/h6>\n","protected":false},"excerpt":{"rendered":"<div><span lang=\"EN-GB\">\u0160vyt\u0117jimo suteikiantis veido toneris su botanini\u0173 ekstrakt\u0173 kompleksu ir kapsul\u0117mis, kurios nat\u016braliai \u012fsigeria \u012f od\u0105 ir j\u0105 skaistina. Sud\u0117tyje yra nat\u016bralaus botaninio augalo daig\u0173 komplekso, Nelumbo Nucifera gemalo ekstrakto, kurio d\u0117ka maitinama ir atgaivinama pavargusi oda. Toneris giliai dr\u0117kina, ma\u017eina poras, subalansuoja pH ir paruo\u0161ia od\u0105 kit\u0173 produkt\u0173 naudojimui. Inovatyvi priemon\u0117s formul\u0117 su inkapsuliuotais ingredientais greitai ir efektyviai atkuria nat\u016bral\u0173 odos spindes\u012f bei lygina odos tekst\u016br\u0105. Hipoalergin\u0117 formul\u0117 tinkama visiems odos tipams.<\/span><\/div>\n<ul>\n<li>Talpa: 120 ml<\/li>\n<li>Skaistinan\u010dios kapsul\u0117s \/ Daig\u0173 gyvybingumas \/ \u0160velni kasdien\u0117s prie\u017ei\u016bros priemon\u0117<\/li>\n<li>Dermatologi\u0161kai patikrinta<\/li>\n<\/ul>\n","protected":false},"featured_media":3032,"comment_status":"open","ping_status":"closed","template":"","meta":[],"product_cat":[73,81],"product_tag":[],"class_list":{"0":"post-3031","1":"product","2":"type-product","3":"status-publish","4":"has-post-thumbnail","6":"product_cat-veidui","7":"product_cat-tonikai","9":"first","10":"instock","11":"shipping-taxable","12":"purchasable","13":"product-type-simple"},"_links":{"self":[{"href":"https:\/\/nextglow.lt\/en\/wp-json\/wp\/v2\/product\/3031","targetHints":{"allow":["GET"]}}],"collection":[{"href":"https:\/\/nextglow.lt\/en\/wp-json\/wp\/v2\/product"}],"about":[{"href":"https:\/\/nextglow.lt\/en\/wp-json\/wp\/v2\/types\/product"}],"replies":[{"embeddable":true,"href":"https:\/\/nextglow.lt\/en\/wp-json\/wp\/v2\/comments?post=3031"}],"wp:featuredmedia":[{"embeddable":true,"href":"https:\/\/nextglow.lt\/en\/wp-json\/wp\/v2\/media\/3032"}],"wp:attachment":[{"href":"https:\/\/nextglow.lt\/en\/wp-json\/wp\/v2\/media?parent=3031"}],"wp:term":[{"taxonomy":"product_cat","embeddable":true,"href":"https:\/\/nextglow.lt\/en\/wp-json\/wp\/v2\/product_cat?post=3031"},{"taxonomy":"product_tag","embeddable":true,"href":"https:\/\/nextglow.lt\/en\/wp-json\/wp\/v2\/product_tag?post=3031"}],"curies":[{"name":"wp","href":"https:\/\/api.w.org\/{rel}","templated":true}]}}