{"id":3036,"date":"2024-02-09T23:11:53","date_gmt":"2024-02-09T21:11:53","guid":{"rendered":"https:\/\/nextglow.lt\/?post_type=product&#038;p=3036"},"modified":"2024-06-01T01:00:06","modified_gmt":"2024-05-31T22:00:06","slug":"hayejin-cuddle-of-tea-tree-raminanti-lakstine-veido-kauke-5-lakstai","status":"publish","type":"product","link":"https:\/\/nextglow.lt\/en\/produktas\/hayejin-cuddle-of-tea-tree-raminanti-lakstine-veido-kauke-5-lakstai\/","title":{"rendered":"HAYEJIN \u201eCuddle of Tea Tree\u201c raminanti lak\u0161tin\u0117 veido kauk\u0117 (5 lak\u0161tai)"},"content":{"rendered":"<p>Pusiau permatoma, plona lak\u0161tin\u0117 kauk\u0117 nepriekai\u0161tingai priglunda prie odos, tod\u0117l veikliosios med\u017eiagos greitai patenka \u012f od\u0105.<\/p>\n<p>Naudojimas: Nuvalykite ir nusausinkite veido od\u0105, tinkamai u\u017ed\u0117kite kauk\u0119 aplink aki\u0173, nosies ir burnos sritis. Palikite kauk\u0119 veikti 10-20 minu\u010di\u0173. Nuimkite kauk\u0119 ir \u0161velniai patap\u0161nokite likusi\u0105 esencij\u0105, kad \u012fsigert\u0173.<\/p>\n<h6>INGREDIENTS: WATER, GLYCERIN, MELALEUCA ALTERNIFOLIA (TEA TREE) LEAF EXTRACT, BUTYLENE GLYCOL, BETAINE, PANTHENOL, CENTELLA ASIATICA LEAF EXTRACT, MADECASSOSIDE, ASIATICOSIDE, DIPOTASSIUM GLYCYRRHIZATE, ALLANTOIN, CURCUMA LONGA (TURMERIC) ROOT EXTRACT, PROPYLENE GLYCOL, POLYSORBATE 80, 1,2-HEXANEDIOL, C12-13 PARETH-9, SODIUM HYALURONATE, ACRYLATES\/C10-30 ALKYL ACRYLATE CROSSPOLYMER, CARBOMER, ARGININE, MELALEUCA ALTERNIFOLIA (TEA TREE) LEAF OIL, CHLOROPHYLLIN-COPPER COMPLEX, ETHYLHEXYLGLYCERIN, DISODIUM EDTA<\/h6>\n","protected":false},"excerpt":{"rendered":"<div><span lang=\"EN-GB\">Raminamojo poveikio kauk\u0117 savo gryna Melaleuca Alternifolia (arbatmed\u017ei\u0173) lap\u0173 ekstrakto, arbatmed\u017ei\u0173 eterinio aliejaus ir azijini\u0173 centeli\u0173 \u017eali\u0105ja energija ramina jautri\u0105 bei sudirgusi\u0105 od\u0105 ir puosel\u0117ja problemin\u0119 od\u0105. Trij\u0173 r\u016b\u0161i\u0173 azijini\u0173 centeli\u0173 ekstraktas sustiprina pa\u017eeistos odos barjer\u0105, atkuria odos gyvybingum\u0105 bei gydo problemin\u0119 od\u0105.<\/span><\/div>\n<div>\n<ul>\n<li>Talpa: 25 ml x 5 lak\u0161tai<\/li>\n<li>Itin priglundan\u010dios prie odos lak\u0161tin\u0117s kauk\u0117s<\/li>\n<li>Dermatologi\u0161kai patikrinta<\/li>\n<\/ul>\n<\/div>\n","protected":false},"featured_media":3037,"comment_status":"open","ping_status":"closed","template":"","meta":[],"product_cat":[73,78],"product_tag":[],"class_list":{"0":"post-3036","1":"product","2":"type-product","3":"status-publish","4":"has-post-thumbnail","6":"product_cat-veidui","7":"product_cat-veido-kaukes","9":"first","10":"instock","11":"shipping-taxable","12":"purchasable","13":"product-type-simple"},"_links":{"self":[{"href":"https:\/\/nextglow.lt\/en\/wp-json\/wp\/v2\/product\/3036","targetHints":{"allow":["GET"]}}],"collection":[{"href":"https:\/\/nextglow.lt\/en\/wp-json\/wp\/v2\/product"}],"about":[{"href":"https:\/\/nextglow.lt\/en\/wp-json\/wp\/v2\/types\/product"}],"replies":[{"embeddable":true,"href":"https:\/\/nextglow.lt\/en\/wp-json\/wp\/v2\/comments?post=3036"}],"wp:featuredmedia":[{"embeddable":true,"href":"https:\/\/nextglow.lt\/en\/wp-json\/wp\/v2\/media\/3037"}],"wp:attachment":[{"href":"https:\/\/nextglow.lt\/en\/wp-json\/wp\/v2\/media?parent=3036"}],"wp:term":[{"taxonomy":"product_cat","embeddable":true,"href":"https:\/\/nextglow.lt\/en\/wp-json\/wp\/v2\/product_cat?post=3036"},{"taxonomy":"product_tag","embeddable":true,"href":"https:\/\/nextglow.lt\/en\/wp-json\/wp\/v2\/product_tag?post=3036"}],"curies":[{"name":"wp","href":"https:\/\/api.w.org\/{rel}","templated":true}]}}