{"id":3041,"date":"2024-02-09T23:15:19","date_gmt":"2024-02-09T21:15:19","guid":{"rendered":"https:\/\/nextglow.lt\/?post_type=product&#038;p=3041"},"modified":"2024-06-01T01:00:06","modified_gmt":"2024-05-31T22:00:06","slug":"hayejin-cuddle-of-flowers-drekinamoji-lakstine-veido-kauke-5-lakstai","status":"publish","type":"product","link":"https:\/\/nextglow.lt\/en\/produktas\/hayejin-cuddle-of-flowers-drekinamoji-lakstine-veido-kauke-5-lakstai\/","title":{"rendered":"HAYEJIN \u201eCuddle of Flowers\u201c dr\u0117kinamoji lak\u0161tin\u0117 veido kauk\u0117 (5 lak\u0161tai)"},"content":{"rendered":"<p>Pusiau permatoma, plona lak\u0161tin\u0117 kauk\u0117 nepriekai\u0161tingai priglunda prie odos, tod\u0117l veikliosios med\u017eiagos greitai patenka \u012f od\u0105.<\/p>\n<p>Naudojimas: Nuvalykite ir nusausinkite veido od\u0105, tinkamai u\u017ed\u0117kite kauk\u0119 aplink aki\u0173, nosies ir burnos sritis. Palikite kauk\u0119 veikti 10-20 minu\u010di\u0173. Nuimkite kauk\u0119 ir \u0161velniai patap\u0161nokite likusi\u0105 esencij\u0105, kad \u012fsigert\u0173.<\/p>\n<p>&nbsp;<\/p>\n","protected":false},"excerpt":{"rendered":"<div><span lang=\"EN-GB\">Dr\u0117kinamojo poveikio kauk\u0117, kurios sud\u0117tyje yra Damasko ro\u017e\u0117s, 7 Tai\u010dio g\u0117li\u0173 komplekso ekstrakt\u0173 ir vitamino B5. Kauk\u0117 ramina, atgaivina ir dr\u0117kina od\u0105, suteikdama jai \u0161ilko \u0161velnumo. Subtilus kauk\u0117s aromatas atpalaiduoja ne tik od\u0105, bet ir mintis.<\/span><\/div>\n<ul>\n<li>Talpa: 25 ml x 5 lak\u0161tai<\/li>\n<li>Itin priglundan\u010dios prie odos lak\u0161tin\u0117s kauk\u0117s<\/li>\n<li>Dermatologi\u0161kai patikrinta<\/li>\n<\/ul>\n","protected":false},"featured_media":3045,"comment_status":"open","ping_status":"closed","template":"","meta":[],"product_cat":[73,78],"product_tag":[],"class_list":{"0":"post-3041","1":"product","2":"type-product","3":"status-publish","4":"has-post-thumbnail","6":"product_cat-veidui","7":"product_cat-veido-kaukes","9":"first","10":"instock","11":"shipping-taxable","12":"purchasable","13":"product-type-simple"},"_links":{"self":[{"href":"https:\/\/nextglow.lt\/en\/wp-json\/wp\/v2\/product\/3041","targetHints":{"allow":["GET"]}}],"collection":[{"href":"https:\/\/nextglow.lt\/en\/wp-json\/wp\/v2\/product"}],"about":[{"href":"https:\/\/nextglow.lt\/en\/wp-json\/wp\/v2\/types\/product"}],"replies":[{"embeddable":true,"href":"https:\/\/nextglow.lt\/en\/wp-json\/wp\/v2\/comments?post=3041"}],"wp:featuredmedia":[{"embeddable":true,"href":"https:\/\/nextglow.lt\/en\/wp-json\/wp\/v2\/media\/3045"}],"wp:attachment":[{"href":"https:\/\/nextglow.lt\/en\/wp-json\/wp\/v2\/media?parent=3041"}],"wp:term":[{"taxonomy":"product_cat","embeddable":true,"href":"https:\/\/nextglow.lt\/en\/wp-json\/wp\/v2\/product_cat?post=3041"},{"taxonomy":"product_tag","embeddable":true,"href":"https:\/\/nextglow.lt\/en\/wp-json\/wp\/v2\/product_tag?post=3041"}],"curies":[{"name":"wp","href":"https:\/\/api.w.org\/{rel}","templated":true}]}}