{"id":3048,"date":"2024-02-09T23:17:04","date_gmt":"2024-02-09T21:17:04","guid":{"rendered":"https:\/\/nextglow.lt\/?post_type=product&#038;p=3048"},"modified":"2024-06-01T01:00:06","modified_gmt":"2024-05-31T22:00:06","slug":"hayejin-cuddle-of-jeju-oxygen-water-energizuojanti-lakstine-veido-kauke-5-lakstai","status":"publish","type":"product","link":"https:\/\/nextglow.lt\/en\/produktas\/hayejin-cuddle-of-jeju-oxygen-water-energizuojanti-lakstine-veido-kauke-5-lakstai\/","title":{"rendered":"HAYEJIN \u201eCuddle of Jeju Oxygen Water\u201c energizuojanti lak\u0161tin\u0117 veido kauk\u0117 (5 lak\u0161tai)"},"content":{"rendered":"<p>Pusiau permatoma, plona lak\u0161tin\u0117 kauk\u0117 nepriekai\u0161tingai priglunda prie odos, tod\u0117l veikliosios med\u017eiagos greitai patenka \u012f od\u0105.<\/p>\n<p>Naudojimas: Nuvalykite ir nusausinkite veido od\u0105, tinkamai u\u017ed\u0117kite kauk\u0119 aplink aki\u0173, nosies ir burnos sritis. Palikite kauk\u0119 veikti 10-20 minu\u010di\u0173. Nuimkite kauk\u0119 ir \u0161velniai patap\u0161nokite likusi\u0105 esencij\u0105, kad \u012fsigert\u0173.<\/p>\n<p>Water, Rosa Damascena Exract, Butylene Glycol, Glycerin, Trehalose, Panthelon, Cocos Nucifera (Coconut) Oil, Nympaea Alba Flower Extract, Plumeria Alba Flower Extract, Gardenia Taitensis Flower Extract, Plumeria Rubra Flower Extract, Fragraea Berteroana Flower Extract, Hibiscus Sabdariffa Flower Extract, Cananga Odorata Flower Extract, Dipotassium Glycyrrhizate, Sodium Hyaluronate, Cyanocobalamin, 1,2-Hexanediol, Hydroxypropyl Methylcellulose, Acrylates\/C10-30 Alkyl Acrylate Crosspolymer, Arginine, Xanthan Gum, C12-13 Pareth-9, Tocopherol, Fragrance, Ethylhexylglycerin, Disodium EDTA.<\/p>\n","protected":false},"excerpt":{"rendered":"<p>Intensyviai odos prie\u017ei\u016brai skirta veido kauk\u0117 yra prisotinta gryno \u010ced\u017eu (Jeju) mineralinio vandens, kuriame gausu deguonies. Kauk\u0117 padeda stangrinti od\u0105, suaktyvina odos apsaug\u0105 nuo neigiam\u0173 i\u0161orini\u0173 veiksni\u0173. Kauk\u0117s sud\u0117tyje yra j\u016bros dumbli\u0173 ekstrakto, tod\u0117l ji i\u0161lygina ir ma\u017eina rauk\u0161les, suteikia intensyv\u0173 maitinim\u0105, kad oda b\u016bt\u0173 sveika ir glotni. \u0160i veido kauk\u0117 yra stipriai dr\u0117kinanti.<\/p>\n<ul>\n<li>Talpa: 25 ml x 5 lak\u0161tai<\/li>\n<li>Itin priglundan\u010dios prie odos lak\u0161tin\u0117s kauk\u0117s<\/li>\n<li>Dermatologi\u0161kai patikrinta<\/li>\n<\/ul>\n","protected":false},"featured_media":3049,"comment_status":"open","ping_status":"closed","template":"","meta":[],"product_cat":[73,78],"product_tag":[],"class_list":{"0":"post-3048","1":"product","2":"type-product","3":"status-publish","4":"has-post-thumbnail","6":"product_cat-veidui","7":"product_cat-veido-kaukes","9":"first","10":"instock","11":"shipping-taxable","12":"purchasable","13":"product-type-simple"},"_links":{"self":[{"href":"https:\/\/nextglow.lt\/en\/wp-json\/wp\/v2\/product\/3048","targetHints":{"allow":["GET"]}}],"collection":[{"href":"https:\/\/nextglow.lt\/en\/wp-json\/wp\/v2\/product"}],"about":[{"href":"https:\/\/nextglow.lt\/en\/wp-json\/wp\/v2\/types\/product"}],"replies":[{"embeddable":true,"href":"https:\/\/nextglow.lt\/en\/wp-json\/wp\/v2\/comments?post=3048"}],"wp:featuredmedia":[{"embeddable":true,"href":"https:\/\/nextglow.lt\/en\/wp-json\/wp\/v2\/media\/3049"}],"wp:attachment":[{"href":"https:\/\/nextglow.lt\/en\/wp-json\/wp\/v2\/media?parent=3048"}],"wp:term":[{"taxonomy":"product_cat","embeddable":true,"href":"https:\/\/nextglow.lt\/en\/wp-json\/wp\/v2\/product_cat?post=3048"},{"taxonomy":"product_tag","embeddable":true,"href":"https:\/\/nextglow.lt\/en\/wp-json\/wp\/v2\/product_tag?post=3048"}],"curies":[{"name":"wp","href":"https:\/\/api.w.org\/{rel}","templated":true}]}}