{"id":3052,"date":"2024-02-09T23:20:16","date_gmt":"2024-02-09T21:20:16","guid":{"rendered":"https:\/\/nextglow.lt\/?post_type=product&#038;p=3052"},"modified":"2024-06-01T01:00:06","modified_gmt":"2024-05-31T22:00:06","slug":"hayejin-blessing-of-sprout-praturtinto-serumo-lakstine-veido-kauke-5-lakstai","status":"publish","type":"product","link":"https:\/\/nextglow.lt\/en\/produktas\/hayejin-blessing-of-sprout-praturtinto-serumo-lakstine-veido-kauke-5-lakstai\/","title":{"rendered":"HAYEJIN \u201eBlessing of Sprout\u201c Praturtinto Serumo lak\u0161tin\u0117 veido kauk\u0117 (5 lak\u0161tai)"},"content":{"rendered":"<p>Pusiau permatoma, plona lak\u0161tin\u0117 kauk\u0117 nepriekai\u0161tingai priglunda prie odos, tod\u0117l veikliosios med\u017eiagos greitai patenka \u012f od\u0105.<\/p>\n<p>Naudojimas: Nuvalykite ir nusausinkite veido od\u0105, tinkamai u\u017ed\u0117kite kauk\u0119 aplink aki\u0173, nosies ir burnos sritis. Palikite kauk\u0119 veikti 10-20 minu\u010di\u0173. Nuimkite kauk\u0119 ir \u0161velniai patap\u0161nokite likusi\u0105 esencij\u0105, kad \u012fsigert\u0173.<\/p>\n<p>Patarimas: Ant sudr\u0117kintos odos u\u017etepkite dar vien\u0105 sluoksn\u012f HAYEJIN \u201eBlessing of Sprout\u201c serumo, kad jaustum\u0117te lengv\u0105, bet tvirtesn\u012f dr\u0117gm\u0117s barjer\u0105.<\/p>\n<h6>Water, Rosa Damascena Exract, Butylene Glycol, Glycerin, Trehalose, Panthelon, Cocos Nucifera (Coconut) Oil, Nympaea Alba Flower Extract, Plumeria Alba Flower Extract, Gardenia Taitensis Flower Extract, Plumeria Rubra Flower Extract, Fragraea Berteroana Flower Extract, Hibiscus Sabdariffa Flower Extract, Cananga Odorata Flower Extract, Dipotassium Glycyrrhizate, Sodium Hyaluronate, Cyanocobalamin, 1,2-Hexanediol, Hydroxypropyl Methylcellulose, Acrylates\/C10-30 Alkyl Acrylate Crosspolymer, Arginine, Xanthan Gum, C12-13 Pareth-9, Tocopherol, Fragrance, Ethylhexylglycerin, Disodium EDTA.<\/h6>\n","protected":false},"excerpt":{"rendered":"<p>Serumo buteliukas kauk\u0117je! Kupinas dr\u0117gm\u0117s ir raminamosios galios.<\/p>\n<p>T\u0105 dien\u0105, kai reikia ypatingos prie\u017ei\u016bros, pajuskite gaivi\u0105 ir dr\u0117gn\u0105 od\u0105 be lipnumo, naudodami \u0161i\u0105 lotoso serumo kauk\u0119 su raminam\u0105ja lotoso serumo galia.<\/p>\n<ul>\n<li>D\u0117mesys skiriamas raminan\u010diai prie\u017ei\u016brai<\/li>\n<li>\u201eVergan&#8221; sertifikuotas \u201eSkin-fit&#8221; lapas<\/li>\n<li>Hipoalerginis vegani\u0161kas formuliaras<\/li>\n<li>Dermatologi\u0161kai patikrinta<\/li>\n<\/ul>\n<p>Naudokite dien\u0105 prie\u0161 svarb\u0173 darb\u0105 arba kai k\u016bnas ir oda netenka j\u0117g\u0173, skirkite 15 minu\u010di\u0173 dr\u0117gm\u0117s kupinam atsipalaidavimui.<\/p>\n","protected":false},"featured_media":3053,"comment_status":"open","ping_status":"closed","template":"","meta":[],"product_cat":[73,78],"product_tag":[],"class_list":{"0":"post-3052","1":"product","2":"type-product","3":"status-publish","4":"has-post-thumbnail","6":"product_cat-veidui","7":"product_cat-veido-kaukes","9":"first","10":"instock","11":"shipping-taxable","12":"purchasable","13":"product-type-simple"},"_links":{"self":[{"href":"https:\/\/nextglow.lt\/en\/wp-json\/wp\/v2\/product\/3052","targetHints":{"allow":["GET"]}}],"collection":[{"href":"https:\/\/nextglow.lt\/en\/wp-json\/wp\/v2\/product"}],"about":[{"href":"https:\/\/nextglow.lt\/en\/wp-json\/wp\/v2\/types\/product"}],"replies":[{"embeddable":true,"href":"https:\/\/nextglow.lt\/en\/wp-json\/wp\/v2\/comments?post=3052"}],"wp:featuredmedia":[{"embeddable":true,"href":"https:\/\/nextglow.lt\/en\/wp-json\/wp\/v2\/media\/3053"}],"wp:attachment":[{"href":"https:\/\/nextglow.lt\/en\/wp-json\/wp\/v2\/media?parent=3052"}],"wp:term":[{"taxonomy":"product_cat","embeddable":true,"href":"https:\/\/nextglow.lt\/en\/wp-json\/wp\/v2\/product_cat?post=3052"},{"taxonomy":"product_tag","embeddable":true,"href":"https:\/\/nextglow.lt\/en\/wp-json\/wp\/v2\/product_tag?post=3052"}],"curies":[{"name":"wp","href":"https:\/\/api.w.org\/{rel}","templated":true}]}}