{"id":3073,"date":"2024-02-10T00:02:25","date_gmt":"2024-02-09T22:02:25","guid":{"rendered":"https:\/\/nextglow.lt\/?post_type=product&#038;p=3073"},"modified":"2024-02-27T21:39:29","modified_gmt":"2024-02-27T19:39:29","slug":"volumizing-mousse-conditioner-apimties-suteikiants-kondicionierius-200ml","status":"publish","type":"product","link":"https:\/\/nextglow.lt\/en\/produktas\/volumizing-mousse-conditioner-apimties-suteikiants-kondicionierius-200ml\/","title":{"rendered":"Apimties suteikiants kondicionierius 200ml"},"content":{"rendered":"","protected":false},"excerpt":{"rendered":"<p>Apimties suteikiantis put\u0173 pagrindo kondicionierius ploniems plaukams. Sud\u0117tyje esantis CLIMATE &#8211; PROOF aktyvusis ingredientas suteikia optimali\u0105 dr\u0117gm\u0119 ir apsaugo plaukus nuo besikei\u010dian\u010dios aplinkos s\u0105lyg\u0173 (dr\u0117gnas oras, sausas oras, temperat\u016bra). Volume Boost kompleksas suteikia maksimalios apimties efekt\u0105.<\/p>\n","protected":false},"featured_media":3074,"comment_status":"open","ping_status":"closed","template":"","meta":[],"product_cat":[72,146,135],"product_tag":[],"class_list":{"0":"post-3073","1":"product","2":"type-product","3":"status-publish","4":"has-post-thumbnail","6":"product_cat-plaukams","7":"product_cat-kondicionierius-plaukams","8":"product_cat-ploniems-slenkantiems-plaukams","10":"first","11":"instock","12":"shipping-taxable","13":"purchasable","14":"product-type-simple"},"_links":{"self":[{"href":"https:\/\/nextglow.lt\/en\/wp-json\/wp\/v2\/product\/3073","targetHints":{"allow":["GET"]}}],"collection":[{"href":"https:\/\/nextglow.lt\/en\/wp-json\/wp\/v2\/product"}],"about":[{"href":"https:\/\/nextglow.lt\/en\/wp-json\/wp\/v2\/types\/product"}],"replies":[{"embeddable":true,"href":"https:\/\/nextglow.lt\/en\/wp-json\/wp\/v2\/comments?post=3073"}],"wp:featuredmedia":[{"embeddable":true,"href":"https:\/\/nextglow.lt\/en\/wp-json\/wp\/v2\/media\/3074"}],"wp:attachment":[{"href":"https:\/\/nextglow.lt\/en\/wp-json\/wp\/v2\/media?parent=3073"}],"wp:term":[{"taxonomy":"product_cat","embeddable":true,"href":"https:\/\/nextglow.lt\/en\/wp-json\/wp\/v2\/product_cat?post=3073"},{"taxonomy":"product_tag","embeddable":true,"href":"https:\/\/nextglow.lt\/en\/wp-json\/wp\/v2\/product_tag?post=3073"}],"curies":[{"name":"wp","href":"https:\/\/api.w.org\/{rel}","templated":true}]}}