{"id":3113,"date":"2024-02-10T01:32:42","date_gmt":"2024-02-09T23:32:42","guid":{"rendered":"https:\/\/nextglow.lt\/?post_type=product&#038;p=3113"},"modified":"2024-03-10T16:45:46","modified_gmt":"2024-03-10T14:45:46","slug":"cristalli-di-seta-dvieju-faziu-silko-pagrindo-serumas-45ml","status":"publish","type":"product","link":"https:\/\/nextglow.lt\/en\/produktas\/cristalli-di-seta-dvieju-faziu-silko-pagrindo-serumas-45ml\/","title":{"rendered":"Cristalli di Seta &#8211; Dviej\u0173 fazi\u0173 \u0161ilko pagrindo serumas 45ml"},"content":{"rendered":"","protected":false},"excerpt":{"rendered":"<p>\u0160ilko pagrindo serumas suteikiantis lengvumo ir \u017evilgesio plaukams. Naudojant serum\u0105 plaukai tampa mink\u0161ti ir sveikesni. Naujasis URBAN DEPENCE PRO aktyvus kompleksas puikiai apsaugo vis\u0173 tip\u0173 plaukus nuo neigiamo aplinkos poveikio.<\/p>\n","protected":false},"featured_media":3114,"comment_status":"open","ping_status":"closed","template":"","meta":[],"product_cat":[72,145,139,138,147,136,135,137,141,90],"product_tag":[],"class_list":{"0":"post-3113","1":"product","2":"type-product","3":"status-publish","4":"has-post-thumbnail","6":"product_cat-plaukams","7":"product_cat-besipuciantiems-siurkstiems-plaukams","8":"product_cat-dazytiems-plaukams","9":"product_cat-garbanotiems-plaukams","10":"product_cat-kasdieniniam-naudojimui","11":"product_cat-pazeistiems-plaukams","12":"product_cat-ploniems-slenkantiems-plaukams","13":"product_cat-sausiems-plaukams","14":"product_cat-sviesintiems-plaukams","15":"product_cat-serumas","17":"first","18":"instock","19":"shipping-taxable","20":"purchasable","21":"product-type-simple"},"_links":{"self":[{"href":"https:\/\/nextglow.lt\/en\/wp-json\/wp\/v2\/product\/3113","targetHints":{"allow":["GET"]}}],"collection":[{"href":"https:\/\/nextglow.lt\/en\/wp-json\/wp\/v2\/product"}],"about":[{"href":"https:\/\/nextglow.lt\/en\/wp-json\/wp\/v2\/types\/product"}],"replies":[{"embeddable":true,"href":"https:\/\/nextglow.lt\/en\/wp-json\/wp\/v2\/comments?post=3113"}],"wp:featuredmedia":[{"embeddable":true,"href":"https:\/\/nextglow.lt\/en\/wp-json\/wp\/v2\/media\/3114"}],"wp:attachment":[{"href":"https:\/\/nextglow.lt\/en\/wp-json\/wp\/v2\/media?parent=3113"}],"wp:term":[{"taxonomy":"product_cat","embeddable":true,"href":"https:\/\/nextglow.lt\/en\/wp-json\/wp\/v2\/product_cat?post=3113"},{"taxonomy":"product_tag","embeddable":true,"href":"https:\/\/nextglow.lt\/en\/wp-json\/wp\/v2\/product_tag?post=3113"}],"curies":[{"name":"wp","href":"https:\/\/api.w.org\/{rel}","templated":true}]}}