{"id":3115,"date":"2024-02-10T01:35:42","date_gmt":"2024-02-09T23:35:42","guid":{"rendered":"https:\/\/nextglow.lt\/?post_type=product&#038;p=3115"},"modified":"2024-03-08T22:49:45","modified_gmt":"2024-03-08T20:49:45","slug":"cristalli-spray-purskiamas-aliejukas-125ml","status":"publish","type":"product","link":"https:\/\/nextglow.lt\/en\/produktas\/cristalli-spray-purskiamas-aliejukas-125ml\/","title":{"rendered":"Cristalli Spray &#8211; Pur\u0161kiamas aliejukas 125ml"},"content":{"rendered":"","protected":false},"excerpt":{"rendered":"<p>Pur\u0161kiamas aliejukas suteikiantis blizgesio u\u017ebaigiant \u0161ukuosen\u0105, tiesinim\u0105 ar garbanojim\u0105.<\/p>\n","protected":false},"featured_media":3116,"comment_status":"open","ping_status":"closed","template":"","meta":[],"product_cat":[72,91,147,105],"product_tag":[],"class_list":{"0":"post-3115","1":"product","2":"type-product","3":"status-publish","4":"has-post-thumbnail","6":"product_cat-plaukams","7":"product_cat-aliejukas","8":"product_cat-kasdieniniam-naudojimui","9":"product_cat-plauku-formavimo-priemones","11":"first","12":"instock","13":"shipping-taxable","14":"purchasable","15":"product-type-simple"},"_links":{"self":[{"href":"https:\/\/nextglow.lt\/en\/wp-json\/wp\/v2\/product\/3115","targetHints":{"allow":["GET"]}}],"collection":[{"href":"https:\/\/nextglow.lt\/en\/wp-json\/wp\/v2\/product"}],"about":[{"href":"https:\/\/nextglow.lt\/en\/wp-json\/wp\/v2\/types\/product"}],"replies":[{"embeddable":true,"href":"https:\/\/nextglow.lt\/en\/wp-json\/wp\/v2\/comments?post=3115"}],"wp:featuredmedia":[{"embeddable":true,"href":"https:\/\/nextglow.lt\/en\/wp-json\/wp\/v2\/media\/3116"}],"wp:attachment":[{"href":"https:\/\/nextglow.lt\/en\/wp-json\/wp\/v2\/media?parent=3115"}],"wp:term":[{"taxonomy":"product_cat","embeddable":true,"href":"https:\/\/nextglow.lt\/en\/wp-json\/wp\/v2\/product_cat?post=3115"},{"taxonomy":"product_tag","embeddable":true,"href":"https:\/\/nextglow.lt\/en\/wp-json\/wp\/v2\/product_tag?post=3115"}],"curies":[{"name":"wp","href":"https:\/\/api.w.org\/{rel}","templated":true}]}}