{"id":3123,"date":"2024-02-10T01:47:37","date_gmt":"2024-02-09T23:47:37","guid":{"rendered":"https:\/\/nextglow.lt\/?post_type=product&#038;p=3123"},"modified":"2024-12-29T15:36:51","modified_gmt":"2024-12-29T13:36:51","slug":"sublime-water-kvapusis-vanduo","status":"publish","type":"product","link":"https:\/\/nextglow.lt\/en\/produktas\/sublime-water-kvapusis-vanduo\/","title":{"rendered":"Sublime Water &#8211; Kvapusis vanduo"},"content":{"rendered":"","protected":false},"excerpt":{"rendered":"<p>Kvapus vanduo k\u016bnui ir plaukams. Ro\u017ei\u0173, bi\u010di\u0173 va\u0161ko ir Ylan Ylan (Kvapioji Kananga) derinys sukuria subtil\u0173 kvap\u0105, kuriuo m\u0117gautis galima kiekvien\u0105 dien\u0105. Taip pat sud\u0117tyje esantis URBAN DEFENCE PRO kompleksas apsaugo j\u016bs\u0173 plauko pluo\u0161t\u0105 nuo neigiamo aplinkos poveikio.<\/p>\n","protected":false},"featured_media":3124,"comment_status":"open","ping_status":"closed","template":"","meta":[],"product_cat":[255,75],"product_tag":[],"class_list":{"0":"post-3123","1":"product","2":"type-product","3":"status-publish","4":"has-post-thumbnail","6":"product_cat-kunui-2","7":"product_cat-kvapai","9":"first","10":"instock","11":"shipping-taxable","12":"purchasable","13":"product-type-simple"},"_links":{"self":[{"href":"https:\/\/nextglow.lt\/en\/wp-json\/wp\/v2\/product\/3123","targetHints":{"allow":["GET"]}}],"collection":[{"href":"https:\/\/nextglow.lt\/en\/wp-json\/wp\/v2\/product"}],"about":[{"href":"https:\/\/nextglow.lt\/en\/wp-json\/wp\/v2\/types\/product"}],"replies":[{"embeddable":true,"href":"https:\/\/nextglow.lt\/en\/wp-json\/wp\/v2\/comments?post=3123"}],"wp:featuredmedia":[{"embeddable":true,"href":"https:\/\/nextglow.lt\/en\/wp-json\/wp\/v2\/media\/3124"}],"wp:attachment":[{"href":"https:\/\/nextglow.lt\/en\/wp-json\/wp\/v2\/media?parent=3123"}],"wp:term":[{"taxonomy":"product_cat","embeddable":true,"href":"https:\/\/nextglow.lt\/en\/wp-json\/wp\/v2\/product_cat?post=3123"},{"taxonomy":"product_tag","embeddable":true,"href":"https:\/\/nextglow.lt\/en\/wp-json\/wp\/v2\/product_tag?post=3123"}],"curies":[{"name":"wp","href":"https:\/\/api.w.org\/{rel}","templated":true}]}}