{"id":3206,"date":"2024-02-10T16:53:25","date_gmt":"2024-02-10T14:53:25","guid":{"rendered":"https:\/\/nextglow.lt\/?post_type=product&#038;p=3206"},"modified":"2024-03-10T16:44:34","modified_gmt":"2024-03-10T14:44:34","slug":"atkuriamasis-ir-nuo-karscio-apsaugantis-plauku-purskiklis","status":"publish","type":"product","link":"https:\/\/nextglow.lt\/en\/produktas\/atkuriamasis-ir-nuo-karscio-apsaugantis-plauku-purskiklis\/","title":{"rendered":"Alternos Atkuriamasis ir nuo kar\u0161\u010dio apsaugantis plauk\u0173 pur\u0161kiklis"},"content":{"rendered":"<p>Pagrindiniai privalumai:<\/p>\n<ul>\n<li>suma\u017eina plauk\u0173 l\u016b\u017ein\u0117jim\u0105 iki 99 proc. (palyginti su nepri\u017ei\u016brimais plaukais),<\/li>\n<li>apsaugo plaukus nuo kar\u0161\u010dio iki 232 \u00b0C temperat\u016bros,<\/li>\n<li>atkuria ir glotnina plauk\u0173 kutikulas.<\/li>\n<\/ul>\n<p>Ingredientai:<\/p>\n<h6>WATER\/AQUA\/EAU, DIMETHICONE, PROPANEDIOL, CETYL ALCOHOL, DICAPRYLYL ETHER, STEARYL ALCOHOL, HYDROGENATED CASTOR OIL\/SEBACIC ACID COPOLYMER, PEG-40 HYDROGENATED CASTOR OIL, BENZYL ALCOHOL, PARFUM\/FRAGRANCE, GLYCERYL STEARATE, PEG-100 STEARATE, VP\/VA COPOLY<\/h6>\n","protected":false},"excerpt":{"rendered":"<p>Nuo kar\u0161\u010dio apsaugantis pur\u0161kiklis su vitamin\u0173 kompleksu ir Caviar Bond Enforcing technologija giliai \u012fsigeria \u012f plaukus, apsaugo juos nuo kar\u0161\u010dio poveikio, stiprina ir glotnina. Padengia plaukus apsauginiu sluoksniu, kuris neleid\u017eia plaukams l\u016b\u017ein\u0117ti ir veltis. Plaukai tampa mink\u0161ti, lengviau \u0161ukuojami ir formuojami.<\/p>\n<p>&nbsp;<\/p>\n","protected":false},"featured_media":3213,"comment_status":"open","ping_status":"closed","template":"","meta":[],"product_cat":[72,145,139,138,147,136,140,135,137,141,90],"product_tag":[],"class_list":{"0":"post-3206","1":"product","2":"type-product","3":"status-publish","4":"has-post-thumbnail","6":"product_cat-plaukams","7":"product_cat-besipuciantiems-siurkstiems-plaukams","8":"product_cat-dazytiems-plaukams","9":"product_cat-garbanotiems-plaukams","10":"product_cat-kasdieniniam-naudojimui","11":"product_cat-pazeistiems-plaukams","12":"product_cat-pleiskanojanciai-jautriai-riebiai-galvos-odai","13":"product_cat-ploniems-slenkantiems-plaukams","14":"product_cat-sausiems-plaukams","15":"product_cat-sviesintiems-plaukams","16":"product_cat-serumas","18":"first","19":"instock","20":"shipping-taxable","21":"purchasable","22":"product-type-simple"},"_links":{"self":[{"href":"https:\/\/nextglow.lt\/en\/wp-json\/wp\/v2\/product\/3206","targetHints":{"allow":["GET"]}}],"collection":[{"href":"https:\/\/nextglow.lt\/en\/wp-json\/wp\/v2\/product"}],"about":[{"href":"https:\/\/nextglow.lt\/en\/wp-json\/wp\/v2\/types\/product"}],"replies":[{"embeddable":true,"href":"https:\/\/nextglow.lt\/en\/wp-json\/wp\/v2\/comments?post=3206"}],"wp:featuredmedia":[{"embeddable":true,"href":"https:\/\/nextglow.lt\/en\/wp-json\/wp\/v2\/media\/3213"}],"wp:attachment":[{"href":"https:\/\/nextglow.lt\/en\/wp-json\/wp\/v2\/media?parent=3206"}],"wp:term":[{"taxonomy":"product_cat","embeddable":true,"href":"https:\/\/nextglow.lt\/en\/wp-json\/wp\/v2\/product_cat?post=3206"},{"taxonomy":"product_tag","embeddable":true,"href":"https:\/\/nextglow.lt\/en\/wp-json\/wp\/v2\/product_tag?post=3206"}],"curies":[{"name":"wp","href":"https:\/\/api.w.org\/{rel}","templated":true}]}}