{"id":3246,"date":"2024-02-10T17:43:52","date_gmt":"2024-02-10T15:43:52","guid":{"rendered":"https:\/\/nextglow.lt\/?post_type=product&#038;p=3246"},"modified":"2024-03-08T22:53:21","modified_gmt":"2024-03-08T20:53:21","slug":"sdl-curls-multi-benefit-oil-daugiafunkcinis-aliejukas-100ml","status":"publish","type":"product","link":"https:\/\/nextglow.lt\/en\/produktas\/sdl-curls-multi-benefit-oil-daugiafunkcinis-aliejukas-100ml\/","title":{"rendered":"SDL Curls Multi-benefit oil \u2013 Daugiafunkcinis aliejukas 100ml"},"content":{"rendered":"","protected":false},"excerpt":{"rendered":"<section class=\"page-product-box page-product-about\">\n<div class=\"rte\">Naujausia Semi Di Lino Curls linija sukurta atskleisti garbanot\u0173 ar banguot\u0173 plauk\u0173 maksimal\u0173 gro\u017e\u012f. Giliai maitina plaukus, neleid\u017eia jiems veltis ir \u0161iau\u0161tis. Plaukai tampa lengvai kontroliuojami ir apsaugoti nuo dr\u0117gm\u0117s skirtum\u0173 ar oro ir temprat\u016br\u0173 poky\u010di\u0173. Sud\u0117tyje rasite jau gerai \u017einomus Urban Defence Pro, kuris apsaugo nuo neigiamo aplinkos poveikio. Shine Fix kompleks\u0105, kuris i\u0161laiko nuostab\u0173 plauk\u0173 \u017evilges\u012f nuo \u0161akn\u0173 iki galiuk\u0173, bei Color Fix kompleks\u0105 su UV filtru apsaugan\u010diu plauk\u0173 spalv\u0105. Naujausias Ingredientas: Manketi aliejus, maitinantis plauko pluo\u0161t\u0105, suteikiantis elastingumo, \u0161velnumo garbanotiems ar banguotiems plaukams, taip pat neleid\u017eia plaukams veltis, tad jie tampa lengviau kontroliuojami.<\/div>\n<\/section>\n","protected":false},"featured_media":3248,"comment_status":"open","ping_status":"closed","template":"","meta":[],"product_cat":[72,91,145,139,138,147,136,137],"product_tag":[],"class_list":{"0":"post-3246","1":"product","2":"type-product","3":"status-publish","4":"has-post-thumbnail","6":"product_cat-plaukams","7":"product_cat-aliejukas","8":"product_cat-besipuciantiems-siurkstiems-plaukams","9":"product_cat-dazytiems-plaukams","10":"product_cat-garbanotiems-plaukams","11":"product_cat-kasdieniniam-naudojimui","12":"product_cat-pazeistiems-plaukams","13":"product_cat-sausiems-plaukams","15":"first","16":"instock","17":"shipping-taxable","18":"purchasable","19":"product-type-simple"},"_links":{"self":[{"href":"https:\/\/nextglow.lt\/en\/wp-json\/wp\/v2\/product\/3246","targetHints":{"allow":["GET"]}}],"collection":[{"href":"https:\/\/nextglow.lt\/en\/wp-json\/wp\/v2\/product"}],"about":[{"href":"https:\/\/nextglow.lt\/en\/wp-json\/wp\/v2\/types\/product"}],"replies":[{"embeddable":true,"href":"https:\/\/nextglow.lt\/en\/wp-json\/wp\/v2\/comments?post=3246"}],"wp:featuredmedia":[{"embeddable":true,"href":"https:\/\/nextglow.lt\/en\/wp-json\/wp\/v2\/media\/3248"}],"wp:attachment":[{"href":"https:\/\/nextglow.lt\/en\/wp-json\/wp\/v2\/media?parent=3246"}],"wp:term":[{"taxonomy":"product_cat","embeddable":true,"href":"https:\/\/nextglow.lt\/en\/wp-json\/wp\/v2\/product_cat?post=3246"},{"taxonomy":"product_tag","embeddable":true,"href":"https:\/\/nextglow.lt\/en\/wp-json\/wp\/v2\/product_tag?post=3246"}],"curies":[{"name":"wp","href":"https:\/\/api.w.org\/{rel}","templated":true}]}}