{"id":3266,"date":"2024-02-10T17:55:38","date_gmt":"2024-02-10T15:55:38","guid":{"rendered":"https:\/\/nextglow.lt\/?post_type=product&#038;p=3266"},"modified":"2024-02-16T22:15:08","modified_gmt":"2024-02-16T20:15:08","slug":"sdl-smooth-cream-glotninantis-kremas-siurkstiems-besipuciantiems-plaukams-125ml","status":"publish","type":"product","link":"https:\/\/nextglow.lt\/en\/produktas\/sdl-smooth-cream-glotninantis-kremas-siurkstiems-besipuciantiems-plaukams-125ml\/","title":{"rendered":"Glotninantis kremas \u0161iurk\u0161tiems, besipu\u010diantiems plaukams 125ml"},"content":{"rendered":"","protected":false},"excerpt":{"rendered":"<p>Smoothing Cream Glotninantis kremas \u0161iurk\u0161tiems, besipu\u010diantiems plaukams, kuris palengvina plauk\u0173 i\u0161\u0161ukavim\u0105 ir suteikia apsaug\u0105 naudojant kar\u0161tus formavimo \u012frankius iki 230C.<\/p>\n","protected":false},"featured_media":3267,"comment_status":"open","ping_status":"closed","template":"","meta":[],"product_cat":[72,126],"product_tag":[],"class_list":{"0":"post-3266","1":"product","2":"type-product","3":"status-publish","4":"has-post-thumbnail","6":"product_cat-plaukams","7":"product_cat-fluidas-purskiklis-plaukams","9":"first","10":"instock","11":"shipping-taxable","12":"purchasable","13":"product-type-simple"},"_links":{"self":[{"href":"https:\/\/nextglow.lt\/en\/wp-json\/wp\/v2\/product\/3266","targetHints":{"allow":["GET"]}}],"collection":[{"href":"https:\/\/nextglow.lt\/en\/wp-json\/wp\/v2\/product"}],"about":[{"href":"https:\/\/nextglow.lt\/en\/wp-json\/wp\/v2\/types\/product"}],"replies":[{"embeddable":true,"href":"https:\/\/nextglow.lt\/en\/wp-json\/wp\/v2\/comments?post=3266"}],"wp:featuredmedia":[{"embeddable":true,"href":"https:\/\/nextglow.lt\/en\/wp-json\/wp\/v2\/media\/3267"}],"wp:attachment":[{"href":"https:\/\/nextglow.lt\/en\/wp-json\/wp\/v2\/media?parent=3266"}],"wp:term":[{"taxonomy":"product_cat","embeddable":true,"href":"https:\/\/nextglow.lt\/en\/wp-json\/wp\/v2\/product_cat?post=3266"},{"taxonomy":"product_tag","embeddable":true,"href":"https:\/\/nextglow.lt\/en\/wp-json\/wp\/v2\/product_tag?post=3266"}],"curies":[{"name":"wp","href":"https:\/\/api.w.org\/{rel}","templated":true}]}}