{"id":3282,"date":"2024-02-10T18:18:55","date_gmt":"2024-02-10T16:18:55","guid":{"rendered":"https:\/\/nextglow.lt\/?post_type=product&#038;p=3282"},"modified":"2024-03-08T22:54:08","modified_gmt":"2024-03-08T20:54:08","slug":"sdl-smooth-oil-glotninantis-aliejukas-100ml","status":"publish","type":"product","link":"https:\/\/nextglow.lt\/en\/produktas\/sdl-smooth-oil-glotninantis-aliejukas-100ml\/","title":{"rendered":"SDL Smooth Oil \u2013 Glotninantis aliejukas 100ml"},"content":{"rendered":"","protected":false},"excerpt":{"rendered":"<section class=\"page-product-box page-product-about\">\n<div class=\"rte\">Glotninantis aliejukas, kuris suteikia lengv\u0105 plauk\u0173 kontrol\u0119 ir nuostab\u0173 \u017evilges\u012f. Aktyvus ingredientas Climate-Proof suformuoja apsaugin\u012f barjer\u0105 prie\u0161 i\u0161orin\u0117s dr\u0117gm\u0117s poky\u010dius i\u0161laikydamas optimal\u0173 plauk\u0173 maitinim\u0105. Fizz Defeat proteinas apsaugo ir atstato besivelian\u010dius plaukus, kurie tampa mink\u0161ti ir paklusn\u016bs.<\/div>\n<\/section>\n","protected":false},"featured_media":3283,"comment_status":"open","ping_status":"closed","template":"","meta":[],"product_cat":[72,91,145],"product_tag":[],"class_list":{"0":"post-3282","1":"product","2":"type-product","3":"status-publish","4":"has-post-thumbnail","6":"product_cat-plaukams","7":"product_cat-aliejukas","8":"product_cat-besipuciantiems-siurkstiems-plaukams","10":"first","11":"instock","12":"shipping-taxable","13":"purchasable","14":"product-type-simple"},"_links":{"self":[{"href":"https:\/\/nextglow.lt\/en\/wp-json\/wp\/v2\/product\/3282","targetHints":{"allow":["GET"]}}],"collection":[{"href":"https:\/\/nextglow.lt\/en\/wp-json\/wp\/v2\/product"}],"about":[{"href":"https:\/\/nextglow.lt\/en\/wp-json\/wp\/v2\/types\/product"}],"replies":[{"embeddable":true,"href":"https:\/\/nextglow.lt\/en\/wp-json\/wp\/v2\/comments?post=3282"}],"wp:featuredmedia":[{"embeddable":true,"href":"https:\/\/nextglow.lt\/en\/wp-json\/wp\/v2\/media\/3283"}],"wp:attachment":[{"href":"https:\/\/nextglow.lt\/en\/wp-json\/wp\/v2\/media?parent=3282"}],"wp:term":[{"taxonomy":"product_cat","embeddable":true,"href":"https:\/\/nextglow.lt\/en\/wp-json\/wp\/v2\/product_cat?post=3282"},{"taxonomy":"product_tag","embeddable":true,"href":"https:\/\/nextglow.lt\/en\/wp-json\/wp\/v2\/product_tag?post=3282"}],"curies":[{"name":"wp","href":"https:\/\/api.w.org\/{rel}","templated":true}]}}