{"id":3834,"date":"2024-02-10T21:51:56","date_gmt":"2024-02-10T19:51:56","guid":{"rendered":"https:\/\/nextglow.lt\/?post_type=product&#038;p=3834"},"modified":"2024-02-10T21:51:56","modified_gmt":"2024-02-10T19:51:56","slug":"defining-wax-vidutines-fiksacijos-vaskas-75ml","status":"publish","type":"product","link":"https:\/\/nextglow.lt\/en\/produktas\/defining-wax-vidutines-fiksacijos-vaskas-75ml\/","title":{"rendered":"Defining Wax &#8211; Vidutin\u0117s fiksacijos va\u0161kas 75ml"},"content":{"rendered":"","protected":false},"excerpt":{"rendered":"<p>Mink\u0161tos tekst\u016bros va\u0161kas \u012fvairiam plauk\u0173 formavimui. Puikiai tinka i\u0161ry\u0161kinti \u012fvairias stiliaus detales.<\/p>\n","protected":false},"featured_media":3847,"comment_status":"open","ping_status":"closed","template":"","meta":[],"product_cat":[72,105],"product_tag":[],"class_list":{"0":"post-3834","1":"product","2":"type-product","3":"status-publish","4":"has-post-thumbnail","6":"product_cat-plaukams","7":"product_cat-plauku-formavimo-priemones","9":"first","10":"instock","11":"shipping-taxable","12":"purchasable","13":"product-type-simple"},"_links":{"self":[{"href":"https:\/\/nextglow.lt\/en\/wp-json\/wp\/v2\/product\/3834","targetHints":{"allow":["GET"]}}],"collection":[{"href":"https:\/\/nextglow.lt\/en\/wp-json\/wp\/v2\/product"}],"about":[{"href":"https:\/\/nextglow.lt\/en\/wp-json\/wp\/v2\/types\/product"}],"replies":[{"embeddable":true,"href":"https:\/\/nextglow.lt\/en\/wp-json\/wp\/v2\/comments?post=3834"}],"wp:featuredmedia":[{"embeddable":true,"href":"https:\/\/nextglow.lt\/en\/wp-json\/wp\/v2\/media\/3847"}],"wp:attachment":[{"href":"https:\/\/nextglow.lt\/en\/wp-json\/wp\/v2\/media?parent=3834"}],"wp:term":[{"taxonomy":"product_cat","embeddable":true,"href":"https:\/\/nextglow.lt\/en\/wp-json\/wp\/v2\/product_cat?post=3834"},{"taxonomy":"product_tag","embeddable":true,"href":"https:\/\/nextglow.lt\/en\/wp-json\/wp\/v2\/product_tag?post=3834"}],"curies":[{"name":"wp","href":"https:\/\/api.w.org\/{rel}","templated":true}]}}